{"id":16465,"date":"2024-03-14T14:18:52","date_gmt":"2024-03-14T13:18:52","guid":{"rendered":"http:\/\/delikatesy.wineport.pl\/?product=grappa-via-roma-brunello-0-7l"},"modified":"2026-05-10T19:47:09","modified_gmt":"2026-05-10T17:47:09","slug":"grappa-via-roma-brunello-0-7l","status":"publish","type":"product","link":"http:\/\/delikatesy.wineport.pl\/?product=grappa-via-roma-brunello-0-7l","title":{"rendered":"GRAPPA VIA ROMA BRUNELLO 0.7l"},"content":{"rendered":"<div class=\"c-product__details c-text\" style=\"font-size: 1.4rem; font-family: Helvetica, Tahoma, sans-serif;\">\n<p><span class=\"h-ws-nw\">Kraj: W\u0142ochy<\/span>\u00a0<span class=\"h-ws-nw\">Producent:\u00a0<a href=\"https:\/\/wina-mp.pl\/producent\/zanin\">Zanin<\/a>\u00a0<\/span>\u00a0<span class=\"h-ws-nw\">Smak: S\u0142odkie<\/span>\u00a0<span class=\"h-ws-nw\">Poj.: 0.7<\/span>\u00a0<span class=\"h-ws-nw\">Zaw. Alk. %: 40.0<\/span><\/p>\n<\/p><\/div>\n<div class=\"c-product__desc c-text c-text--lh\" style=\"font-size: 1.4rem; font-family: Helvetica, Tahoma, sans-serif;\">\n<p>Grappa Brunello to destylat z wyt\u0142oczyn winogron u\u017cywanych do wytworzenia wina Brunello. Grappa starzona jest przez co najmniej 18 miesi\u0119cy w beczkach ze slawo\u0144skiego d\u0119bu. Bursztynowy kolor ze z\u0142otawymi przeb\u0142yskami. Aromat intensywny, winny. W smaku jest delikatna, uwalnia nuty drewna oraz akcenty korzenne. Najlepiej serwowa\u0107 bez dodatk\u00f3w, w temperaturze oko\u0142o 16 do 18\u00b0C.<\/p>\n<\/p><\/div>\n","protected":false},"excerpt":{"rendered":"<div class=\"c-product__details c-text\" style=\"font-size: 1.4rem; font-family: Helvetica, Tahoma, sans-serif;\">\n<p><span class=\"h-ws-nw\">Kraj: W\u0142ochy<\/span>\u00a0<span class=\"h-ws-nw\">Producent:\u00a0<a href=\"https:\/\/wina-mp.pl\/producent\/zanin\">Zanin<\/a>\u00a0<\/span>\u00a0<span class=\"h-ws-nw\">Smak: S\u0142odkie<\/span>\u00a0<span class=\"h-ws-nw\">Poj.: 0.7<\/span>\u00a0<span class=\"h-ws-nw\">Zaw. Alk. %: 40.0<\/span><\/p>\n<\/p><\/div>\n<div class=\"c-product__desc c-text c-text--lh\" style=\"font-size: 1.4rem; font-family: Helvetica, Tahoma, sans-serif;\">\n<p>Grappa Brunello to destylat z wyt\u0142oczyn winogron u\u017cywanych do wytworzenia wina Brunello. Grappa starzona jest przez co najmniej 18 miesi\u0119cy w beczkach ze slawo\u0144skiego d\u0119bu. Bursztynowy kolor ze z\u0142otawymi przeb\u0142yskami. Aromat intensywny, winny. W smaku jest delikatna, uwalnia nuty drewna oraz akcenty korzenne. Najlepiej serwowa\u0107 bez dodatk\u00f3w, w temperaturze oko\u0142o 16 do 18\u00b0C.<\/p>\n<\/p><\/div>\n","protected":false},"featured_media":16464,"comment_status":"open","ping_status":"closed","template":"","meta":[],"product_cat":[142,209],"product_tag":[],"class_list":{"0":"post-16465","1":"product","2":"type-product","3":"status-publish","4":"has-post-thumbnail","6":"product_cat-alkohole-mocne","7":"product_cat-grappa","9":"first","10":"instock","11":"shipping-taxable","12":"purchasable","13":"product-type-simple"},"_links":{"self":[{"href":"http:\/\/delikatesy.wineport.pl\/index.php?rest_route=\/wp\/v2\/product\/16465","targetHints":{"allow":["GET"]}}],"collection":[{"href":"http:\/\/delikatesy.wineport.pl\/index.php?rest_route=\/wp\/v2\/product"}],"about":[{"href":"http:\/\/delikatesy.wineport.pl\/index.php?rest_route=\/wp\/v2\/types\/product"}],"replies":[{"embeddable":true,"href":"http:\/\/delikatesy.wineport.pl\/index.php?rest_route=%2Fwp%2Fv2%2Fcomments&post=16465"}],"wp:featuredmedia":[{"embeddable":true,"href":"http:\/\/delikatesy.wineport.pl\/index.php?rest_route=\/wp\/v2\/media\/16464"}],"wp:attachment":[{"href":"http:\/\/delikatesy.wineport.pl\/index.php?rest_route=%2Fwp%2Fv2%2Fmedia&parent=16465"}],"wp:term":[{"taxonomy":"product_cat","embeddable":true,"href":"http:\/\/delikatesy.wineport.pl\/index.php?rest_route=%2Fwp%2Fv2%2Fproduct_cat&post=16465"},{"taxonomy":"product_tag","embeddable":true,"href":"http:\/\/delikatesy.wineport.pl\/index.php?rest_route=%2Fwp%2Fv2%2Fproduct_tag&post=16465"}],"curies":[{"name":"wp","href":"https:\/\/api.w.org\/{rel}","templated":true}]}}