{"id":16467,"date":"2024-03-14T14:18:53","date_gmt":"2024-03-14T13:18:53","guid":{"rendered":"http:\/\/delikatesy.wineport.pl\/?product=grappa-via-roma-duva-distillat-0-7l"},"modified":"2026-05-10T19:47:10","modified_gmt":"2026-05-10T17:47:10","slug":"grappa-via-roma-duva-distillat-0-7l","status":"publish","type":"product","link":"http:\/\/delikatesy.wineport.pl\/?product=grappa-via-roma-duva-distillat-0-7l","title":{"rendered":"GRAPPA VIA ROMA D&#8217;UVA DISTILLAT 0.7l"},"content":{"rendered":"<p><span style=\"color: #3b3b3b; font-size: 15px; font-family: Roboto, sans-serif;\">Distillato d\u2019Uva to szlachetny destylat z przefermentowanego winnego moszczu. Pi\u0119kny krystaliczny kolor i delikatny kwiatowy aromat. Destylat ten jest elegancki, delikatny i \u015bwie\u017cy w smaku, przywo\u0142uje na my\u015bl smak winogron, z kt\u00f3rych zosta\u0142 zrobiony. Serwowa\u0107 bez dodatk\u00f3w, w temperaturze nieprzekraczaj\u0105cej 18\u00b0C.<\/span><\/p>\n","protected":false},"excerpt":{"rendered":"<p><span style=\"color: #3b3b3b; font-size: 15px; font-family: Roboto, sans-serif;\">Distillato d\u2019Uva to szlachetny destylat z przefermentowanego winnego moszczu. Pi\u0119kny krystaliczny kolor i delikatny kwiatowy aromat. Destylat ten jest elegancki, delikatny i \u015bwie\u017cy w smaku, przywo\u0142uje na my\u015bl smak winogron, z kt\u00f3rych zosta\u0142 zrobiony. Serwowa\u0107 bez dodatk\u00f3w, w temperaturze nieprzekraczaj\u0105cej 18\u00b0C.<\/span><\/p>\n","protected":false},"featured_media":16466,"comment_status":"open","ping_status":"closed","template":"","meta":[],"product_cat":[142,209],"product_tag":[],"class_list":{"0":"post-16467","1":"product","2":"type-product","3":"status-publish","4":"has-post-thumbnail","6":"product_cat-alkohole-mocne","7":"product_cat-grappa","9":"first","10":"instock","11":"shipping-taxable","12":"purchasable","13":"product-type-simple"},"_links":{"self":[{"href":"http:\/\/delikatesy.wineport.pl\/index.php?rest_route=\/wp\/v2\/product\/16467","targetHints":{"allow":["GET"]}}],"collection":[{"href":"http:\/\/delikatesy.wineport.pl\/index.php?rest_route=\/wp\/v2\/product"}],"about":[{"href":"http:\/\/delikatesy.wineport.pl\/index.php?rest_route=\/wp\/v2\/types\/product"}],"replies":[{"embeddable":true,"href":"http:\/\/delikatesy.wineport.pl\/index.php?rest_route=%2Fwp%2Fv2%2Fcomments&post=16467"}],"wp:featuredmedia":[{"embeddable":true,"href":"http:\/\/delikatesy.wineport.pl\/index.php?rest_route=\/wp\/v2\/media\/16466"}],"wp:attachment":[{"href":"http:\/\/delikatesy.wineport.pl\/index.php?rest_route=%2Fwp%2Fv2%2Fmedia&parent=16467"}],"wp:term":[{"taxonomy":"product_cat","embeddable":true,"href":"http:\/\/delikatesy.wineport.pl\/index.php?rest_route=%2Fwp%2Fv2%2Fproduct_cat&post=16467"},{"taxonomy":"product_tag","embeddable":true,"href":"http:\/\/delikatesy.wineport.pl\/index.php?rest_route=%2Fwp%2Fv2%2Fproduct_tag&post=16467"}],"curies":[{"name":"wp","href":"https:\/\/api.w.org\/{rel}","templated":true}]}}