{"id":16471,"date":"2024-03-14T14:18:53","date_gmt":"2024-03-14T13:18:53","guid":{"rendered":"http:\/\/delikatesy.wineport.pl\/?product=tajon-bevanda-0-7l"},"modified":"2026-05-10T19:47:10","modified_gmt":"2026-05-10T17:47:10","slug":"tajon-bevanda-0-7l","status":"publish","type":"product","link":"http:\/\/delikatesy.wineport.pl\/?product=tajon-bevanda-0-7l","title":{"rendered":"TAJON BEVANDA 0.7l"},"content":{"rendered":"<div class=\"c-product__details c-text\" style=\"font-size: 1.4rem; font-family: Helvetica, Tahoma, sans-serif;\">\n<p><span class=\"h-ws-nw\">Kraj: W\u0142ochy<\/span>\u00a0<span class=\"h-ws-nw\">Producent:\u00a0<a href=\"https:\/\/wina-mp.pl\/producent\/zanin\">Zanin<\/a>\u00a0<\/span>\u00a0<span class=\"h-ws-nw\">Smak: Wytrawne<\/span>\u00a0<span class=\"h-ws-nw\">Poj.: 0.7<\/span>\u00a0<span class=\"h-ws-nw\">Zaw. Alk. %: 40.0<\/span><\/p>\n<\/p><\/div>\n<div class=\"c-product__desc c-text c-text--lh\" style=\"font-size: 1.4rem; font-family: Helvetica, Tahoma, sans-serif;\">\n<p>S\u0142owo tajon pochodzi z dialektu u\u017cywanego we w\u0142oskim regionie Veneto (Wenecja Euganejska) i wskazuje na lokalne pochodzenie produktu. Trunek sporz\u0105dzany jest wed\u0142ug specjalnej receptury \u0142\u0105cz\u0105cej wyselekcjonowane, starzone grappy i brandy. Stworzenie tej kompozycji wymaga\u0142o imponuj\u0105cej wiedzy eksperckiej i du\u017cej cierpliwo\u015bci, ale w ich wyniku mamy trunek wyj\u0105tkowy: \u0142agodny, wr\u0119cz aksamitny, o delikatnych aromatach winnych, z nutami drewna i rodzynek. Najlepiej serwowa\u0107 bez dodatk\u00f3w, w temperaturze oko\u0142o 16 do 18\u00b0C, w szerokich szklankach idealnie uwalniaj\u0105cych ciekawe aromaty.<\/p>\n<\/p><\/div>\n","protected":false},"excerpt":{"rendered":"<div class=\"c-product__details c-text\" style=\"font-size: 1.4rem; font-family: Helvetica, Tahoma, sans-serif;\">\n<p><span class=\"h-ws-nw\">Kraj: W\u0142ochy<\/span>\u00a0<span class=\"h-ws-nw\">Producent:\u00a0<a href=\"https:\/\/wina-mp.pl\/producent\/zanin\">Zanin<\/a>\u00a0<\/span>\u00a0<span class=\"h-ws-nw\">Smak: Wytrawne<\/span>\u00a0<span class=\"h-ws-nw\">Poj.: 0.7<\/span>\u00a0<span class=\"h-ws-nw\">Zaw. Alk. %: 40.0<\/span><\/p>\n<\/p><\/div>\n<div class=\"c-product__desc c-text c-text--lh\" style=\"font-size: 1.4rem; font-family: Helvetica, Tahoma, sans-serif;\">\n<p>S\u0142owo tajon pochodzi z dialektu u\u017cywanego we w\u0142oskim regionie Veneto (Wenecja Euganejska) i wskazuje na lokalne pochodzenie produktu. Trunek sporz\u0105dzany jest wed\u0142ug specjalnej receptury \u0142\u0105cz\u0105cej wyselekcjonowane, starzone grappy i brandy. Stworzenie tej kompozycji wymaga\u0142o imponuj\u0105cej wiedzy eksperckiej i du\u017cej cierpliwo\u015bci, ale w ich wyniku mamy trunek wyj\u0105tkowy: \u0142agodny, wr\u0119cz aksamitny, o delikatnych aromatach winnych, z nutami drewna i rodzynek. Najlepiej serwowa\u0107 bez dodatk\u00f3w, w temperaturze oko\u0142o 16 do 18\u00b0C, w szerokich szklankach idealnie uwalniaj\u0105cych ciekawe aromaty.<\/p>\n<\/p><\/div>\n","protected":false},"featured_media":16470,"comment_status":"open","ping_status":"closed","template":"","meta":[],"product_cat":[142,209],"product_tag":[],"class_list":{"0":"post-16471","1":"product","2":"type-product","3":"status-publish","4":"has-post-thumbnail","6":"product_cat-alkohole-mocne","7":"product_cat-grappa","9":"first","10":"instock","11":"shipping-taxable","12":"purchasable","13":"product-type-simple"},"_links":{"self":[{"href":"http:\/\/delikatesy.wineport.pl\/index.php?rest_route=\/wp\/v2\/product\/16471","targetHints":{"allow":["GET"]}}],"collection":[{"href":"http:\/\/delikatesy.wineport.pl\/index.php?rest_route=\/wp\/v2\/product"}],"about":[{"href":"http:\/\/delikatesy.wineport.pl\/index.php?rest_route=\/wp\/v2\/types\/product"}],"replies":[{"embeddable":true,"href":"http:\/\/delikatesy.wineport.pl\/index.php?rest_route=%2Fwp%2Fv2%2Fcomments&post=16471"}],"wp:featuredmedia":[{"embeddable":true,"href":"http:\/\/delikatesy.wineport.pl\/index.php?rest_route=\/wp\/v2\/media\/16470"}],"wp:attachment":[{"href":"http:\/\/delikatesy.wineport.pl\/index.php?rest_route=%2Fwp%2Fv2%2Fmedia&parent=16471"}],"wp:term":[{"taxonomy":"product_cat","embeddable":true,"href":"http:\/\/delikatesy.wineport.pl\/index.php?rest_route=%2Fwp%2Fv2%2Fproduct_cat&post=16471"},{"taxonomy":"product_tag","embeddable":true,"href":"http:\/\/delikatesy.wineport.pl\/index.php?rest_route=%2Fwp%2Fv2%2Fproduct_tag&post=16471"}],"curies":[{"name":"wp","href":"https:\/\/api.w.org\/{rel}","templated":true}]}}