{"id":16483,"date":"2024-03-14T14:18:56","date_gmt":"2024-03-14T13:18:56","guid":{"rendered":"http:\/\/delikatesy.wineport.pl\/?product=noix-de-la-sant-jean-kartonik-0-75l"},"modified":"2026-05-10T19:48:05","modified_gmt":"2026-05-10T17:48:05","slug":"noix-de-la-sant-jean-kartonik-0-75l","status":"publish","type":"product","link":"http:\/\/delikatesy.wineport.pl\/?product=noix-de-la-sant-jean-kartonik-0-75l","title":{"rendered":"NOIX DE LA SANT JEAN KARTONIK 0.75l"},"content":{"rendered":"<div class=\"c-product__details c-text\" style=\"font-size: 1.4rem; font-family: Helvetica, Tahoma, sans-serif;\">\n<p><span class=\"h-ws-nw\">Kraj: Francja<\/span>\u00a0<span class=\"h-ws-nw\">Region: Prowansja<\/span>\u00a0<span class=\"h-ws-nw\">Producent:\u00a0<a href=\"https:\/\/wina-mp.pl\/producent\/distilleries-et-domaines-prove\">Distilleries Et Domaines Prove<\/a>\u00a0<\/span>\u00a0<span class=\"h-ws-nw\">Poj.: 0.75<\/span>\u00a0<span class=\"h-ws-nw\">Zaw. Alk. %: 15.0<\/span><\/p>\n<\/p><\/div>\n<div class=\"c-product__desc c-text c-text--lh\" style=\"font-size: 1.4rem; font-family: Helvetica, Tahoma, sans-serif;\">\n<p>Trunek ten to kompozycja czerwonego wina, niedojrza\u0142ych, zbieranych w \u015brodku lata orzech\u00f3w w\u0142oskich, ga\u0142ki muszkato\u0142owej, cynamonu, go\u017adzik\u00f3w, mocnego alkoholu i cukru trzcinowego. W Ustach obok ujmuj\u0105cego orzechowego smaku obfituje w nuty \u015bliwek i przypraw. \u015awietne sch\u0142odzone jako aperitif, a tak\u017ce do gotowania czy serwowania np. z melonem.<\/p>\n<\/p><\/div>\n","protected":false},"excerpt":{"rendered":"<div class=\"c-product__details c-text\" style=\"font-size: 1.4rem; font-family: Helvetica, Tahoma, sans-serif;\">\n<p><span class=\"h-ws-nw\">Kraj: Francja<\/span>\u00a0<span class=\"h-ws-nw\">Region: Prowansja<\/span>\u00a0<span class=\"h-ws-nw\">Producent:\u00a0<a href=\"https:\/\/wina-mp.pl\/producent\/distilleries-et-domaines-prove\">Distilleries Et Domaines Prove<\/a>\u00a0<\/span>\u00a0<span class=\"h-ws-nw\">Poj.: 0.75<\/span>\u00a0<span class=\"h-ws-nw\">Zaw. Alk. %: 15.0<\/span><\/p>\n<\/p><\/div>\n<div class=\"c-product__desc c-text c-text--lh\" style=\"font-size: 1.4rem; font-family: Helvetica, Tahoma, sans-serif;\">\n<p>Trunek ten to kompozycja czerwonego wina, niedojrza\u0142ych, zbieranych w \u015brodku lata orzech\u00f3w w\u0142oskich, ga\u0142ki muszkato\u0142owej, cynamonu, go\u017adzik\u00f3w, mocnego alkoholu i cukru trzcinowego. W Ustach obok ujmuj\u0105cego orzechowego smaku obfituje w nuty \u015bliwek i przypraw. \u015awietne sch\u0142odzone jako aperitif, a tak\u017ce do gotowania czy serwowania np. z melonem.<\/p>\n<\/p><\/div>\n","protected":false},"featured_media":16482,"comment_status":"open","ping_status":"closed","template":"","meta":[],"product_cat":[105,104,139,106],"product_tag":[],"class_list":{"0":"post-16483","1":"product","2":"type-product","3":"status-publish","4":"has-post-thumbnail","6":"product_cat-kremy","7":"product_cat-likiery","8":"product_cat-miody","9":"product_cat-nalewki-i-miody","11":"first","12":"instock","13":"shipping-taxable","14":"purchasable","15":"product-type-simple"},"_links":{"self":[{"href":"http:\/\/delikatesy.wineport.pl\/index.php?rest_route=\/wp\/v2\/product\/16483","targetHints":{"allow":["GET"]}}],"collection":[{"href":"http:\/\/delikatesy.wineport.pl\/index.php?rest_route=\/wp\/v2\/product"}],"about":[{"href":"http:\/\/delikatesy.wineport.pl\/index.php?rest_route=\/wp\/v2\/types\/product"}],"replies":[{"embeddable":true,"href":"http:\/\/delikatesy.wineport.pl\/index.php?rest_route=%2Fwp%2Fv2%2Fcomments&post=16483"}],"wp:featuredmedia":[{"embeddable":true,"href":"http:\/\/delikatesy.wineport.pl\/index.php?rest_route=\/wp\/v2\/media\/16482"}],"wp:attachment":[{"href":"http:\/\/delikatesy.wineport.pl\/index.php?rest_route=%2Fwp%2Fv2%2Fmedia&parent=16483"}],"wp:term":[{"taxonomy":"product_cat","embeddable":true,"href":"http:\/\/delikatesy.wineport.pl\/index.php?rest_route=%2Fwp%2Fv2%2Fproduct_cat&post=16483"},{"taxonomy":"product_tag","embeddable":true,"href":"http:\/\/delikatesy.wineport.pl\/index.php?rest_route=%2Fwp%2Fv2%2Fproduct_tag&post=16483"}],"curies":[{"name":"wp","href":"https:\/\/api.w.org\/{rel}","templated":true}]}}