{"id":16629,"date":"2024-03-14T14:19:28","date_gmt":"2024-03-14T13:19:28","guid":{"rendered":"http:\/\/delikatesy.wineport.pl\/?product=amaretto-il-nostro-dolce-17-zanin-0-7"},"modified":"2026-05-10T19:50:04","modified_gmt":"2026-05-10T17:50:04","slug":"amaretto-il-nostro-dolce-17-zanin-0-7","status":"publish","type":"product","link":"http:\/\/delikatesy.wineport.pl\/?product=amaretto-il-nostro-dolce-17-zanin-0-7","title":{"rendered":"AMARETTO IL NOSTRO DOLCE 17% ZANIN 0.7"},"content":{"rendered":"<div class=\"c-product__details c-text\" style=\"font-size: 1.4rem; font-family: Helvetica, Tahoma, sans-serif;\">\n<p><span class=\"h-ws-nw\">Kraj: W\u0142ochy<\/span>\u00a0<span class=\"h-ws-nw\">Producent:\u00a0<a href=\"https:\/\/wina-mp.pl\/producent\/zanin\">Zanin<\/a>\u00a0<\/span>\u00a0<span class=\"h-ws-nw\">Smak: S\u0142odkie<\/span>\u00a0<span class=\"h-ws-nw\">Poj.: 0.7<\/span>\u00a0<span class=\"h-ws-nw\">Zaw. Alk. %: 17.0<\/span><\/p>\n<\/p><\/div>\n<div class=\"c-product__desc c-text c-text--lh\" style=\"font-size: 1.4rem; font-family: Helvetica, Tahoma, sans-serif;\">\n<p>Likier ten zosta\u0142 stworzony na bazie migda\u0142\u00f3w i ma przepi\u0119kn\u0105 bursztynow\u0105 barw\u0119. Aromat jest delikatny, z dominuj\u0105c\u0105 nut\u0105 migda\u0142ow\u0105, uzupe\u0142niony akcentami wanilii. W smaku jest s\u0142odki, g\u0142adki i kr\u0105g\u0142y, marcepanowy, z kakaowym mu\u015bni\u0119ciem. D\u0142ugi i trwa\u0142y finisz. Serwowa\u0107 nale\u017cy w temperaturze pokojowej lub \u201e na lodzie\u201d.<\/p>\n<\/p><\/div>\n","protected":false},"excerpt":{"rendered":"<div class=\"c-product__details c-text\" style=\"font-size: 1.4rem; font-family: Helvetica, Tahoma, sans-serif;\">\n<p><span class=\"h-ws-nw\">Kraj: W\u0142ochy<\/span>\u00a0<span class=\"h-ws-nw\">Producent:\u00a0<a href=\"https:\/\/wina-mp.pl\/producent\/zanin\">Zanin<\/a>\u00a0<\/span>\u00a0<span class=\"h-ws-nw\">Smak: S\u0142odkie<\/span>\u00a0<span class=\"h-ws-nw\">Poj.: 0.7<\/span>\u00a0<span class=\"h-ws-nw\">Zaw. Alk. %: 17.0<\/span><\/p>\n<\/p><\/div>\n<div class=\"c-product__desc c-text c-text--lh\" style=\"font-size: 1.4rem; font-family: Helvetica, Tahoma, sans-serif;\">\n<p>Likier ten zosta\u0142 stworzony na bazie migda\u0142\u00f3w i ma przepi\u0119kn\u0105 bursztynow\u0105 barw\u0119. Aromat jest delikatny, z dominuj\u0105c\u0105 nut\u0105 migda\u0142ow\u0105, uzupe\u0142niony akcentami wanilii. W smaku jest s\u0142odki, g\u0142adki i kr\u0105g\u0142y, marcepanowy, z kakaowym mu\u015bni\u0119ciem. D\u0142ugi i trwa\u0142y finisz. Serwowa\u0107 nale\u017cy w temperaturze pokojowej lub \u201e na lodzie\u201d.<\/p>\n<\/p><\/div>\n","protected":false},"featured_media":16628,"comment_status":"open","ping_status":"closed","template":"","meta":[],"product_cat":[105,104,107,106],"product_tag":[],"class_list":{"0":"post-16629","1":"product","2":"type-product","3":"status-publish","4":"has-post-thumbnail","6":"product_cat-kremy","7":"product_cat-likiery","8":"product_cat-likiery-i-kremy","9":"product_cat-nalewki-i-miody","11":"first","12":"instock","13":"shipping-taxable","14":"purchasable","15":"product-type-simple"},"_links":{"self":[{"href":"http:\/\/delikatesy.wineport.pl\/index.php?rest_route=\/wp\/v2\/product\/16629","targetHints":{"allow":["GET"]}}],"collection":[{"href":"http:\/\/delikatesy.wineport.pl\/index.php?rest_route=\/wp\/v2\/product"}],"about":[{"href":"http:\/\/delikatesy.wineport.pl\/index.php?rest_route=\/wp\/v2\/types\/product"}],"replies":[{"embeddable":true,"href":"http:\/\/delikatesy.wineport.pl\/index.php?rest_route=%2Fwp%2Fv2%2Fcomments&post=16629"}],"wp:featuredmedia":[{"embeddable":true,"href":"http:\/\/delikatesy.wineport.pl\/index.php?rest_route=\/wp\/v2\/media\/16628"}],"wp:attachment":[{"href":"http:\/\/delikatesy.wineport.pl\/index.php?rest_route=%2Fwp%2Fv2%2Fmedia&parent=16629"}],"wp:term":[{"taxonomy":"product_cat","embeddable":true,"href":"http:\/\/delikatesy.wineport.pl\/index.php?rest_route=%2Fwp%2Fv2%2Fproduct_cat&post=16629"},{"taxonomy":"product_tag","embeddable":true,"href":"http:\/\/delikatesy.wineport.pl\/index.php?rest_route=%2Fwp%2Fv2%2Fproduct_tag&post=16629"}],"curies":[{"name":"wp","href":"https:\/\/api.w.org\/{rel}","templated":true}]}}