{"id":16682,"date":"2024-03-14T14:19:41","date_gmt":"2024-03-14T13:19:41","guid":{"rendered":"http:\/\/delikatesy.wineport.pl\/?product=ron-barcelo-dorado-0-7"},"modified":"2026-05-10T19:51:02","modified_gmt":"2026-05-10T17:51:02","slug":"ron-barcelo-dorado-0-7","status":"publish","type":"product","link":"http:\/\/delikatesy.wineport.pl\/?product=ron-barcelo-dorado-0-7","title":{"rendered":"RON BARCELO DORADO 0.7"},"content":{"rendered":"<div class=\"c-product__details c-text\" style=\"font-size: 1.4rem; font-family: Helvetica, Tahoma, sans-serif;\">\n<p><span class=\"h-ws-nw\">Kraj: Dominikana<\/span>\u00a0<span class=\"h-ws-nw\">Producent:\u00a0<a href=\"https:\/\/wina-mp.pl\/producent\/ron-barcelo\">Ron Barcelo<\/a>\u00a0<\/span>\u00a0<span class=\"h-ws-nw\">Poj.: 0.7<\/span>\u00a0<span class=\"h-ws-nw\">Zaw. Alk. %: 37.5<\/span><\/p>\n<\/p><\/div>\n<div class=\"c-product__desc c-text c-text--lh\" style=\"font-size: 1.4rem; font-family: Helvetica, Tahoma, sans-serif;\">\n<p>G\u0142adki i wyrafinowany rum, o pi\u0119knej, z\u0142oto-bursztynowej barwie, kt\u00f3r\u0105 zawdzi\u0119cza le\u017cakowaniu w d\u0119bowych beczkach po bourbonie. W Nosie wyczuwalne aromaty toffi, zielonych banan\u00f3w i pieprzu, Usta mi\u0119kkie i gibkie ale dobrze zbudowane z posmakiem kr\u00f3wek, tych\u017ce banan\u00f3w, cynamonu i nutk\u0105 pieprzu. Finisz wytrawny, tre\u015bciwy, a zarazem lekki. Ron Barcelo Dorado znakomicie pasuje do popularnych koktajli.<\/p>\n<\/p><\/div>\n","protected":false},"excerpt":{"rendered":"<div class=\"c-product__details c-text\" style=\"font-size: 1.4rem; font-family: Helvetica, Tahoma, sans-serif;\">\n<p><span class=\"h-ws-nw\">Kraj: Dominikana<\/span>\u00a0<span class=\"h-ws-nw\">Producent:\u00a0<a href=\"https:\/\/wina-mp.pl\/producent\/ron-barcelo\">Ron Barcelo<\/a>\u00a0<\/span>\u00a0<span class=\"h-ws-nw\">Poj.: 0.7<\/span>\u00a0<span class=\"h-ws-nw\">Zaw. Alk. %: 37.5<\/span><\/p>\n<\/p><\/div>\n<div class=\"c-product__desc c-text c-text--lh\" style=\"font-size: 1.4rem; font-family: Helvetica, Tahoma, sans-serif;\">\n<p>G\u0142adki i wyrafinowany rum, o pi\u0119knej, z\u0142oto-bursztynowej barwie, kt\u00f3r\u0105 zawdzi\u0119cza le\u017cakowaniu w d\u0119bowych beczkach po bourbonie. W Nosie wyczuwalne aromaty toffi, zielonych banan\u00f3w i pieprzu, Usta mi\u0119kkie i gibkie ale dobrze zbudowane z posmakiem kr\u00f3wek, tych\u017ce banan\u00f3w, cynamonu i nutk\u0105 pieprzu. Finisz wytrawny, tre\u015bciwy, a zarazem lekki. Ron Barcelo Dorado znakomicie pasuje do popularnych koktajli.<\/p>\n<\/p><\/div>\n","protected":false},"featured_media":16681,"comment_status":"open","ping_status":"closed","template":"","meta":[],"product_cat":[142,200],"product_tag":[],"class_list":{"0":"post-16682","1":"product","2":"type-product","3":"status-publish","4":"has-post-thumbnail","6":"product_cat-alkohole-mocne","7":"product_cat-rum","9":"first","10":"instock","11":"shipping-taxable","12":"purchasable","13":"product-type-simple"},"_links":{"self":[{"href":"http:\/\/delikatesy.wineport.pl\/index.php?rest_route=\/wp\/v2\/product\/16682","targetHints":{"allow":["GET"]}}],"collection":[{"href":"http:\/\/delikatesy.wineport.pl\/index.php?rest_route=\/wp\/v2\/product"}],"about":[{"href":"http:\/\/delikatesy.wineport.pl\/index.php?rest_route=\/wp\/v2\/types\/product"}],"replies":[{"embeddable":true,"href":"http:\/\/delikatesy.wineport.pl\/index.php?rest_route=%2Fwp%2Fv2%2Fcomments&post=16682"}],"wp:featuredmedia":[{"embeddable":true,"href":"http:\/\/delikatesy.wineport.pl\/index.php?rest_route=\/wp\/v2\/media\/16681"}],"wp:attachment":[{"href":"http:\/\/delikatesy.wineport.pl\/index.php?rest_route=%2Fwp%2Fv2%2Fmedia&parent=16682"}],"wp:term":[{"taxonomy":"product_cat","embeddable":true,"href":"http:\/\/delikatesy.wineport.pl\/index.php?rest_route=%2Fwp%2Fv2%2Fproduct_cat&post=16682"},{"taxonomy":"product_tag","embeddable":true,"href":"http:\/\/delikatesy.wineport.pl\/index.php?rest_route=%2Fwp%2Fv2%2Fproduct_tag&post=16682"}],"curies":[{"name":"wp","href":"https:\/\/api.w.org\/{rel}","templated":true}]}}