{"id":16686,"date":"2024-03-14T14:19:47","date_gmt":"2024-03-14T13:19:47","guid":{"rendered":"http:\/\/delikatesy.wineport.pl\/?product=ron-barcelo-gran-anejo-1-75"},"modified":"2026-05-10T19:51:03","modified_gmt":"2026-05-10T17:51:03","slug":"ron-barcelo-gran-anejo-1-75","status":"publish","type":"product","link":"http:\/\/delikatesy.wineport.pl\/?product=ron-barcelo-gran-anejo-1-75","title":{"rendered":"RON BARCELO GRAN ANEJO 1.75"},"content":{"rendered":"<p><span style=\"color: #080808; font-family: &quot;;\">Kompozycja najlepszych rum\u00f3w, starzona\u00a0w beczkach z ameryka\u0144skiego d\u0119bu przez ponad\u00a06 lat, o pi\u0119knym, bursztynowym kolorze.<\/p>\n<p><strong style=\"font-family: inherit;\">Zapach:<\/strong>\u00a0Wspania\u0142e\u00a0aromaty ma\u015blane, orzechowe, z nutami pieprzu\u00a0i karmelu.<br \/><strong style=\"font-family: inherit;\">Smak:\u00a0<\/strong>Okr\u0105g\u0142y, pe\u0142ny z nutami pra\u017conego<\/span><br style=\"color: #080808; font-family: &quot;;\" \/><span style=\"color: #080808; font-family: &quot;;\">kokosa, toffi i przypraw.<br \/><strong style=\"font-family: inherit;\">Finisz:<\/strong>\u00a0Wytrawny, pieprzny,\u00a0jednocze\u015bnie nieco\u00a0karmelowy, z lekkim,\u00a0kredowym posmakiem.<br \/><\/span><br style=\"color: #080808; font-family: &quot;;\" \/><span style=\"color: #080808; font-family: &quot;;\">Znakomity trunek do picia\u00a0na lodzie, ewentualnie\u00a0zmieszany z odrobin\u0105\u00a0wody.<\/span><\/p>\n","protected":false},"excerpt":{"rendered":"<p><span style=\"color: #080808; font-family: &quot;;\">Kompozycja najlepszych rum\u00f3w, starzona\u00a0w beczkach z ameryka\u0144skiego d\u0119bu przez ponad\u00a06 lat, o pi\u0119knym, bursztynowym kolorze.<\/p>\n<p><strong style=\"font-family: inherit;\">Zapach:<\/strong>\u00a0Wspania\u0142e\u00a0aromaty ma\u015blane, orzechowe, z nutami pieprzu\u00a0i karmelu.<br \/><strong style=\"font-family: inherit;\">Smak:\u00a0<\/strong>Okr\u0105g\u0142y, pe\u0142ny z nutami pra\u017conego<\/span><br style=\"color: #080808; font-family: &quot;;\" \/><span style=\"color: #080808; font-family: &quot;;\">kokosa, toffi i przypraw.<br \/><strong style=\"font-family: inherit;\">Finisz:<\/strong>\u00a0Wytrawny, pieprzny,\u00a0jednocze\u015bnie nieco\u00a0karmelowy, z lekkim,\u00a0kredowym posmakiem.<br \/><\/span><br style=\"color: #080808; font-family: &quot;;\" \/><span style=\"color: #080808; font-family: &quot;;\">Znakomity trunek do picia\u00a0na lodzie, ewentualnie\u00a0zmieszany z odrobin\u0105\u00a0wody.<\/span><\/p>\n","protected":false},"featured_media":16685,"comment_status":"open","ping_status":"closed","template":"","meta":[],"product_cat":[142,200],"product_tag":[],"class_list":{"0":"post-16686","1":"product","2":"type-product","3":"status-publish","4":"has-post-thumbnail","6":"product_cat-alkohole-mocne","7":"product_cat-rum","9":"first","10":"instock","11":"shipping-taxable","12":"purchasable","13":"product-type-simple"},"_links":{"self":[{"href":"http:\/\/delikatesy.wineport.pl\/index.php?rest_route=\/wp\/v2\/product\/16686","targetHints":{"allow":["GET"]}}],"collection":[{"href":"http:\/\/delikatesy.wineport.pl\/index.php?rest_route=\/wp\/v2\/product"}],"about":[{"href":"http:\/\/delikatesy.wineport.pl\/index.php?rest_route=\/wp\/v2\/types\/product"}],"replies":[{"embeddable":true,"href":"http:\/\/delikatesy.wineport.pl\/index.php?rest_route=%2Fwp%2Fv2%2Fcomments&post=16686"}],"wp:featuredmedia":[{"embeddable":true,"href":"http:\/\/delikatesy.wineport.pl\/index.php?rest_route=\/wp\/v2\/media\/16685"}],"wp:attachment":[{"href":"http:\/\/delikatesy.wineport.pl\/index.php?rest_route=%2Fwp%2Fv2%2Fmedia&parent=16686"}],"wp:term":[{"taxonomy":"product_cat","embeddable":true,"href":"http:\/\/delikatesy.wineport.pl\/index.php?rest_route=%2Fwp%2Fv2%2Fproduct_cat&post=16686"},{"taxonomy":"product_tag","embeddable":true,"href":"http:\/\/delikatesy.wineport.pl\/index.php?rest_route=%2Fwp%2Fv2%2Fproduct_tag&post=16686"}],"curies":[{"name":"wp","href":"https:\/\/api.w.org\/{rel}","templated":true}]}}