{"id":16690,"date":"2024-03-14T14:19:49","date_gmt":"2024-03-14T13:19:49","guid":{"rendered":"http:\/\/delikatesy.wineport.pl\/?product=ron-barcelo-gran-platinum-0-7"},"modified":"2026-05-10T19:51:03","modified_gmt":"2026-05-10T17:51:03","slug":"ron-barcelo-gran-platinum-0-7","status":"publish","type":"product","link":"http:\/\/delikatesy.wineport.pl\/?product=ron-barcelo-gran-platinum-0-7","title":{"rendered":"RON BARCELO GRAN PLATINUM 0.7"},"content":{"rendered":"<div class=\"c-product__details c-text\" style=\"font-size: 1.4rem; font-family: Helvetica, Tahoma, sans-serif;\">\n<p><span class=\"h-ws-nw\">Kraj: Dominikana<\/span>\u00a0<span class=\"h-ws-nw\">Producent:\u00a0<a href=\"https:\/\/wina-mp.pl\/producent\/ron-barcelo\">Ron Barcelo<\/a>\u00a0<\/span>\u00a0<span class=\"h-ws-nw\">Poj.: 0.7<\/span>\u00a0<span class=\"h-ws-nw\">Zaw. Alk. %: 40.0<\/span><\/p>\n<\/p><\/div>\n<div class=\"c-product__desc c-text c-text--lh\" style=\"font-size: 1.4rem; font-family: Helvetica, Tahoma, sans-serif;\">\n<p>Wyj\u0105tkowa kompozycja najlepszych rum\u00f3w z Dominikany, cierpliwie starzona w d\u0119bowych beczkach, a nast\u0119pnie dok\u0142adnie filtrowana aby uzyska\u0107 krystaliczn\u0105 przejrzysto\u015b\u0107 trunku. Rum o bardzo ciekawych aromatach zielonych jab\u0142ek i eukaliptusa, \u015bwie\u017cy, a jednocze\u015bnie bardzo z\u0142o\u017cony. W finiszu posmak r\u00f3\u017cowego pieprzu i eukaliptusa wzmocniony nutami owoc\u00f3w cytrusowych. Znakomicie smakuje sam i niezwykle wzbogaca smak koktajli. Serwowany w najlepszych barach \u015bwiata.<\/p>\n<\/p><\/div>\n","protected":false},"excerpt":{"rendered":"<div class=\"c-product__details c-text\" style=\"font-size: 1.4rem; font-family: Helvetica, Tahoma, sans-serif;\">\n<p><span class=\"h-ws-nw\">Kraj: Dominikana<\/span>\u00a0<span class=\"h-ws-nw\">Producent:\u00a0<a href=\"https:\/\/wina-mp.pl\/producent\/ron-barcelo\">Ron Barcelo<\/a>\u00a0<\/span>\u00a0<span class=\"h-ws-nw\">Poj.: 0.7<\/span>\u00a0<span class=\"h-ws-nw\">Zaw. Alk. %: 40.0<\/span><\/p>\n<\/p><\/div>\n<div class=\"c-product__desc c-text c-text--lh\" style=\"font-size: 1.4rem; font-family: Helvetica, Tahoma, sans-serif;\">\n<p>Wyj\u0105tkowa kompozycja najlepszych rum\u00f3w z Dominikany, cierpliwie starzona w d\u0119bowych beczkach, a nast\u0119pnie dok\u0142adnie filtrowana aby uzyska\u0107 krystaliczn\u0105 przejrzysto\u015b\u0107 trunku. Rum o bardzo ciekawych aromatach zielonych jab\u0142ek i eukaliptusa, \u015bwie\u017cy, a jednocze\u015bnie bardzo z\u0142o\u017cony. W finiszu posmak r\u00f3\u017cowego pieprzu i eukaliptusa wzmocniony nutami owoc\u00f3w cytrusowych. Znakomicie smakuje sam i niezwykle wzbogaca smak koktajli. Serwowany w najlepszych barach \u015bwiata.<\/p>\n<\/p><\/div>\n","protected":false},"featured_media":16689,"comment_status":"open","ping_status":"closed","template":"","meta":[],"product_cat":[142,200],"product_tag":[],"class_list":{"0":"post-16690","1":"product","2":"type-product","3":"status-publish","4":"has-post-thumbnail","6":"product_cat-alkohole-mocne","7":"product_cat-rum","9":"first","10":"instock","11":"shipping-taxable","12":"purchasable","13":"product-type-simple"},"_links":{"self":[{"href":"http:\/\/delikatesy.wineport.pl\/index.php?rest_route=\/wp\/v2\/product\/16690","targetHints":{"allow":["GET"]}}],"collection":[{"href":"http:\/\/delikatesy.wineport.pl\/index.php?rest_route=\/wp\/v2\/product"}],"about":[{"href":"http:\/\/delikatesy.wineport.pl\/index.php?rest_route=\/wp\/v2\/types\/product"}],"replies":[{"embeddable":true,"href":"http:\/\/delikatesy.wineport.pl\/index.php?rest_route=%2Fwp%2Fv2%2Fcomments&post=16690"}],"wp:featuredmedia":[{"embeddable":true,"href":"http:\/\/delikatesy.wineport.pl\/index.php?rest_route=\/wp\/v2\/media\/16689"}],"wp:attachment":[{"href":"http:\/\/delikatesy.wineport.pl\/index.php?rest_route=%2Fwp%2Fv2%2Fmedia&parent=16690"}],"wp:term":[{"taxonomy":"product_cat","embeddable":true,"href":"http:\/\/delikatesy.wineport.pl\/index.php?rest_route=%2Fwp%2Fv2%2Fproduct_cat&post=16690"},{"taxonomy":"product_tag","embeddable":true,"href":"http:\/\/delikatesy.wineport.pl\/index.php?rest_route=%2Fwp%2Fv2%2Fproduct_tag&post=16690"}],"curies":[{"name":"wp","href":"https:\/\/api.w.org\/{rel}","templated":true}]}}