{"id":16696,"date":"2024-03-14T14:19:49","date_gmt":"2024-03-14T13:19:49","guid":{"rendered":"http:\/\/delikatesy.wineport.pl\/?product=ron-barcelo-onyx-0-7"},"modified":"2026-05-10T19:51:04","modified_gmt":"2026-05-10T17:51:04","slug":"ron-barcelo-onyx-0-7","status":"publish","type":"product","link":"http:\/\/delikatesy.wineport.pl\/?product=ron-barcelo-onyx-0-7","title":{"rendered":"RON BARCELO ONYX 0.7"},"content":{"rendered":"<div class=\"c-product__details c-text\" style=\"font-size: 1.4rem; font-family: Helvetica, Tahoma, sans-serif;\">\n<p><span class=\"h-ws-nw\">Kraj: Dominikana<\/span>\u00a0<span class=\"h-ws-nw\">Producent:\u00a0<a href=\"https:\/\/wina-mp.pl\/producent\/ron-barcelo\">Ron Barcelo<\/a>\u00a0<\/span>\u00a0<span class=\"h-ws-nw\">Poj.: 0.7<\/span>\u00a0<span class=\"h-ws-nw\">Zaw. Alk. %: 38.0<\/span><\/p>\n<\/p><\/div>\n<div class=\"c-product__desc c-text c-text--lh\" style=\"font-size: 1.4rem; font-family: Helvetica, Tahoma, sans-serif;\">\n<p>Onyx to wyj\u0105tkowa i bardzo limitowana edycja znanego i lubianego Barcelo Imperial. To efekt wsp\u00f3\u0142pracy mistrz\u00f3w w zakresie tworzenia rumu jak i produkcji beczek. Wykorzystuj\u0105c innowacyjne procesy i techniki uda\u0142o si\u0119 stworzy\u0107 trunek niezwyk\u0142y. Dojrzewa\u0142 pomi\u0119dzy 8, a 10 lat w mocno wypalanych beczkach z d\u0119bu ameryka\u0144skiego i europejskiego. Znakomity rum o pi\u0119knej barwie ciemnego bursztynu i intensywnym aromacie z wyra\u017an\u0105 nut\u0105 wanilii i drewna. W smaku ciemne owoce, kawa i orzechy w po\u0142\u0105czeniu z pe\u0142n\u0105 i mocn\u0105 struktur\u0105.<\/p>\n<\/p><\/div>\n","protected":false},"excerpt":{"rendered":"<div class=\"c-product__details c-text\" style=\"font-size: 1.4rem; font-family: Helvetica, Tahoma, sans-serif;\">\n<p><span class=\"h-ws-nw\">Kraj: Dominikana<\/span>\u00a0<span class=\"h-ws-nw\">Producent:\u00a0<a href=\"https:\/\/wina-mp.pl\/producent\/ron-barcelo\">Ron Barcelo<\/a>\u00a0<\/span>\u00a0<span class=\"h-ws-nw\">Poj.: 0.7<\/span>\u00a0<span class=\"h-ws-nw\">Zaw. Alk. %: 38.0<\/span><\/p>\n<\/p><\/div>\n<div class=\"c-product__desc c-text c-text--lh\" style=\"font-size: 1.4rem; font-family: Helvetica, Tahoma, sans-serif;\">\n<p>Onyx to wyj\u0105tkowa i bardzo limitowana edycja znanego i lubianego Barcelo Imperial. To efekt wsp\u00f3\u0142pracy mistrz\u00f3w w zakresie tworzenia rumu jak i produkcji beczek. Wykorzystuj\u0105c innowacyjne procesy i techniki uda\u0142o si\u0119 stworzy\u0107 trunek niezwyk\u0142y. Dojrzewa\u0142 pomi\u0119dzy 8, a 10 lat w mocno wypalanych beczkach z d\u0119bu ameryka\u0144skiego i europejskiego. Znakomity rum o pi\u0119knej barwie ciemnego bursztynu i intensywnym aromacie z wyra\u017an\u0105 nut\u0105 wanilii i drewna. W smaku ciemne owoce, kawa i orzechy w po\u0142\u0105czeniu z pe\u0142n\u0105 i mocn\u0105 struktur\u0105.<\/p>\n<\/p><\/div>\n","protected":false},"featured_media":16695,"comment_status":"open","ping_status":"closed","template":"","meta":[],"product_cat":[142,200],"product_tag":[],"class_list":{"0":"post-16696","1":"product","2":"type-product","3":"status-publish","4":"has-post-thumbnail","6":"product_cat-alkohole-mocne","7":"product_cat-rum","9":"first","10":"instock","11":"shipping-taxable","12":"purchasable","13":"product-type-simple"},"_links":{"self":[{"href":"http:\/\/delikatesy.wineport.pl\/index.php?rest_route=\/wp\/v2\/product\/16696","targetHints":{"allow":["GET"]}}],"collection":[{"href":"http:\/\/delikatesy.wineport.pl\/index.php?rest_route=\/wp\/v2\/product"}],"about":[{"href":"http:\/\/delikatesy.wineport.pl\/index.php?rest_route=\/wp\/v2\/types\/product"}],"replies":[{"embeddable":true,"href":"http:\/\/delikatesy.wineport.pl\/index.php?rest_route=%2Fwp%2Fv2%2Fcomments&post=16696"}],"wp:featuredmedia":[{"embeddable":true,"href":"http:\/\/delikatesy.wineport.pl\/index.php?rest_route=\/wp\/v2\/media\/16695"}],"wp:attachment":[{"href":"http:\/\/delikatesy.wineport.pl\/index.php?rest_route=%2Fwp%2Fv2%2Fmedia&parent=16696"}],"wp:term":[{"taxonomy":"product_cat","embeddable":true,"href":"http:\/\/delikatesy.wineport.pl\/index.php?rest_route=%2Fwp%2Fv2%2Fproduct_cat&post=16696"},{"taxonomy":"product_tag","embeddable":true,"href":"http:\/\/delikatesy.wineport.pl\/index.php?rest_route=%2Fwp%2Fv2%2Fproduct_tag&post=16696"}],"curies":[{"name":"wp","href":"https:\/\/api.w.org\/{rel}","templated":true}]}}