{"id":16698,"date":"2024-03-14T14:19:50","date_gmt":"2024-03-14T13:19:50","guid":{"rendered":"http:\/\/delikatesy.wineport.pl\/?product=ron-barcelo-premium-blend-0-7"},"modified":"2026-05-10T19:51:04","modified_gmt":"2026-05-10T17:51:04","slug":"ron-barcelo-premium-blend-0-7","status":"publish","type":"product","link":"http:\/\/delikatesy.wineport.pl\/?product=ron-barcelo-premium-blend-0-7","title":{"rendered":"RON BARCELO PREMIUM BLEND 0.7"},"content":{"rendered":"<div class=\"c-product__details c-text\" style=\"font-size: 1.4rem; font-family: Helvetica, Tahoma, sans-serif;\">\n<p><span class=\"h-ws-nw\">Kraj: Dominikana<\/span>\u00a0<span class=\"h-ws-nw\">Producent:\u00a0<a href=\"https:\/\/wina-mp.pl\/producent\/ron-barcelo\">Ron Barcelo<\/a>\u00a0<\/span>\u00a0<span class=\"h-ws-nw\">Poj.: 0.7<\/span>\u00a0<span class=\"h-ws-nw\">Zaw. Alk. %: 43.0<\/span><\/p>\n<\/p><\/div>\n<div class=\"c-product__desc c-text c-text--lh\" style=\"font-size: 1.4rem; font-family: Helvetica, Tahoma, sans-serif;\">\n<p>Wyj\u0105tkowy rum, stworzony z okazji trzydziestej rocznicy Ron Barcelo Imperial, wyprodukowany w limitowanej ilo\u015bci 7000 butelek z najlepszych zasob\u00f3w Rumu Imperial, le\u017cakowanego w beczkach przez 10 lat. Do starzenia u\u017cyto dw\u00f3ch rodzaj\u00f3w beczek. Pocz\u0105tkowo rum dojrzewa w beczka z d\u0119bu ameryka\u0144skiego, a nast\u0119pnie z francuskiego d\u0119bu. Beczki s\u0105 w r\u00f3\u017cnym stopniu wypalane. Dzi\u0119ki temu trunek w Ustach jest wyj\u0105tkowo g\u0142adki i doskonale zr\u00f3wnowa\u017cony, z nutami wanilii i karmelu. D\u0142ugi i harmonijny finisz pozostawia w Ustach bogaty i aromatyczny posmak. Produkt nagrodzony Platynowym Medalem przez Chicago Bevereage Institute w najbardziej presti\u017cowej dla Rumu kategorii.<\/p>\n<\/p><\/div>\n","protected":false},"excerpt":{"rendered":"<div class=\"c-product__details c-text\" style=\"font-size: 1.4rem; font-family: Helvetica, Tahoma, sans-serif;\">\n<p><span class=\"h-ws-nw\">Kraj: Dominikana<\/span>\u00a0<span class=\"h-ws-nw\">Producent:\u00a0<a href=\"https:\/\/wina-mp.pl\/producent\/ron-barcelo\">Ron Barcelo<\/a>\u00a0<\/span>\u00a0<span class=\"h-ws-nw\">Poj.: 0.7<\/span>\u00a0<span class=\"h-ws-nw\">Zaw. Alk. %: 43.0<\/span><\/p>\n<\/p><\/div>\n<div class=\"c-product__desc c-text c-text--lh\" style=\"font-size: 1.4rem; font-family: Helvetica, Tahoma, sans-serif;\">\n<p>Wyj\u0105tkowy rum, stworzony z okazji trzydziestej rocznicy Ron Barcelo Imperial, wyprodukowany w limitowanej ilo\u015bci 7000 butelek z najlepszych zasob\u00f3w Rumu Imperial, le\u017cakowanego w beczkach przez 10 lat. Do starzenia u\u017cyto dw\u00f3ch rodzaj\u00f3w beczek. Pocz\u0105tkowo rum dojrzewa w beczka z d\u0119bu ameryka\u0144skiego, a nast\u0119pnie z francuskiego d\u0119bu. Beczki s\u0105 w r\u00f3\u017cnym stopniu wypalane. Dzi\u0119ki temu trunek w Ustach jest wyj\u0105tkowo g\u0142adki i doskonale zr\u00f3wnowa\u017cony, z nutami wanilii i karmelu. D\u0142ugi i harmonijny finisz pozostawia w Ustach bogaty i aromatyczny posmak. Produkt nagrodzony Platynowym Medalem przez Chicago Bevereage Institute w najbardziej presti\u017cowej dla Rumu kategorii.<\/p>\n<\/p><\/div>\n","protected":false},"featured_media":16697,"comment_status":"open","ping_status":"closed","template":"","meta":[],"product_cat":[142,200],"product_tag":[],"class_list":{"0":"post-16698","1":"product","2":"type-product","3":"status-publish","4":"has-post-thumbnail","6":"product_cat-alkohole-mocne","7":"product_cat-rum","9":"first","10":"instock","11":"shipping-taxable","12":"purchasable","13":"product-type-simple"},"_links":{"self":[{"href":"http:\/\/delikatesy.wineport.pl\/index.php?rest_route=\/wp\/v2\/product\/16698","targetHints":{"allow":["GET"]}}],"collection":[{"href":"http:\/\/delikatesy.wineport.pl\/index.php?rest_route=\/wp\/v2\/product"}],"about":[{"href":"http:\/\/delikatesy.wineport.pl\/index.php?rest_route=\/wp\/v2\/types\/product"}],"replies":[{"embeddable":true,"href":"http:\/\/delikatesy.wineport.pl\/index.php?rest_route=%2Fwp%2Fv2%2Fcomments&post=16698"}],"wp:featuredmedia":[{"embeddable":true,"href":"http:\/\/delikatesy.wineport.pl\/index.php?rest_route=\/wp\/v2\/media\/16697"}],"wp:attachment":[{"href":"http:\/\/delikatesy.wineport.pl\/index.php?rest_route=%2Fwp%2Fv2%2Fmedia&parent=16698"}],"wp:term":[{"taxonomy":"product_cat","embeddable":true,"href":"http:\/\/delikatesy.wineport.pl\/index.php?rest_route=%2Fwp%2Fv2%2Fproduct_cat&post=16698"},{"taxonomy":"product_tag","embeddable":true,"href":"http:\/\/delikatesy.wineport.pl\/index.php?rest_route=%2Fwp%2Fv2%2Fproduct_tag&post=16698"}],"curies":[{"name":"wp","href":"https:\/\/api.w.org\/{rel}","templated":true}]}}