{"id":16708,"date":"2024-03-14T14:19:54","date_gmt":"2024-03-14T13:19:54","guid":{"rendered":"http:\/\/delikatesy.wineport.pl\/?product=karukera-rhum-blanc-kartonik-0-7"},"modified":"2026-05-10T19:51:05","modified_gmt":"2026-05-10T17:51:05","slug":"karukera-rhum-blanc-kartonik-0-7","status":"publish","type":"product","link":"http:\/\/delikatesy.wineport.pl\/?product=karukera-rhum-blanc-kartonik-0-7","title":{"rendered":"Karukera Rhum Blanc Kartonik 0.7"},"content":{"rendered":"<div class=\"c-product__details c-text\" style=\"font-size: 1.4rem; font-family: Helvetica, Tahoma, sans-serif;\">\n<p><span class=\"h-ws-nw\">Kraj: Gwadelupa<\/span>\u00a0<span class=\"h-ws-nw\">Producent:\u00a0<a href=\"https:\/\/wina-mp.pl\/producent\/karukera\">Karukera<\/a>\u00a0<\/span>\u00a0<span class=\"h-ws-nw\">Poj.: 0.7<\/span>\u00a0<span class=\"h-ws-nw\">Zaw. Alk. %: 50.0<\/span><\/p>\n<\/p><\/div>\n<div class=\"c-product__desc c-text c-text--lh\" style=\"font-size: 1.4rem; font-family: Helvetica, Tahoma, sans-serif;\">\n<p>Bia\u0142y rum Karukera agricole jest produkowany z soku z trzciny cukrowej rodzaju \u201eBlue Cane\u201d. Rodzaj ten charakteryzuje si\u0119 du\u017cym bogactwem cukru i niezwyk\u0142ym potencja\u0142em aromatycznym. To rum klasy Premium o mocnym charakterze i finiszu oddaj\u0105cym \u015bwie\u017cy aromat trzciny i nuty cytrus\u00f3w. Idealny do picia solo lub jako Ti\u2019Punch Creole &#8211; w po\u0142\u0105czeniu z syropem z trzciny cukrowej i sk\u00f3rk\u0105 z cytryny.Z\u0142oty medal na Brussels World Contest 2014.<\/p>\n<\/p><\/div>\n","protected":false},"excerpt":{"rendered":"<div class=\"c-product__details c-text\" style=\"font-size: 1.4rem; font-family: Helvetica, Tahoma, sans-serif;\">\n<p><span class=\"h-ws-nw\">Kraj: Gwadelupa<\/span>\u00a0<span class=\"h-ws-nw\">Producent:\u00a0<a href=\"https:\/\/wina-mp.pl\/producent\/karukera\">Karukera<\/a>\u00a0<\/span>\u00a0<span class=\"h-ws-nw\">Poj.: 0.7<\/span>\u00a0<span class=\"h-ws-nw\">Zaw. Alk. %: 50.0<\/span><\/p>\n<\/p><\/div>\n<div class=\"c-product__desc c-text c-text--lh\" style=\"font-size: 1.4rem; font-family: Helvetica, Tahoma, sans-serif;\">\n<p>Bia\u0142y rum Karukera agricole jest produkowany z soku z trzciny cukrowej rodzaju \u201eBlue Cane\u201d. Rodzaj ten charakteryzuje si\u0119 du\u017cym bogactwem cukru i niezwyk\u0142ym potencja\u0142em aromatycznym. To rum klasy Premium o mocnym charakterze i finiszu oddaj\u0105cym \u015bwie\u017cy aromat trzciny i nuty cytrus\u00f3w. Idealny do picia solo lub jako Ti\u2019Punch Creole &#8211; w po\u0142\u0105czeniu z syropem z trzciny cukrowej i sk\u00f3rk\u0105 z cytryny.Z\u0142oty medal na Brussels World Contest 2014.<\/p>\n<\/p><\/div>\n","protected":false},"featured_media":16707,"comment_status":"open","ping_status":"closed","template":"","meta":[],"product_cat":[142,200],"product_tag":[],"class_list":{"0":"post-16708","1":"product","2":"type-product","3":"status-publish","4":"has-post-thumbnail","6":"product_cat-alkohole-mocne","7":"product_cat-rum","9":"first","10":"instock","11":"shipping-taxable","12":"purchasable","13":"product-type-simple"},"_links":{"self":[{"href":"http:\/\/delikatesy.wineport.pl\/index.php?rest_route=\/wp\/v2\/product\/16708","targetHints":{"allow":["GET"]}}],"collection":[{"href":"http:\/\/delikatesy.wineport.pl\/index.php?rest_route=\/wp\/v2\/product"}],"about":[{"href":"http:\/\/delikatesy.wineport.pl\/index.php?rest_route=\/wp\/v2\/types\/product"}],"replies":[{"embeddable":true,"href":"http:\/\/delikatesy.wineport.pl\/index.php?rest_route=%2Fwp%2Fv2%2Fcomments&post=16708"}],"wp:featuredmedia":[{"embeddable":true,"href":"http:\/\/delikatesy.wineport.pl\/index.php?rest_route=\/wp\/v2\/media\/16707"}],"wp:attachment":[{"href":"http:\/\/delikatesy.wineport.pl\/index.php?rest_route=%2Fwp%2Fv2%2Fmedia&parent=16708"}],"wp:term":[{"taxonomy":"product_cat","embeddable":true,"href":"http:\/\/delikatesy.wineport.pl\/index.php?rest_route=%2Fwp%2Fv2%2Fproduct_cat&post=16708"},{"taxonomy":"product_tag","embeddable":true,"href":"http:\/\/delikatesy.wineport.pl\/index.php?rest_route=%2Fwp%2Fv2%2Fproduct_tag&post=16708"}],"curies":[{"name":"wp","href":"https:\/\/api.w.org\/{rel}","templated":true}]}}