{"id":16717,"date":"2024-03-14T14:19:57","date_gmt":"2024-03-14T13:19:57","guid":{"rendered":"http:\/\/delikatesy.wineport.pl\/?product=wenneker-oude-proever-genever-0-7"},"modified":"2026-05-10T19:51:06","modified_gmt":"2026-05-10T17:51:06","slug":"wenneker-oude-proever-genever-0-7","status":"publish","type":"product","link":"http:\/\/delikatesy.wineport.pl\/?product=wenneker-oude-proever-genever-0-7","title":{"rendered":"WENNEKER OUDE PROEVER GENEVER 0.7"},"content":{"rendered":"<div class=\"c-product__details c-text\" style=\"font-size: 1.4rem; font-family: Helvetica, Tahoma, sans-serif;\">\n<p><span class=\"h-ws-nw\">Producent:\u00a0<a href=\"https:\/\/wina-mp.pl\/producent\/wenneker\">Wenneker<\/a>\u00a0<\/span>\u00a0<span class=\"h-ws-nw\">Poj.: 0.7<\/span>\u00a0<span class=\"h-ws-nw\">Zaw. Alk. %: 36.0<\/span><\/p>\n<\/p><\/div>\n<div class=\"c-product__desc c-text c-text--lh\" style=\"font-size: 1.4rem; font-family: Helvetica, Tahoma, sans-serif;\">\n<p>Oude Proever jest oryginalnym holenderskim destylatem wysokiej jako\u015bci. Wyraziste aromaty gwarantuje ponad 300-tu letnia tradycja produkcji tego trunku. Wytwarzany jest poprzez destylacj\u0119 s\u0142odu \u017cytniego oraz jag\u00f3d ja\u0142owca, kt\u00f3re s\u0105 g\u0142\u00f3wnym sk\u0142adnikiem tej starej, tradycyjnej receptury. Oude Proever le\u017cakuje w beczkach z d\u0119bu ameryka\u0144skiego minimum kilka lat.<\/p>\n<\/p><\/div>\n","protected":false},"excerpt":{"rendered":"<div class=\"c-product__details c-text\" style=\"font-size: 1.4rem; font-family: Helvetica, Tahoma, sans-serif;\">\n<p><span class=\"h-ws-nw\">Producent:\u00a0<a href=\"https:\/\/wina-mp.pl\/producent\/wenneker\">Wenneker<\/a>\u00a0<\/span>\u00a0<span class=\"h-ws-nw\">Poj.: 0.7<\/span>\u00a0<span class=\"h-ws-nw\">Zaw. Alk. %: 36.0<\/span><\/p>\n<\/p><\/div>\n<div class=\"c-product__desc c-text c-text--lh\" style=\"font-size: 1.4rem; font-family: Helvetica, Tahoma, sans-serif;\">\n<p>Oude Proever jest oryginalnym holenderskim destylatem wysokiej jako\u015bci. Wyraziste aromaty gwarantuje ponad 300-tu letnia tradycja produkcji tego trunku. Wytwarzany jest poprzez destylacj\u0119 s\u0142odu \u017cytniego oraz jag\u00f3d ja\u0142owca, kt\u00f3re s\u0105 g\u0142\u00f3wnym sk\u0142adnikiem tej starej, tradycyjnej receptury. Oude Proever le\u017cakuje w beczkach z d\u0119bu ameryka\u0144skiego minimum kilka lat.<\/p>\n<\/p><\/div>\n","protected":false},"featured_media":16716,"comment_status":"open","ping_status":"closed","template":"","meta":[],"product_cat":[142,200],"product_tag":[],"class_list":{"0":"post-16717","1":"product","2":"type-product","3":"status-publish","4":"has-post-thumbnail","6":"product_cat-alkohole-mocne","7":"product_cat-rum","9":"first","10":"instock","11":"shipping-taxable","12":"purchasable","13":"product-type-simple"},"_links":{"self":[{"href":"http:\/\/delikatesy.wineport.pl\/index.php?rest_route=\/wp\/v2\/product\/16717","targetHints":{"allow":["GET"]}}],"collection":[{"href":"http:\/\/delikatesy.wineport.pl\/index.php?rest_route=\/wp\/v2\/product"}],"about":[{"href":"http:\/\/delikatesy.wineport.pl\/index.php?rest_route=\/wp\/v2\/types\/product"}],"replies":[{"embeddable":true,"href":"http:\/\/delikatesy.wineport.pl\/index.php?rest_route=%2Fwp%2Fv2%2Fcomments&post=16717"}],"wp:featuredmedia":[{"embeddable":true,"href":"http:\/\/delikatesy.wineport.pl\/index.php?rest_route=\/wp\/v2\/media\/16716"}],"wp:attachment":[{"href":"http:\/\/delikatesy.wineport.pl\/index.php?rest_route=%2Fwp%2Fv2%2Fmedia&parent=16717"}],"wp:term":[{"taxonomy":"product_cat","embeddable":true,"href":"http:\/\/delikatesy.wineport.pl\/index.php?rest_route=%2Fwp%2Fv2%2Fproduct_cat&post=16717"},{"taxonomy":"product_tag","embeddable":true,"href":"http:\/\/delikatesy.wineport.pl\/index.php?rest_route=%2Fwp%2Fv2%2Fproduct_tag&post=16717"}],"curies":[{"name":"wp","href":"https:\/\/api.w.org\/{rel}","templated":true}]}}