{"id":16721,"date":"2024-03-14T14:19:58","date_gmt":"2024-03-14T13:19:58","guid":{"rendered":"http:\/\/delikatesy.wineport.pl\/?product=ypioca-prata-cachaca-wenneker-0-7"},"modified":"2026-05-10T19:51:57","modified_gmt":"2026-05-10T17:51:57","slug":"ypioca-prata-cachaca-wenneker-0-7","status":"publish","type":"product","link":"http:\/\/delikatesy.wineport.pl\/?product=ypioca-prata-cachaca-wenneker-0-7","title":{"rendered":"YPIOCA PRATA CACHACA WENNEKER 0.7"},"content":{"rendered":"<div style=\"color: #080808; font-family: &quot;;\"><span style=\"font-size: 12pt; font-family: inherit;\">Cachaca to bardzo popularny w Brazylii destylowany nap\u00f3j alkoholowy produkowany z fermentowanego soku trzcinowego, z zawarto\u015bci\u0105 alkoholu na poziomie 38 lub 68%, z dodatkiem sze\u015bciu gram\u00f3w cukru na litr. Znany r\u00f3wnie\u017c jako aguardente i aguardiente, por\u00f3wnywany z w\u00f3dk\u0105.<\/span><\/div>\n<div style=\"color: #080808; font-family: &quot;;\"><span style=\"font-size: 12pt; font-family: inherit;\">Po destylacji cacha\u00e7a mo\u017ce by\u0107 butelkowana natychmiast, jednak lepsze gatunki poddaje si\u0119 dojrzewaniu w drewnianych kadziach, nawet przez ca\u0142y rok, co nadaje jej z\u0142ocisty kolor. Kadzie wykonane s\u0105 zazwyczaj z r\u00f3\u017cnych gatunk\u00f3w drewna spotykanych w Ameryce Po\u0142udniowej, cz\u0119sto bardzo egzotycznych dla mieszka\u0144c\u00f3w Europy, jak np. fernambuk, jatoba, migda\u0142owiec, tabeuia i guanandi.<br \/>Cacha\u00e7a smakuje podobnie do rumu i tequili, ale ma lekki posmak owocowy i jest bardziej wytrawna i cierpka w smaku.<br \/><\/span><\/div>\n<div style=\"color: #080808; font-family: &quot;;\"><span style=\"font-size: 12pt; font-family: inherit;\">Alkohol ten jest podstawowym sk\u0142adnikiem najbardziej popularnego brazylijskiego drinka o nazwie Caipirinha.<\/p>\n<p>Ypioca to j<span id=\"result_box\" lang=\"pl\" style=\"font-family: inherit;\" xml:lang=\"pl\"><span style=\"font-family: inherit;\">eden z najwi\u0119kszych producent\u00f3w Cachaca w Brazyli i i jeden z najlepszych.<\/span>\u00a0<span style=\"font-family: inherit;\">Trunek\u00a0 jest czysty i kryszta\u0142owy,\u00a0 idealny do orze\u017awiaj\u0105cego koktajlu\u00a0<\/span><\/span><span style=\"font-family: inherit;\">Caipirinha<\/span>.<br \/><span style=\"font-size: 12pt; font-family: inherit;\"><span lang=\"pl\" style=\"font-family: inherit;\" xml:lang=\"pl\"><span style=\"font-family: inherit;\">Butelkowana jest\u00a0 do butelek z r\u0119cznie plecionymi s\u0142omkami\u00a0<span lang=\"pl\" style=\"font-family: inherit;\" xml:lang=\"pl\"><span style=\"font-family: inherit;\">karnauba.<\/span><\/span><\/span><\/span><\/span><\/span><\/div>\n","protected":false},"excerpt":{"rendered":"<div style=\"color: #080808; font-family: &quot;;\"><span style=\"font-size: 12pt; font-family: inherit;\">Cachaca to bardzo popularny w Brazylii destylowany nap\u00f3j alkoholowy produkowany z fermentowanego soku trzcinowego, z zawarto\u015bci\u0105 alkoholu na poziomie 38 lub 68%, z dodatkiem sze\u015bciu gram\u00f3w cukru na litr. Znany r\u00f3wnie\u017c jako aguardente i aguardiente, por\u00f3wnywany z w\u00f3dk\u0105.<\/span><\/div>\n<div style=\"color: #080808; font-family: &quot;;\"><span style=\"font-size: 12pt; font-family: inherit;\">Po destylacji cacha\u00e7a mo\u017ce by\u0107 butelkowana natychmiast, jednak lepsze gatunki poddaje si\u0119 dojrzewaniu w drewnianych kadziach, nawet przez ca\u0142y rok, co nadaje jej z\u0142ocisty kolor. Kadzie wykonane s\u0105 zazwyczaj z r\u00f3\u017cnych gatunk\u00f3w drewna spotykanych w Ameryce Po\u0142udniowej, cz\u0119sto bardzo egzotycznych dla mieszka\u0144c\u00f3w Europy, jak np. fernambuk, jatoba, migda\u0142owiec, tabeuia i guanandi.<br \/>Cacha\u00e7a smakuje podobnie do rumu i tequili, ale ma lekki posmak owocowy i jest bardziej wytrawna i cierpka w smaku.<br \/><\/span><\/div>\n<div style=\"color: #080808; font-family: &quot;;\"><span style=\"font-size: 12pt; font-family: inherit;\">Alkohol ten jest podstawowym sk\u0142adnikiem najbardziej popularnego brazylijskiego drinka o nazwie Caipirinha.<\/p>\n<p>Ypioca to j<span id=\"result_box\" lang=\"pl\" style=\"font-family: inherit;\" xml:lang=\"pl\"><span style=\"font-family: inherit;\">eden z najwi\u0119kszych producent\u00f3w Cachaca w Brazyli i i jeden z najlepszych.<\/span>\u00a0<span style=\"font-family: inherit;\">Trunek\u00a0 jest czysty i kryszta\u0142owy,\u00a0 idealny do orze\u017awiaj\u0105cego koktajlu\u00a0<\/span><\/span><span style=\"font-family: inherit;\">Caipirinha<\/span>.<br \/><span style=\"font-size: 12pt; font-family: inherit;\"><span lang=\"pl\" style=\"font-family: inherit;\" xml:lang=\"pl\"><span style=\"font-family: inherit;\">Butelkowana jest\u00a0 do butelek z r\u0119cznie plecionymi s\u0142omkami\u00a0<span lang=\"pl\" style=\"font-family: inherit;\" xml:lang=\"pl\"><span style=\"font-family: inherit;\">karnauba.<\/span><\/span><\/span><\/span><\/span><\/span><\/div>\n","protected":false},"featured_media":16720,"comment_status":"open","ping_status":"closed","template":"","meta":[],"product_cat":[142,218],"product_tag":[],"class_list":{"0":"post-16721","1":"product","2":"type-product","3":"status-publish","4":"has-post-thumbnail","6":"product_cat-alkohole-mocne","7":"product_cat-cachaca-kaszasa","9":"first","10":"instock","11":"shipping-taxable","12":"purchasable","13":"product-type-simple"},"_links":{"self":[{"href":"http:\/\/delikatesy.wineport.pl\/index.php?rest_route=\/wp\/v2\/product\/16721","targetHints":{"allow":["GET"]}}],"collection":[{"href":"http:\/\/delikatesy.wineport.pl\/index.php?rest_route=\/wp\/v2\/product"}],"about":[{"href":"http:\/\/delikatesy.wineport.pl\/index.php?rest_route=\/wp\/v2\/types\/product"}],"replies":[{"embeddable":true,"href":"http:\/\/delikatesy.wineport.pl\/index.php?rest_route=%2Fwp%2Fv2%2Fcomments&post=16721"}],"wp:featuredmedia":[{"embeddable":true,"href":"http:\/\/delikatesy.wineport.pl\/index.php?rest_route=\/wp\/v2\/media\/16720"}],"wp:attachment":[{"href":"http:\/\/delikatesy.wineport.pl\/index.php?rest_route=%2Fwp%2Fv2%2Fmedia&parent=16721"}],"wp:term":[{"taxonomy":"product_cat","embeddable":true,"href":"http:\/\/delikatesy.wineport.pl\/index.php?rest_route=%2Fwp%2Fv2%2Fproduct_cat&post=16721"},{"taxonomy":"product_tag","embeddable":true,"href":"http:\/\/delikatesy.wineport.pl\/index.php?rest_route=%2Fwp%2Fv2%2Fproduct_tag&post=16721"}],"curies":[{"name":"wp","href":"https:\/\/api.w.org\/{rel}","templated":true}]}}