{"id":16731,"date":"2024-03-14T14:20:03","date_gmt":"2024-03-14T13:20:03","guid":{"rendered":"http:\/\/delikatesy.wineport.pl\/?product=hampden-est-overproof-jamaican-rum-60-0-7"},"modified":"2026-05-10T19:51:58","modified_gmt":"2026-05-10T17:51:58","slug":"hampden-est-overproof-jamaican-rum-60-0-7","status":"publish","type":"product","link":"http:\/\/delikatesy.wineport.pl\/?product=hampden-est-overproof-jamaican-rum-60-0-7","title":{"rendered":"HAMPDEN EST OVERPROOF JAMAICAN RUM 60% 0.7"},"content":{"rendered":"<div class=\"c-product__details c-text\" style=\"font-size: 1.4rem; font-family: Helvetica, Tahoma, sans-serif;\">\n<p><span class=\"h-ws-nw\">Kraj: Jamajka<\/span>\u00a0<span class=\"h-ws-nw\">Producent:\u00a0<a href=\"https:\/\/wina-mp.pl\/producent\/nikka\">Nikka<\/a>\u00a0<\/span>\u00a0<span class=\"h-ws-nw\">Poj.: 0.7<\/span>\u00a0<span class=\"h-ws-nw\">Zaw. Alk. %: 60.0<\/span><\/p>\n<\/p><\/div>\n<div class=\"c-product__desc c-text c-text--lh\" style=\"font-size: 1.4rem; font-family: Helvetica, Tahoma, sans-serif;\">\n<p>Wyj\u0105tkowy rum, kt\u00f3ry dojrzewa\u0142 8 lat w tropikalnym klimacie Jamajki. Imponuj\u0105cy, bardzo intensywny, wyczuwamy nuty wi\u015bni, drewna i r\u00f3\u017cnorodnych przypraw. W smaku wytrawna, z przyjemn\u0105 gorycz\u0105, a wy\u017csza zawarto\u015b\u0107 alkoholu (60%) wzmacnia nuty czerwonych owoc\u00f3w, przypraw i uwydatnia akcenty lakieru, kadzid\u0142a i d\u0119biny.<\/p>\n<\/p><\/div>\n","protected":false},"excerpt":{"rendered":"<div class=\"c-product__details c-text\" style=\"font-size: 1.4rem; font-family: Helvetica, Tahoma, sans-serif;\">\n<p><span class=\"h-ws-nw\">Kraj: Jamajka<\/span>\u00a0<span class=\"h-ws-nw\">Producent:\u00a0<a href=\"https:\/\/wina-mp.pl\/producent\/nikka\">Nikka<\/a>\u00a0<\/span>\u00a0<span class=\"h-ws-nw\">Poj.: 0.7<\/span>\u00a0<span class=\"h-ws-nw\">Zaw. Alk. %: 60.0<\/span><\/p>\n<\/p><\/div>\n<div class=\"c-product__desc c-text c-text--lh\" style=\"font-size: 1.4rem; font-family: Helvetica, Tahoma, sans-serif;\">\n<p>Wyj\u0105tkowy rum, kt\u00f3ry dojrzewa\u0142 8 lat w tropikalnym klimacie Jamajki. Imponuj\u0105cy, bardzo intensywny, wyczuwamy nuty wi\u015bni, drewna i r\u00f3\u017cnorodnych przypraw. W smaku wytrawna, z przyjemn\u0105 gorycz\u0105, a wy\u017csza zawarto\u015b\u0107 alkoholu (60%) wzmacnia nuty czerwonych owoc\u00f3w, przypraw i uwydatnia akcenty lakieru, kadzid\u0142a i d\u0119biny.<\/p>\n<\/p><\/div>\n","protected":false},"featured_media":16730,"comment_status":"open","ping_status":"closed","template":"","meta":[],"product_cat":[142,194],"product_tag":[],"class_list":{"0":"post-16731","1":"product","2":"type-product","3":"status-publish","4":"has-post-thumbnail","6":"product_cat-alkohole-mocne","7":"product_cat-gin","9":"first","10":"instock","11":"shipping-taxable","12":"purchasable","13":"product-type-simple"},"_links":{"self":[{"href":"http:\/\/delikatesy.wineport.pl\/index.php?rest_route=\/wp\/v2\/product\/16731","targetHints":{"allow":["GET"]}}],"collection":[{"href":"http:\/\/delikatesy.wineport.pl\/index.php?rest_route=\/wp\/v2\/product"}],"about":[{"href":"http:\/\/delikatesy.wineport.pl\/index.php?rest_route=\/wp\/v2\/types\/product"}],"replies":[{"embeddable":true,"href":"http:\/\/delikatesy.wineport.pl\/index.php?rest_route=%2Fwp%2Fv2%2Fcomments&post=16731"}],"wp:featuredmedia":[{"embeddable":true,"href":"http:\/\/delikatesy.wineport.pl\/index.php?rest_route=\/wp\/v2\/media\/16730"}],"wp:attachment":[{"href":"http:\/\/delikatesy.wineport.pl\/index.php?rest_route=%2Fwp%2Fv2%2Fmedia&parent=16731"}],"wp:term":[{"taxonomy":"product_cat","embeddable":true,"href":"http:\/\/delikatesy.wineport.pl\/index.php?rest_route=%2Fwp%2Fv2%2Fproduct_cat&post=16731"},{"taxonomy":"product_tag","embeddable":true,"href":"http:\/\/delikatesy.wineport.pl\/index.php?rest_route=%2Fwp%2Fv2%2Fproduct_tag&post=16731"}],"curies":[{"name":"wp","href":"https:\/\/api.w.org\/{rel}","templated":true}]}}