{"id":16741,"date":"2024-03-14T14:20:05","date_gmt":"2024-03-14T13:20:05","guid":{"rendered":"http:\/\/delikatesy.wineport.pl\/?product=christies-london-dry-gin-0-7"},"modified":"2026-05-10T19:51:58","modified_gmt":"2026-05-10T17:51:58","slug":"christies-london-dry-gin-0-7","status":"publish","type":"product","link":"http:\/\/delikatesy.wineport.pl\/?product=christies-london-dry-gin-0-7","title":{"rendered":"CHRISTIES LONDON DRY GIN 0.7"},"content":{"rendered":"<div class=\"c-product__details c-text\" style=\"font-size: 1.4rem; font-family: Helvetica, Tahoma, sans-serif;\">\n<p><span class=\"h-ws-nw\">Kraj: Szkocja<\/span>\u00a0<span class=\"h-ws-nw\">Producent:\u00a0<a href=\"https:\/\/wina-mp.pl\/producent\/loch-lomond-glen-scotia\">Loch Lomond \/ Glen Scotia<\/a>\u00a0<\/span>\u00a0<span class=\"h-ws-nw\">Poj.: 0.7<\/span>\u00a0<span class=\"h-ws-nw\">Zaw. Alk. %: 40.0<\/span><\/p>\n<\/p><\/div>\n<div class=\"c-product__desc c-text c-text--lh\" style=\"font-size: 1.4rem; font-family: Helvetica, Tahoma, sans-serif;\">\n<p>Kompozycja alkoholu zbo\u017cowego i naturalnych sk\u0142adnik\u00f3w: jag\u00f3d ja\u0142owca, nasion kolendry, arcydzi\u0119gla, imbiru, cynamonu, sk\u00f3rki owoc\u00f3w cytrusowych oraz zi\u00f3\u0142. Potr\u00f3jnie destylowany w miedzianych alembikach. Wysokiej jako\u015bci gin \u015bwietny do mieszania w koktajlach.<\/p>\n<\/p><\/div>\n","protected":false},"excerpt":{"rendered":"<div class=\"c-product__details c-text\" style=\"font-size: 1.4rem; font-family: Helvetica, Tahoma, sans-serif;\">\n<p><span class=\"h-ws-nw\">Kraj: Szkocja<\/span>\u00a0<span class=\"h-ws-nw\">Producent:\u00a0<a href=\"https:\/\/wina-mp.pl\/producent\/loch-lomond-glen-scotia\">Loch Lomond \/ Glen Scotia<\/a>\u00a0<\/span>\u00a0<span class=\"h-ws-nw\">Poj.: 0.7<\/span>\u00a0<span class=\"h-ws-nw\">Zaw. Alk. %: 40.0<\/span><\/p>\n<\/p><\/div>\n<div class=\"c-product__desc c-text c-text--lh\" style=\"font-size: 1.4rem; font-family: Helvetica, Tahoma, sans-serif;\">\n<p>Kompozycja alkoholu zbo\u017cowego i naturalnych sk\u0142adnik\u00f3w: jag\u00f3d ja\u0142owca, nasion kolendry, arcydzi\u0119gla, imbiru, cynamonu, sk\u00f3rki owoc\u00f3w cytrusowych oraz zi\u00f3\u0142. Potr\u00f3jnie destylowany w miedzianych alembikach. Wysokiej jako\u015bci gin \u015bwietny do mieszania w koktajlach.<\/p>\n<\/p><\/div>\n","protected":false},"featured_media":16740,"comment_status":"open","ping_status":"closed","template":"","meta":[],"product_cat":[142,194],"product_tag":[],"class_list":{"0":"post-16741","1":"product","2":"type-product","3":"status-publish","4":"has-post-thumbnail","6":"product_cat-alkohole-mocne","7":"product_cat-gin","9":"first","10":"instock","11":"shipping-taxable","12":"purchasable","13":"product-type-simple"},"_links":{"self":[{"href":"http:\/\/delikatesy.wineport.pl\/index.php?rest_route=\/wp\/v2\/product\/16741","targetHints":{"allow":["GET"]}}],"collection":[{"href":"http:\/\/delikatesy.wineport.pl\/index.php?rest_route=\/wp\/v2\/product"}],"about":[{"href":"http:\/\/delikatesy.wineport.pl\/index.php?rest_route=\/wp\/v2\/types\/product"}],"replies":[{"embeddable":true,"href":"http:\/\/delikatesy.wineport.pl\/index.php?rest_route=%2Fwp%2Fv2%2Fcomments&post=16741"}],"wp:featuredmedia":[{"embeddable":true,"href":"http:\/\/delikatesy.wineport.pl\/index.php?rest_route=\/wp\/v2\/media\/16740"}],"wp:attachment":[{"href":"http:\/\/delikatesy.wineport.pl\/index.php?rest_route=%2Fwp%2Fv2%2Fmedia&parent=16741"}],"wp:term":[{"taxonomy":"product_cat","embeddable":true,"href":"http:\/\/delikatesy.wineport.pl\/index.php?rest_route=%2Fwp%2Fv2%2Fproduct_cat&post=16741"},{"taxonomy":"product_tag","embeddable":true,"href":"http:\/\/delikatesy.wineport.pl\/index.php?rest_route=%2Fwp%2Fv2%2Fproduct_tag&post=16741"}],"curies":[{"name":"wp","href":"https:\/\/api.w.org\/{rel}","templated":true}]}}