{"id":16749,"date":"2024-03-14T14:20:07","date_gmt":"2024-03-14T13:20:07","guid":{"rendered":"http:\/\/delikatesy.wineport.pl\/?product=gin-z44-roner-0-7"},"modified":"2026-05-17T22:00:59","modified_gmt":"2026-05-17T20:00:59","slug":"gin-z44-roner-0-7","status":"publish","type":"product","link":"http:\/\/delikatesy.wineport.pl\/?product=gin-z44-roner-0-7","title":{"rendered":"Gin Z44 Roner 0.7"},"content":{"rendered":"<div class=\"c-product__details c-text\" style=\"font-size: 1.4rem; font-family: Helvetica, Tahoma, sans-serif;\">\n<p><span class=\"h-ws-nw\">Kraj: W\u0142ochy<\/span>\u00a0<span class=\"h-ws-nw\">Producent:\u00a0<a href=\"https:\/\/wina-mp.pl\/producent\/roner\">Roner<\/a>\u00a0<\/span>\u00a0<span class=\"h-ws-nw\">Poj.: 0.7<\/span>\u00a0<span class=\"h-ws-nw\">Zaw. Alk. %: 44.0<\/span><\/p>\n<\/p><\/div>\n<div class=\"c-product__desc c-text c-text--lh\" style=\"font-size: 1.4rem; font-family: Helvetica, Tahoma, sans-serif;\">\n<p>Z44 to znakomitej jako\u015bci gin. \u015awie\u017ca limonka, mieszanka alpejskich i \u015br\u00f3dziemnomorskich zi\u00f3\u0142, kwiaty z alpejskich \u0142\u0105k oraz \u015bwie\u017cy, mentolowy akcent szyszki. Typowe nuty ja\u0142owca uzupe\u0142nione s\u0105 fio\u0142kami, krwawnikiem i goryczk\u0105. Destylowany w ma\u0142ym alembiku, wyj\u0105tkowy, alpejski gin.<\/p>\n<\/p><\/div>\n","protected":false},"excerpt":{"rendered":"<div class=\"c-product__details c-text\" style=\"font-size: 1.4rem; font-family: Helvetica, Tahoma, sans-serif;\">\n<p><span class=\"h-ws-nw\">Kraj: W\u0142ochy<\/span>\u00a0<span class=\"h-ws-nw\">Producent:\u00a0<a href=\"https:\/\/wina-mp.pl\/producent\/roner\">Roner<\/a>\u00a0<\/span>\u00a0<span class=\"h-ws-nw\">Poj.: 0.7<\/span>\u00a0<span class=\"h-ws-nw\">Zaw. Alk. %: 44.0<\/span><\/p>\n<\/p><\/div>\n<div class=\"c-product__desc c-text c-text--lh\" style=\"font-size: 1.4rem; font-family: Helvetica, Tahoma, sans-serif;\">\n<p>Z44 to znakomitej jako\u015bci gin. \u015awie\u017ca limonka, mieszanka alpejskich i \u015br\u00f3dziemnomorskich zi\u00f3\u0142, kwiaty z alpejskich \u0142\u0105k oraz \u015bwie\u017cy, mentolowy akcent szyszki. Typowe nuty ja\u0142owca uzupe\u0142nione s\u0105 fio\u0142kami, krwawnikiem i goryczk\u0105. Destylowany w ma\u0142ym alembiku, wyj\u0105tkowy, alpejski gin.<\/p>\n<\/p><\/div>\n","protected":false},"featured_media":16748,"comment_status":"open","ping_status":"closed","template":"","meta":[],"product_cat":[142,194],"product_tag":[],"class_list":{"0":"post-16749","1":"product","2":"type-product","3":"status-publish","4":"has-post-thumbnail","6":"product_cat-alkohole-mocne","7":"product_cat-gin","9":"first","10":"instock","11":"shipping-taxable","12":"purchasable","13":"product-type-simple"},"_links":{"self":[{"href":"http:\/\/delikatesy.wineport.pl\/index.php?rest_route=\/wp\/v2\/product\/16749","targetHints":{"allow":["GET"]}}],"collection":[{"href":"http:\/\/delikatesy.wineport.pl\/index.php?rest_route=\/wp\/v2\/product"}],"about":[{"href":"http:\/\/delikatesy.wineport.pl\/index.php?rest_route=\/wp\/v2\/types\/product"}],"replies":[{"embeddable":true,"href":"http:\/\/delikatesy.wineport.pl\/index.php?rest_route=%2Fwp%2Fv2%2Fcomments&post=16749"}],"wp:featuredmedia":[{"embeddable":true,"href":"http:\/\/delikatesy.wineport.pl\/index.php?rest_route=\/wp\/v2\/media\/16748"}],"wp:attachment":[{"href":"http:\/\/delikatesy.wineport.pl\/index.php?rest_route=%2Fwp%2Fv2%2Fmedia&parent=16749"}],"wp:term":[{"taxonomy":"product_cat","embeddable":true,"href":"http:\/\/delikatesy.wineport.pl\/index.php?rest_route=%2Fwp%2Fv2%2Fproduct_cat&post=16749"},{"taxonomy":"product_tag","embeddable":true,"href":"http:\/\/delikatesy.wineport.pl\/index.php?rest_route=%2Fwp%2Fv2%2Fproduct_tag&post=16749"}],"curies":[{"name":"wp","href":"https:\/\/api.w.org\/{rel}","templated":true}]}}