{"id":16751,"date":"2024-03-14T14:20:08","date_gmt":"2024-03-14T13:20:08","guid":{"rendered":"http:\/\/delikatesy.wineport.pl\/?product=monte-alban-mezcal-0-7"},"modified":"2026-05-10T19:51:59","modified_gmt":"2026-05-10T17:51:59","slug":"monte-alban-mezcal-0-7","status":"publish","type":"product","link":"http:\/\/delikatesy.wineport.pl\/?product=monte-alban-mezcal-0-7","title":{"rendered":"MONTE ALBAN MEZCAL 0.7"},"content":{"rendered":"<p><span style=\"font-size: 19.36px; font-family: latoM;\">Mezcal \u2013 narodowy destylat meksyka\u0144ski o lekko s\u0142omkowym kolorze wyprodukowany z ca\u0142ego rdzenia (pi\u00f1a) agawy zielonej. Monte Alban Mezcal to trunek z rodzaju \u201econ gusano\u201d \u2013 zawieraj\u0105cy larw\u0119 \u0107my z gatunku Hypopta agavis \u017ceruj\u0105cej na agawie. Trunek, przez wzgl\u0105d na obecno\u015b\u0107 robaka idealny dla prawdziwych m\u0119\u017cczyzn, ale bior\u0105c pod uwag\u0119 jego walory aromatyczne i smakowe przypadnie do gustu r\u00f3wnie\u017c wi\u0119kszo\u015bci kobiet. B\u0142yszcz\u0105ca, z\u0142ota barwa. Aromaty pieczonej\/palonej agawy i grillowanego ananasa. W smaku mi\u0119kki pocz\u0105tek przechodz\u0105cy w nuty grillowanych owoc\u00f3w, \u015bliwek i lekkiej mineralno\u015bci. W finiszu wyczuwalny przypieczony ananas, bia\u0142y pieprz i s\u0142oma.<\/span><\/p>\n","protected":false},"excerpt":{"rendered":"<p><span style=\"font-size: 19.36px; font-family: latoM;\">Mezcal \u2013 narodowy destylat meksyka\u0144ski o lekko s\u0142omkowym kolorze wyprodukowany z ca\u0142ego rdzenia (pi\u00f1a) agawy zielonej. Monte Alban Mezcal to trunek z rodzaju \u201econ gusano\u201d \u2013 zawieraj\u0105cy larw\u0119 \u0107my z gatunku Hypopta agavis \u017ceruj\u0105cej na agawie. Trunek, przez wzgl\u0105d na obecno\u015b\u0107 robaka idealny dla prawdziwych m\u0119\u017cczyzn, ale bior\u0105c pod uwag\u0119 jego walory aromatyczne i smakowe przypadnie do gustu r\u00f3wnie\u017c wi\u0119kszo\u015bci kobiet. B\u0142yszcz\u0105ca, z\u0142ota barwa. Aromaty pieczonej\/palonej agawy i grillowanego ananasa. W smaku mi\u0119kki pocz\u0105tek przechodz\u0105cy w nuty grillowanych owoc\u00f3w, \u015bliwek i lekkiej mineralno\u015bci. W finiszu wyczuwalny przypieczony ananas, bia\u0142y pieprz i s\u0142oma.<\/span><\/p>\n","protected":false},"featured_media":16750,"comment_status":"open","ping_status":"closed","template":"","meta":[],"product_cat":[142,195],"product_tag":[],"class_list":{"0":"post-16751","1":"product","2":"type-product","3":"status-publish","4":"has-post-thumbnail","6":"product_cat-alkohole-mocne","7":"product_cat-tequila","9":"first","10":"instock","11":"shipping-taxable","12":"purchasable","13":"product-type-simple"},"_links":{"self":[{"href":"http:\/\/delikatesy.wineport.pl\/index.php?rest_route=\/wp\/v2\/product\/16751","targetHints":{"allow":["GET"]}}],"collection":[{"href":"http:\/\/delikatesy.wineport.pl\/index.php?rest_route=\/wp\/v2\/product"}],"about":[{"href":"http:\/\/delikatesy.wineport.pl\/index.php?rest_route=\/wp\/v2\/types\/product"}],"replies":[{"embeddable":true,"href":"http:\/\/delikatesy.wineport.pl\/index.php?rest_route=%2Fwp%2Fv2%2Fcomments&post=16751"}],"wp:featuredmedia":[{"embeddable":true,"href":"http:\/\/delikatesy.wineport.pl\/index.php?rest_route=\/wp\/v2\/media\/16750"}],"wp:attachment":[{"href":"http:\/\/delikatesy.wineport.pl\/index.php?rest_route=%2Fwp%2Fv2%2Fmedia&parent=16751"}],"wp:term":[{"taxonomy":"product_cat","embeddable":true,"href":"http:\/\/delikatesy.wineport.pl\/index.php?rest_route=%2Fwp%2Fv2%2Fproduct_cat&post=16751"},{"taxonomy":"product_tag","embeddable":true,"href":"http:\/\/delikatesy.wineport.pl\/index.php?rest_route=%2Fwp%2Fv2%2Fproduct_tag&post=16751"}],"curies":[{"name":"wp","href":"https:\/\/api.w.org\/{rel}","templated":true}]}}