{"id":16776,"date":"2024-03-14T14:20:15","date_gmt":"2024-03-14T13:20:15","guid":{"rendered":"http:\/\/delikatesy.wineport.pl\/?product=grande-absente-69-0-7"},"modified":"2026-04-01T20:36:10","modified_gmt":"2026-04-01T18:36:10","slug":"grande-absente-69-0-7","status":"publish","type":"product","link":"http:\/\/delikatesy.wineport.pl\/?product=grande-absente-69-0-7","title":{"rendered":"GRANDE ABSENTE 69% 0.7"},"content":{"rendered":"<div class=\"c-product__details c-text\" style=\"font-size: 1.4rem; font-family: Helvetica, Tahoma, sans-serif;\">\n<p><span class=\"h-ws-nw\">Kraj: Francja<\/span>\u00a0<span class=\"h-ws-nw\">Region: Prowansja<\/span>\u00a0<span class=\"h-ws-nw\">Producent:\u00a0<a href=\"https:\/\/wina-mp.pl\/producent\/distilleries-et-domaines-prove\">Distilleries Et Domaines Prove<\/a>\u00a0<\/span>\u00a0<span class=\"h-ws-nw\">Poj.: 0.7<\/span>\u00a0<span class=\"h-ws-nw\">Zaw. Alk. %: 69.0<\/span><\/p>\n<\/p><\/div>\n<div class=\"c-product__desc c-text c-text--lh\" style=\"font-size: 1.4rem; font-family: Helvetica, Tahoma, sans-serif;\">\n<p>Grande Absente to kompozycja alkoholu, cukru, wyci\u0105gu z pio\u0142unu, any\u017cu, melisy, mi\u0119ty i naturalnych barwnik\u00f3w. Trunek charakteryzuje si\u0119 bardzo intensywnymi aromatami mentolu, kamfory, \u015bwie\u017cego any\u017cu i przypraw korzennych. Grande Absente zawiera du\u017co pio\u0142unu, kt\u00f3ry nadaje mu charakterystycznej goryczy. R\u00f3wnie\u017c zawarto\u015b\u0107 alkoholu jest do\u015b\u0107 wysoka (69%), a zawarto\u015b\u0107 tujonu w Zielonej Wr\u00f3\u017cce \u2013 najwy\u017csza dopuszczalna prawnie. To produkt autentyczny, prowokacyjny i wyj\u0105tkowy. Typowy bitter o wysokim alkoholu i wyczuwalnej goryczy.<\/p>\n<\/p><\/div>\n","protected":false},"excerpt":{"rendered":"<div class=\"c-product__details c-text\" style=\"font-size: 1.4rem; font-family: Helvetica, Tahoma, sans-serif;\">\n<p><span class=\"h-ws-nw\">Kraj: Francja<\/span>\u00a0<span class=\"h-ws-nw\">Region: Prowansja<\/span>\u00a0<span class=\"h-ws-nw\">Producent:\u00a0<a href=\"https:\/\/wina-mp.pl\/producent\/distilleries-et-domaines-prove\">Distilleries Et Domaines Prove<\/a>\u00a0<\/span>\u00a0<span class=\"h-ws-nw\">Poj.: 0.7<\/span>\u00a0<span class=\"h-ws-nw\">Zaw. Alk. %: 69.0<\/span><\/p>\n<\/p><\/div>\n<div class=\"c-product__desc c-text c-text--lh\" style=\"font-size: 1.4rem; font-family: Helvetica, Tahoma, sans-serif;\">\n<p>Grande Absente to kompozycja alkoholu, cukru, wyci\u0105gu z pio\u0142unu, any\u017cu, melisy, mi\u0119ty i naturalnych barwnik\u00f3w. Trunek charakteryzuje si\u0119 bardzo intensywnymi aromatami mentolu, kamfory, \u015bwie\u017cego any\u017cu i przypraw korzennych. Grande Absente zawiera du\u017co pio\u0142unu, kt\u00f3ry nadaje mu charakterystycznej goryczy. R\u00f3wnie\u017c zawarto\u015b\u0107 alkoholu jest do\u015b\u0107 wysoka (69%), a zawarto\u015b\u0107 tujonu w Zielonej Wr\u00f3\u017cce \u2013 najwy\u017csza dopuszczalna prawnie. To produkt autentyczny, prowokacyjny i wyj\u0105tkowy. Typowy bitter o wysokim alkoholu i wyczuwalnej goryczy.<\/p>\n<\/p><\/div>\n","protected":false},"featured_media":16775,"comment_status":"open","ping_status":"closed","template":"","meta":[],"product_cat":[142],"product_tag":[],"class_list":{"0":"post-16776","1":"product","2":"type-product","3":"status-publish","4":"has-post-thumbnail","6":"product_cat-alkohole-mocne","8":"first","9":"instock","10":"shipping-taxable","11":"purchasable","12":"product-type-simple"},"_links":{"self":[{"href":"http:\/\/delikatesy.wineport.pl\/index.php?rest_route=\/wp\/v2\/product\/16776","targetHints":{"allow":["GET"]}}],"collection":[{"href":"http:\/\/delikatesy.wineport.pl\/index.php?rest_route=\/wp\/v2\/product"}],"about":[{"href":"http:\/\/delikatesy.wineport.pl\/index.php?rest_route=\/wp\/v2\/types\/product"}],"replies":[{"embeddable":true,"href":"http:\/\/delikatesy.wineport.pl\/index.php?rest_route=%2Fwp%2Fv2%2Fcomments&post=16776"}],"wp:featuredmedia":[{"embeddable":true,"href":"http:\/\/delikatesy.wineport.pl\/index.php?rest_route=\/wp\/v2\/media\/16775"}],"wp:attachment":[{"href":"http:\/\/delikatesy.wineport.pl\/index.php?rest_route=%2Fwp%2Fv2%2Fmedia&parent=16776"}],"wp:term":[{"taxonomy":"product_cat","embeddable":true,"href":"http:\/\/delikatesy.wineport.pl\/index.php?rest_route=%2Fwp%2Fv2%2Fproduct_cat&post=16776"},{"taxonomy":"product_tag","embeddable":true,"href":"http:\/\/delikatesy.wineport.pl\/index.php?rest_route=%2Fwp%2Fv2%2Fproduct_tag&post=16776"}],"curies":[{"name":"wp","href":"https:\/\/api.w.org\/{rel}","templated":true}]}}