{"id":16826,"date":"2024-03-14T14:21:15","date_gmt":"2024-03-14T13:21:15","guid":{"rendered":"http:\/\/delikatesy.wineport.pl\/?product=rum-dictador-12-yo-07l-kolumbia"},"modified":"2026-05-10T19:53:11","modified_gmt":"2026-05-10T17:53:11","slug":"rum-dictador-12-yo-07l-kolumbia","status":"publish","type":"product","link":"http:\/\/delikatesy.wineport.pl\/?product=rum-dictador-12-yo-07l-kolumbia","title":{"rendered":"Rum Dictador 12 YO 0,7l Kolumbia"},"content":{"rendered":"<p><span style=\"font-family: Montserrat, sans-serif; background-color: rgba(255, 255, 255, 0.8);\">Rum Dictador 12 YO jest doskona\u0142ym rumem wytwarzanym z najwy\u017cszej jako\u015bci soku z trzciny cukrowej. Pi\u0119kny ciemno bursztynowy kolor uzyskany zosta\u0142 dzi\u0119ki starzeniu w d\u0119bowych beczkach. Bogaty i z\u0142o\u017cony aromat z nutami suszonych owoc\u00f3w, wanili, karmelu, tytoniu i czere\u015bni zadowoli najbardziej wymagaj\u0105cego konesera rumu.<\/span><\/p>\n","protected":false},"excerpt":{"rendered":"<p><span style=\"font-family: Montserrat, sans-serif; background-color: rgba(255, 255, 255, 0.8);\">Rum Dictador 12 YO jest doskona\u0142ym rumem wytwarzanym z najwy\u017cszej jako\u015bci soku z trzciny cukrowej. Pi\u0119kny ciemno bursztynowy kolor uzyskany zosta\u0142 dzi\u0119ki starzeniu w d\u0119bowych beczkach. Bogaty i z\u0142o\u017cony aromat z nutami suszonych owoc\u00f3w, wanili, karmelu, tytoniu i czere\u015bni zadowoli najbardziej wymagaj\u0105cego konesera rumu.<\/span><\/p>\n","protected":false},"featured_media":16825,"comment_status":"open","ping_status":"closed","template":"","meta":[],"product_cat":[142,200],"product_tag":[],"class_list":{"0":"post-16826","1":"product","2":"type-product","3":"status-publish","4":"has-post-thumbnail","6":"product_cat-alkohole-mocne","7":"product_cat-rum","9":"first","10":"instock","11":"shipping-taxable","12":"purchasable","13":"product-type-simple"},"_links":{"self":[{"href":"http:\/\/delikatesy.wineport.pl\/index.php?rest_route=\/wp\/v2\/product\/16826","targetHints":{"allow":["GET"]}}],"collection":[{"href":"http:\/\/delikatesy.wineport.pl\/index.php?rest_route=\/wp\/v2\/product"}],"about":[{"href":"http:\/\/delikatesy.wineport.pl\/index.php?rest_route=\/wp\/v2\/types\/product"}],"replies":[{"embeddable":true,"href":"http:\/\/delikatesy.wineport.pl\/index.php?rest_route=%2Fwp%2Fv2%2Fcomments&post=16826"}],"wp:featuredmedia":[{"embeddable":true,"href":"http:\/\/delikatesy.wineport.pl\/index.php?rest_route=\/wp\/v2\/media\/16825"}],"wp:attachment":[{"href":"http:\/\/delikatesy.wineport.pl\/index.php?rest_route=%2Fwp%2Fv2%2Fmedia&parent=16826"}],"wp:term":[{"taxonomy":"product_cat","embeddable":true,"href":"http:\/\/delikatesy.wineport.pl\/index.php?rest_route=%2Fwp%2Fv2%2Fproduct_cat&post=16826"},{"taxonomy":"product_tag","embeddable":true,"href":"http:\/\/delikatesy.wineport.pl\/index.php?rest_route=%2Fwp%2Fv2%2Fproduct_tag&post=16826"}],"curies":[{"name":"wp","href":"https:\/\/api.w.org\/{rel}","templated":true}]}}