{"id":16828,"date":"2024-03-14T14:21:16","date_gmt":"2024-03-14T13:21:16","guid":{"rendered":"http:\/\/delikatesy.wineport.pl\/?product=rum-dictador-20y-kart-07l-40"},"modified":"2026-05-10T19:53:11","modified_gmt":"2026-05-10T17:53:11","slug":"rum-dictador-20y-kart-07l-40","status":"publish","type":"product","link":"http:\/\/delikatesy.wineport.pl\/?product=rum-dictador-20y-kart-07l-40","title":{"rendered":"RUM DICTADOR 20Y KART 0,7L 40%"},"content":{"rendered":"<h2 style=\"color: #ffffff; font-size: 12px; font-family: &quot;;\"><span style=\"color: #000000;\">POJEMNO\u015a\u0106: 0,7L<\/span><\/h2>\n<h2 style=\"color: #ffffff; font-size: 12px; font-family: &quot;;\"><span style=\"color: #000000;\">KRAJ: KOLUMBIA<\/span><\/h2>\n<h2 style=\"color: #ffffff; font-size: 12px; font-family: &quot;;\"><span style=\"color: #000000;\">ALKOHOL: 40%<\/span><\/h2>\n<h2 style=\"color: #ffffff; font-size: 12px; font-family: &quot;;\"><span style=\"color: #000000;\">OPAKOWANIE: KARTON<\/span><\/h2>\n<h2 style=\"color: #ffffff; font-size: 12px; font-family: &quot;;\"><span style=\"color: #000000;\">DICTADOR 20 YEARS ULTRA RESERVE<\/span><\/h2>\n<h2 id=\"component_projector_longdescription_top\" class=\"projector_longdescription cm\" style=\"color: #ffffff; font-size: 12px; font-family: &quot;;\"><span style=\"color: #000000;\">RUM POWSTA\u0141Y W EFEKCIE DESTYLACJI W ALEMBIKACH ORAZ W APARATACH KOLUMNOWYCH, LE\u017bAKOWANY W D\u0118BOWYCH BECZKACH. KOLOR CIEMNOBURSZTYNOWY Z BORDOWYMI ODCIENIAMI. W NOSIE MOCNY AROMAT KARMELU, WANILII I TOFFI PRZE\u0141AMANY KAW\u0104 I NUTAMI D\u0118BOWYMI. W SMAKU KARMEL, WANILIA, KAKAO I MI\u00d3D.<\/span><\/h2>\n<div class=\"product_info_top\" style=\"color: #807a74; font-family: &quot; background-color: #1d1a16;\">\n<h2 class=\"producer\" style=\"color: #ffffff; font-size: 12px;\"><span style=\"color: #000000;\">PRODUCENT:\u00a0<a class=\"brand\" style=\"color: #ffffff;\" title=\"Kliknij, by zobaczy\u0107 wszystkie produkty tego producenta\" href=\"https:\/\/domwina.pl\/firm-pol-1308137319-Destileria-Colombiana.html\"><span style=\"color: #000000;\">DESTILERIA COLOMBIANA<\/span><\/a><\/span><\/h2>\n<\/p><\/div>\n","protected":false},"excerpt":{"rendered":"<h2 style=\"color: #ffffff; font-size: 12px; font-family: &quot;;\">POJEMNO\u015a\u0106: 0,7L<\/h2>\n<h2 style=\"color: #ffffff; font-size: 12px; font-family: &quot;;\">KRAJ: KOLUMBIA<\/h2>\n<h2 style=\"color: #ffffff; font-size: 12px; font-family: &quot;;\">ALKOHOL: 40%<\/h2>\n<h2 style=\"color: #ffffff; font-size: 12px; font-family: &quot;;\">OPAKOWANIE: KARTON<\/h2>\n<h2 style=\"color: #ffffff; font-size: 12px; font-family: &quot;;\">DICTADOR 20 YEARS ULTRA RESERVE<\/h2>\n<h2 id=\"component_projector_longdescription_top\" class=\"projector_longdescription cm\" style=\"color: #ffffff; font-size: 12px; font-family: &quot;;\">RUM POWSTA\u0141Y W EFEKCIE DESTYLACJI W ALEMBIKACH ORAZ W APARATACH KOLUMNOWYCH, LE\u017bAKOWANY W D\u0118BOWYCH BECZKACH. KOLOR CIEMNOBURSZTYNOWY Z BORDOWYMI ODCIENIAMI. W NOSIE MOCNY AROMAT KARMELU, WANILII I TOFFI PRZE\u0141AMANY KAW\u0104 I NUTAMI D\u0118BOWYMI. W SMAKU KARMEL, WANILIA, KAKAO I MI\u00d3D.<\/h2>\n<div class=\"product_info_top\" style=\"color: #807a74; font-family: &quot; background-color: #1d1a16;\">\n<h2 class=\"producer\" style=\"color: #ffffff; font-size: 12px;\">PRODUCENT:\u00a0<a class=\"brand\" style=\"color: #ffffff;\" title=\"Kliknij, by zobaczy\u0107 wszystkie produkty tego producenta\" href=\"https:\/\/domwina.pl\/firm-pol-1308137319-Destileria-Colombiana.html\">DESTILERIA COLOMBIANA<\/a><\/h2>\n<\/p><\/div>\n<div class=\"product_info_top\" style=\"color: #807a74; font-family: &quot; background-color: #1d1a16;\">\u00a0<\/div>\n","protected":false},"featured_media":16827,"comment_status":"open","ping_status":"closed","template":"","meta":[],"product_cat":[142,200],"product_tag":[],"class_list":{"0":"post-16828","1":"product","2":"type-product","3":"status-publish","4":"has-post-thumbnail","6":"product_cat-alkohole-mocne","7":"product_cat-rum","9":"first","10":"instock","11":"shipping-taxable","12":"purchasable","13":"product-type-simple"},"_links":{"self":[{"href":"http:\/\/delikatesy.wineport.pl\/index.php?rest_route=\/wp\/v2\/product\/16828","targetHints":{"allow":["GET"]}}],"collection":[{"href":"http:\/\/delikatesy.wineport.pl\/index.php?rest_route=\/wp\/v2\/product"}],"about":[{"href":"http:\/\/delikatesy.wineport.pl\/index.php?rest_route=\/wp\/v2\/types\/product"}],"replies":[{"embeddable":true,"href":"http:\/\/delikatesy.wineport.pl\/index.php?rest_route=%2Fwp%2Fv2%2Fcomments&post=16828"}],"wp:featuredmedia":[{"embeddable":true,"href":"http:\/\/delikatesy.wineport.pl\/index.php?rest_route=\/wp\/v2\/media\/16827"}],"wp:attachment":[{"href":"http:\/\/delikatesy.wineport.pl\/index.php?rest_route=%2Fwp%2Fv2%2Fmedia&parent=16828"}],"wp:term":[{"taxonomy":"product_cat","embeddable":true,"href":"http:\/\/delikatesy.wineport.pl\/index.php?rest_route=%2Fwp%2Fv2%2Fproduct_cat&post=16828"},{"taxonomy":"product_tag","embeddable":true,"href":"http:\/\/delikatesy.wineport.pl\/index.php?rest_route=%2Fwp%2Fv2%2Fproduct_tag&post=16828"}],"curies":[{"name":"wp","href":"https:\/\/api.w.org\/{rel}","templated":true}]}}