{"id":16830,"date":"2024-03-14T14:21:16","date_gmt":"2024-03-14T13:21:16","guid":{"rendered":"http:\/\/delikatesy.wineport.pl\/?product=rum-dictador-insolent-karton-0-7l"},"modified":"2026-05-10T19:53:11","modified_gmt":"2026-05-10T17:53:11","slug":"rum-dictador-insolent-karton-0-7l","status":"publish","type":"product","link":"http:\/\/delikatesy.wineport.pl\/?product=rum-dictador-insolent-karton-0-7l","title":{"rendered":"RUM DICTADOR INSOLENT KARTON 0.7l"},"content":{"rendered":"<p style=\"font-family: &quot;;\">Dictador XO Insolent\u00a0to rum o g\u0142\u0119bokim, szlachetnym kolorze mahoniu. Charakteryzuje si\u0119 hipnotycznym zawi\u0142ym zapachem, czystego miodu, wanilii, toffi, dojrza\u0142ego d\u0119bu i karmelu. W ustach jest niezwykle g\u0142adki, wykwintny w smaku, poczynaj\u0105c od kr\u00f3wki, intensywnej wanilii, karmelu oraz kolumbijskiej \u00a0kawy, z d\u0142ugim finiszem.<\/p>\n<p style=\"font-family: &quot;;\">Historia rumu Dictador rozpoczyna si\u0119 w roku 1751, kiedy to Severo Arango Ferro przyby\u0142 do Cartagena de Indias, by kontrolowa\u0107 i umacnia\u0107 handel pomi\u0119dzy Hiszpani\u0105 a jej zamorsk\u0105 koloni\u0105. Dzi\u0119ki swej wiedzy i sile zdoby\u0142 szybko przydomek Dictador.<\/p>\n<p style=\"font-family: &quot;;\">Zauroczony smakiem i elegancj\u0105 wytwarzanego rumu zosta\u0142 najwi\u0119kszym producentem i sprzedawc\u0105 tego trunku. 160 lat p\u00f3\u017aniej, w 1913 roku, Don Julio Arangoy Parra, potomek Dictadora, za\u0142o\u017cy\u0142 firm\u0119 Destileria Columbiana, zostaj\u0105c po latach najlepszym producentem rumu w rejonie Karaib\u00f3w. Trzecia generacja rodziny Arango utworzy\u0142a projekt Dictador Europe rozpoczynaj\u0105c mi\u0119dzynarodow\u0105 ekspansje tej marki.<\/p>\n","protected":false},"excerpt":{"rendered":"<p style=\"font-family: &quot;;\">Dictador XO Insolent\u00a0to rum o g\u0142\u0119bokim, szlachetnym kolorze mahoniu. Charakteryzuje si\u0119 hipnotycznym zawi\u0142ym zapachem, czystego miodu, wanilii, toffi, dojrza\u0142ego d\u0119bu i karmelu. W ustach jest niezwykle g\u0142adki, wykwintny w smaku, poczynaj\u0105c od kr\u00f3wki, intensywnej wanilii, karmelu oraz kolumbijskiej \u00a0kawy, z d\u0142ugim finiszem.<\/p>\n<p style=\"font-family: &quot;;\">Historia rumu Dictador rozpoczyna si\u0119 w roku 1751, kiedy to Severo Arango Ferro przyby\u0142 do Cartagena de Indias, by kontrolowa\u0107 i umacnia\u0107 handel pomi\u0119dzy Hiszpani\u0105 a jej zamorsk\u0105 koloni\u0105. Dzi\u0119ki swej wiedzy i sile zdoby\u0142 szybko przydomek Dictador.<\/p>\n<p style=\"font-family: &quot;;\">Zauroczony smakiem i elegancj\u0105 wytwarzanego rumu zosta\u0142 najwi\u0119kszym producentem i sprzedawc\u0105 tego trunku. 160 lat p\u00f3\u017aniej, w 1913 roku, Don Julio Arangoy Parra, potomek Dictadora, za\u0142o\u017cy\u0142 firm\u0119 Destileria Columbiana, zostaj\u0105c po latach najlepszym producentem rumu w rejonie Karaib\u00f3w. Trzecia generacja rodziny Arango utworzy\u0142a projekt Dictador Europe rozpoczynaj\u0105c mi\u0119dzynarodow\u0105 ekspansje tej marki.<\/p>\n","protected":false},"featured_media":16829,"comment_status":"open","ping_status":"closed","template":"","meta":[],"product_cat":[142,200],"product_tag":[],"class_list":{"0":"post-16830","1":"product","2":"type-product","3":"status-publish","4":"has-post-thumbnail","6":"product_cat-alkohole-mocne","7":"product_cat-rum","9":"first","10":"instock","11":"shipping-taxable","12":"purchasable","13":"product-type-simple"},"_links":{"self":[{"href":"http:\/\/delikatesy.wineport.pl\/index.php?rest_route=\/wp\/v2\/product\/16830","targetHints":{"allow":["GET"]}}],"collection":[{"href":"http:\/\/delikatesy.wineport.pl\/index.php?rest_route=\/wp\/v2\/product"}],"about":[{"href":"http:\/\/delikatesy.wineport.pl\/index.php?rest_route=\/wp\/v2\/types\/product"}],"replies":[{"embeddable":true,"href":"http:\/\/delikatesy.wineport.pl\/index.php?rest_route=%2Fwp%2Fv2%2Fcomments&post=16830"}],"wp:featuredmedia":[{"embeddable":true,"href":"http:\/\/delikatesy.wineport.pl\/index.php?rest_route=\/wp\/v2\/media\/16829"}],"wp:attachment":[{"href":"http:\/\/delikatesy.wineport.pl\/index.php?rest_route=%2Fwp%2Fv2%2Fmedia&parent=16830"}],"wp:term":[{"taxonomy":"product_cat","embeddable":true,"href":"http:\/\/delikatesy.wineport.pl\/index.php?rest_route=%2Fwp%2Fv2%2Fproduct_cat&post=16830"},{"taxonomy":"product_tag","embeddable":true,"href":"http:\/\/delikatesy.wineport.pl\/index.php?rest_route=%2Fwp%2Fv2%2Fproduct_tag&post=16830"}],"curies":[{"name":"wp","href":"https:\/\/api.w.org\/{rel}","templated":true}]}}