{"id":16838,"date":"2024-03-14T14:21:18","date_gmt":"2024-03-14T13:21:18","guid":{"rendered":"http:\/\/delikatesy.wineport.pl\/?product=gin-tanqueray-no-ten-473-07"},"modified":"2026-05-10T19:54:04","modified_gmt":"2026-05-10T17:54:04","slug":"gin-tanqueray-no-ten-473-07","status":"publish","type":"product","link":"http:\/\/delikatesy.wineport.pl\/?product=gin-tanqueray-no-ten-473-07","title":{"rendered":"GIN TANQUERAY NO.TEN 47,3% 0,7"},"content":{"rendered":"<p style=\"font-family: Montserrat, sans-serif;\">Tanqueray No. Ten to najwy\u017cszej klasy trunek prosto z Wielkiej Brytanii \u2013 \u015bwiatowej stolicy ginu. Wytwarza si\u0119 go w Szkocji, a najwi\u0119ksz\u0105 popularno\u015bci\u0105 cieszy si\u0119&#8230; w Ameryce P\u00f3\u0142nocnej.<\/p>\n<p style=\"font-family: Montserrat, sans-serif;\">Ten doskona\u0142y gin destylowany jest wy\u0142\u0105cznie ze \u015bwie\u017cych owoc\u00f3w ja\u0142owca, bia\u0142ego grejpfruta, pomara\u0144czy i limonki. Doprawia si\u0119 go zio\u0142ami, takimi jak kolendra i rumianek.\u00a0Znakomity smak i aksamitnie g\u0142adkie wyko\u0144czenie sprawiaj\u0105, \u017ce doskonale smakuje\u00a0zar\u00f3wno solo,\u00a0jak i\u00a0w\u00a0rozmaitych\u00a0drinkach.<\/p>\n<p style=\"font-family: Montserrat, sans-serif;\">Edycja limitowana \u2013 butelka zamkni\u0119ta w dekoracyjnej, metalowej klatce.<\/p>\n","protected":false},"excerpt":{"rendered":"<p style=\"font-family: Montserrat, sans-serif;\">Tanqueray No. Ten to najwy\u017cszej klasy trunek prosto z Wielkiej Brytanii \u2013 \u015bwiatowej stolicy ginu. Wytwarza si\u0119 go w Szkocji, a najwi\u0119ksz\u0105 popularno\u015bci\u0105 cieszy si\u0119&#8230; w Ameryce P\u00f3\u0142nocnej.<\/p>\n<p style=\"font-family: Montserrat, sans-serif;\">Ten doskona\u0142y gin destylowany jest wy\u0142\u0105cznie ze \u015bwie\u017cych owoc\u00f3w ja\u0142owca, bia\u0142ego grejpfruta, pomara\u0144czy i limonki. Doprawia si\u0119 go zio\u0142ami, takimi jak kolendra i rumianek.\u00a0Znakomity smak i aksamitnie g\u0142adkie wyko\u0144czenie sprawiaj\u0105, \u017ce doskonale smakuje\u00a0zar\u00f3wno solo,\u00a0jak i\u00a0w\u00a0rozmaitych\u00a0drinkach.<\/p>\n<p style=\"font-family: Montserrat, sans-serif;\">Edycja limitowana \u2013 butelka zamkni\u0119ta w dekoracyjnej, metalowej klatce.<\/p>\n","protected":false},"featured_media":16837,"comment_status":"open","ping_status":"closed","template":"","meta":[],"product_cat":[142,194],"product_tag":[],"class_list":{"0":"post-16838","1":"product","2":"type-product","3":"status-publish","4":"has-post-thumbnail","6":"product_cat-alkohole-mocne","7":"product_cat-gin","9":"first","10":"instock","11":"shipping-taxable","12":"purchasable","13":"product-type-simple"},"_links":{"self":[{"href":"http:\/\/delikatesy.wineport.pl\/index.php?rest_route=\/wp\/v2\/product\/16838","targetHints":{"allow":["GET"]}}],"collection":[{"href":"http:\/\/delikatesy.wineport.pl\/index.php?rest_route=\/wp\/v2\/product"}],"about":[{"href":"http:\/\/delikatesy.wineport.pl\/index.php?rest_route=\/wp\/v2\/types\/product"}],"replies":[{"embeddable":true,"href":"http:\/\/delikatesy.wineport.pl\/index.php?rest_route=%2Fwp%2Fv2%2Fcomments&post=16838"}],"wp:featuredmedia":[{"embeddable":true,"href":"http:\/\/delikatesy.wineport.pl\/index.php?rest_route=\/wp\/v2\/media\/16837"}],"wp:attachment":[{"href":"http:\/\/delikatesy.wineport.pl\/index.php?rest_route=%2Fwp%2Fv2%2Fmedia&parent=16838"}],"wp:term":[{"taxonomy":"product_cat","embeddable":true,"href":"http:\/\/delikatesy.wineport.pl\/index.php?rest_route=%2Fwp%2Fv2%2Fproduct_cat&post=16838"},{"taxonomy":"product_tag","embeddable":true,"href":"http:\/\/delikatesy.wineport.pl\/index.php?rest_route=%2Fwp%2Fv2%2Fproduct_tag&post=16838"}],"curies":[{"name":"wp","href":"https:\/\/api.w.org\/{rel}","templated":true}]}}