{"id":16854,"date":"2024-03-14T14:21:27","date_gmt":"2024-03-14T13:21:27","guid":{"rendered":"http:\/\/delikatesy.wineport.pl\/?product=ballantines-glenburgie-15yo-whisky-07l-40"},"modified":"2026-05-10T19:54:05","modified_gmt":"2026-05-10T17:54:05","slug":"ballantines-glenburgie-15yo-whisky-07l-40","status":"publish","type":"product","link":"http:\/\/delikatesy.wineport.pl\/?product=ballantines-glenburgie-15yo-whisky-07l-40","title":{"rendered":"BALLANTINE`S GLENBURGIE 15YO WHISKY 0,7L 40%"},"content":{"rendered":"<p><span style=\"color: #ffffff; font-family: Lato, sans-serif; background-color: #352d24;\">BALLANTINE&#8217;S 15YO GLENBURGIE WHISKY wbrew oczekiwaniom fan\u00f3w marki nie powstaje z mieszanki s\u0142od\u00f3w \u2013 jest s\u0142ownikowym single maltem, w dodatku pierwszym w ofercie szkockiego giganta. Daje si\u0119 zapami\u0119ta\u0107 subteln\u0105 woni\u0105 dojrza\u0142ych jab\u0142ek oraz gruszek tworz\u0105cych istotnie g\u0142adki profil idealnie dopasowany do owocowo\u015bci i s\u0142odyczy ka\u017cdego \u0142yka. Po prze\u0142kni\u0119ciu tego pe\u0142nego harmonijnych po\u0142\u0105cze\u0144 trunku dane nam b\u0119dzie zasmakowa\u0107 w atrakcyjnym, obfituj\u0105cym w kr\u0105g\u0142o\u015bci finiszu.<\/span><\/p>\n","protected":false},"excerpt":{"rendered":"<p><span style=\"color: #ffffff; font-family: Lato, sans-serif; background-color: #352d24;\">BALLANTINE&#8217;S 15YO GLENBURGIE WHISKY wbrew oczekiwaniom fan\u00f3w marki nie powstaje z mieszanki s\u0142od\u00f3w \u2013 jest s\u0142ownikowym single maltem, w dodatku pierwszym w ofercie szkockiego giganta. Daje si\u0119 zapami\u0119ta\u0107 subteln\u0105 woni\u0105 dojrza\u0142ych jab\u0142ek oraz gruszek tworz\u0105cych istotnie g\u0142adki profil idealnie dopasowany do owocowo\u015bci i s\u0142odyczy ka\u017cdego \u0142yka. Po prze\u0142kni\u0119ciu tego pe\u0142nego harmonijnych po\u0142\u0105cze\u0144 trunku dane nam b\u0119dzie zasmakowa\u0107 w atrakcyjnym, obfituj\u0105cym w kr\u0105g\u0142o\u015bci finiszu.<\/span><\/p>\n","protected":false},"featured_media":16853,"comment_status":"open","ping_status":"closed","template":"","meta":[],"product_cat":[142,143],"product_tag":[],"class_list":{"0":"post-16854","1":"product","2":"type-product","3":"status-publish","4":"has-post-thumbnail","6":"product_cat-alkohole-mocne","7":"product_cat-whisky","9":"first","10":"instock","11":"shipping-taxable","12":"purchasable","13":"product-type-simple"},"_links":{"self":[{"href":"http:\/\/delikatesy.wineport.pl\/index.php?rest_route=\/wp\/v2\/product\/16854","targetHints":{"allow":["GET"]}}],"collection":[{"href":"http:\/\/delikatesy.wineport.pl\/index.php?rest_route=\/wp\/v2\/product"}],"about":[{"href":"http:\/\/delikatesy.wineport.pl\/index.php?rest_route=\/wp\/v2\/types\/product"}],"replies":[{"embeddable":true,"href":"http:\/\/delikatesy.wineport.pl\/index.php?rest_route=%2Fwp%2Fv2%2Fcomments&post=16854"}],"wp:featuredmedia":[{"embeddable":true,"href":"http:\/\/delikatesy.wineport.pl\/index.php?rest_route=\/wp\/v2\/media\/16853"}],"wp:attachment":[{"href":"http:\/\/delikatesy.wineport.pl\/index.php?rest_route=%2Fwp%2Fv2%2Fmedia&parent=16854"}],"wp:term":[{"taxonomy":"product_cat","embeddable":true,"href":"http:\/\/delikatesy.wineport.pl\/index.php?rest_route=%2Fwp%2Fv2%2Fproduct_cat&post=16854"},{"taxonomy":"product_tag","embeddable":true,"href":"http:\/\/delikatesy.wineport.pl\/index.php?rest_route=%2Fwp%2Fv2%2Fproduct_tag&post=16854"}],"curies":[{"name":"wp","href":"https:\/\/api.w.org\/{rel}","templated":true}]}}