{"id":16864,"date":"2024-03-14T14:21:30","date_gmt":"2024-03-14T13:21:30","guid":{"rendered":"http:\/\/delikatesy.wineport.pl\/?product=ballantines-the-miltonduff-15-letni-40-07l"},"modified":"2026-05-10T19:54:06","modified_gmt":"2026-05-10T17:54:06","slug":"ballantines-the-miltonduff-15-letni-40-07l","status":"publish","type":"product","link":"http:\/\/delikatesy.wineport.pl\/?product=ballantines-the-miltonduff-15-letni-40-07l","title":{"rendered":"Ballantine\u2019s The Miltonduff 15-letni 40% 0,7l"},"content":{"rendered":"<p style=\"color: #787878; font-size: 15px; font-family: &quot;;\">Ballantine\u2019s to jedna z najbardziej rozpoznawalnych marek szkockiej whisky. Okr\u0119tem flagowym producenta jest podstawowy 6-letni blend, b\u0119d\u0105cy drug\u0105 po J. Walkerze najlepiej sprzedawan\u0105 whisky na \u015bwiecie. The Glenburgie 15 YO i The Miltonduff 15 YO to whisky typu single malt, b\u0119d\u0105ce podstaw\u0105 mieszanych Ballantine\u2019s. S\u0105 to stosunkowo m\u0142ode edycje i pierwsze single malty w 190-letniej historii firmy.<\/p>\n<p style=\"color: #787878; font-size: 15px; font-family: &quot;;\">The Miltonduff 15YO to single malt powstaj\u0105cy w destylarni Miltonduff, zlokalizowanej w Elgin w regionie Speyside. Destylarnia powsta\u0142a w roku 1824. Obecnie nale\u017cy do koncernu Pernod Ricard. Wytwarzane tu s\u0142odowe destylaty s\u0105 podstaw\u0105 blend\u00f3w Ballantine\u2019s.<\/p>\n<p style=\"color: #787878; font-size: 15px; font-family: &quot;;\"><strong>Aromat:<\/strong>\u00a0bogaty, s\u0142odki, owocowy, z nutami pomara\u0144czy i pra\u017conych migda\u0142\u00f3w<br \/><strong>Smak:<\/strong>\u00a0pe\u0142ny, \u0142agodny, z nutami mlecznej czekolady i korzennych przypraw.<br \/><strong>Finisz:\u00a0<\/strong>\u00a0d\u0142ugi, ciep\u0142y, z nutami karmelu i wanilii<\/p>\n","protected":false},"excerpt":{"rendered":"<p style=\"color: #787878; font-size: 15px; font-family: &quot;;\">Ballantine\u2019s to jedna z najbardziej rozpoznawalnych marek szkockiej whisky. Okr\u0119tem flagowym producenta jest podstawowy 6-letni blend, b\u0119d\u0105cy drug\u0105 po J. Walkerze najlepiej sprzedawan\u0105 whisky na \u015bwiecie. The Glenburgie 15 YO i The Miltonduff 15 YO to whisky typu single malt, b\u0119d\u0105ce podstaw\u0105 mieszanych Ballantine\u2019s. S\u0105 to stosunkowo m\u0142ode edycje i pierwsze single malty w 190-letniej historii firmy.<\/p>\n<p style=\"color: #787878; font-size: 15px; font-family: &quot;;\">The Miltonduff 15YO to single malt powstaj\u0105cy w destylarni Miltonduff, zlokalizowanej w Elgin w regionie Speyside. Destylarnia powsta\u0142a w roku 1824. Obecnie nale\u017cy do koncernu Pernod Ricard. Wytwarzane tu s\u0142odowe destylaty s\u0105 podstaw\u0105 blend\u00f3w Ballantine\u2019s.<\/p>\n<p style=\"color: #787878; font-size: 15px; font-family: &quot;;\"><strong>Aromat:<\/strong>\u00a0bogaty, s\u0142odki, owocowy, z nutami pomara\u0144czy i pra\u017conych migda\u0142\u00f3w<br \/><strong>Smak:<\/strong>\u00a0pe\u0142ny, \u0142agodny, z nutami mlecznej czekolady i korzennych przypraw.<br \/><strong>Finisz:\u00a0<\/strong>\u00a0d\u0142ugi, ciep\u0142y, z nutami karmelu i wanilii<\/p>\n","protected":false},"featured_media":16863,"comment_status":"open","ping_status":"closed","template":"","meta":[],"product_cat":[142,154,143],"product_tag":[],"class_list":{"0":"post-16864","1":"product","2":"type-product","3":"status-publish","4":"has-post-thumbnail","6":"product_cat-alkohole-mocne","7":"product_cat-szkocja","8":"product_cat-whisky","10":"first","11":"instock","12":"shipping-taxable","13":"purchasable","14":"product-type-simple"},"_links":{"self":[{"href":"http:\/\/delikatesy.wineport.pl\/index.php?rest_route=\/wp\/v2\/product\/16864","targetHints":{"allow":["GET"]}}],"collection":[{"href":"http:\/\/delikatesy.wineport.pl\/index.php?rest_route=\/wp\/v2\/product"}],"about":[{"href":"http:\/\/delikatesy.wineport.pl\/index.php?rest_route=\/wp\/v2\/types\/product"}],"replies":[{"embeddable":true,"href":"http:\/\/delikatesy.wineport.pl\/index.php?rest_route=%2Fwp%2Fv2%2Fcomments&post=16864"}],"wp:featuredmedia":[{"embeddable":true,"href":"http:\/\/delikatesy.wineport.pl\/index.php?rest_route=\/wp\/v2\/media\/16863"}],"wp:attachment":[{"href":"http:\/\/delikatesy.wineport.pl\/index.php?rest_route=%2Fwp%2Fv2%2Fmedia&parent=16864"}],"wp:term":[{"taxonomy":"product_cat","embeddable":true,"href":"http:\/\/delikatesy.wineport.pl\/index.php?rest_route=%2Fwp%2Fv2%2Fproduct_cat&post=16864"},{"taxonomy":"product_tag","embeddable":true,"href":"http:\/\/delikatesy.wineport.pl\/index.php?rest_route=%2Fwp%2Fv2%2Fproduct_tag&post=16864"}],"curies":[{"name":"wp","href":"https:\/\/api.w.org\/{rel}","templated":true}]}}