{"id":16900,"date":"2024-03-14T14:22:20","date_gmt":"2024-03-14T13:22:20","guid":{"rendered":"http:\/\/delikatesy.wineport.pl\/?product=konfitura-figowo-pomaranczowa-manufaktura-la-koguta"},"modified":"2026-05-10T19:54:56","modified_gmt":"2026-05-10T17:54:56","slug":"konfitura-figowo-pomaranczowa-manufaktura-la-koguta","status":"publish","type":"product","link":"http:\/\/delikatesy.wineport.pl\/?product=konfitura-figowo-pomaranczowa-manufaktura-la-koguta","title":{"rendered":"Konfitura figowo-pomara\u0144czowa MANUFAKTURA LA KOGUTA"},"content":{"rendered":"<p>Miks egzotyczny.<\/p>\n<p>\u0141agodna s\u0142odycz figi i jej niejednolita struktura podkre\u015blone s\u0105 kandyzowan\u0105 sk\u00f3rk\u0105 pomara\u0144czow\u0105.<\/p>\n<p>Naszym zdaniem najlepiej smakuje z nale\u015bnikami, jogurtem, wyrazistymi serami kozimi oraz \u0142agodnymi kremowymi serami typu brie.<\/p>\n<p>waga: 225g netto<\/p>\n<p>sk\u0142ad: pomara\u0144cza 48%, suszona figa 13%, sok z cytryny, cukier, woda<\/p>\n","protected":false},"excerpt":{"rendered":"<p>Miks egzotyczny.<\/p>\n<p>\u0141agodna s\u0142odycz figi i jej niejednolita struktura podkre\u015blone s\u0105 kandyzowan\u0105 sk\u00f3rk\u0105 pomara\u0144czow\u0105.<\/p>\n<p>Naszym zdaniem najlepiej smakuje z nale\u015bnikami, jogurtem, wyrazistymi serami kozimi oraz \u0142agodnymi kremowymi serami typu brie.<\/p>\n<p>waga: 225g netto<\/p>\n<p>sk\u0142ad: pomara\u0144cza 48%, suszona figa 13%, sok z cytryny, cukier, woda<\/p>\n","protected":false},"featured_media":16899,"comment_status":"open","ping_status":"closed","template":"","meta":[],"product_cat":[173,232,231],"product_tag":[],"class_list":{"0":"post-16900","1":"product","2":"type-product","3":"status-publish","4":"has-post-thumbnail","6":"product_cat-artykuly-delikatesowe","7":"product_cat-dzemy-i-marmolady","8":"product_cat-konfitury","10":"first","11":"instock","12":"shipping-taxable","13":"purchasable","14":"product-type-simple"},"_links":{"self":[{"href":"http:\/\/delikatesy.wineport.pl\/index.php?rest_route=\/wp\/v2\/product\/16900","targetHints":{"allow":["GET"]}}],"collection":[{"href":"http:\/\/delikatesy.wineport.pl\/index.php?rest_route=\/wp\/v2\/product"}],"about":[{"href":"http:\/\/delikatesy.wineport.pl\/index.php?rest_route=\/wp\/v2\/types\/product"}],"replies":[{"embeddable":true,"href":"http:\/\/delikatesy.wineport.pl\/index.php?rest_route=%2Fwp%2Fv2%2Fcomments&post=16900"}],"wp:featuredmedia":[{"embeddable":true,"href":"http:\/\/delikatesy.wineport.pl\/index.php?rest_route=\/wp\/v2\/media\/16899"}],"wp:attachment":[{"href":"http:\/\/delikatesy.wineport.pl\/index.php?rest_route=%2Fwp%2Fv2%2Fmedia&parent=16900"}],"wp:term":[{"taxonomy":"product_cat","embeddable":true,"href":"http:\/\/delikatesy.wineport.pl\/index.php?rest_route=%2Fwp%2Fv2%2Fproduct_cat&post=16900"},{"taxonomy":"product_tag","embeddable":true,"href":"http:\/\/delikatesy.wineport.pl\/index.php?rest_route=%2Fwp%2Fv2%2Fproduct_tag&post=16900"}],"curies":[{"name":"wp","href":"https:\/\/api.w.org\/{rel}","templated":true}]}}