{"id":16908,"date":"2024-03-14T14:22:26","date_gmt":"2024-03-14T13:22:26","guid":{"rendered":"http:\/\/delikatesy.wineport.pl\/?product=konfitura-rabarbarowo-porzeczkowa-manufaktura-la-koguta"},"modified":"2026-05-10T19:54:57","modified_gmt":"2026-05-10T17:54:57","slug":"konfitura-rabarbarowo-porzeczkowa-manufaktura-la-koguta","status":"publish","type":"product","link":"http:\/\/delikatesy.wineport.pl\/?product=konfitura-rabarbarowo-porzeczkowa-manufaktura-la-koguta","title":{"rendered":"Konfitura rabarbarowo-porzeczkowa MANUFAKTURA LA KOGUTA"},"content":{"rendered":"<p>Sezonowa, letnia konfitura z prawdziwych polskich produkt\u00f3w.<\/p>\n<p>Idealny zamiennik nudnego d\u017cemu truskawkowego.<\/p>\n<p>Cierpko\u015b\u0107 porzeczki i rabarbaru w po\u0142\u0105czeniu z cukrem powoduje przyjemn\u0105 \u015bwie\u017co\u015b\u0107.<\/p>\n<p>\u015awietnie si\u0119 komponuje z nale\u015bnikami, bia\u0142ym serem, jako dodatek do ciast lub a latem jako lemoniada, wystarczy wymiesza\u0107 z wod\u0105 i cytryn\u0105.<\/p>\n<p>waga: 225g netto<\/p>\n<p>sk\u0142ad: rabarbar 45%, czerwona porzeczka 5%, cukier, woda<\/p>\n","protected":false},"excerpt":{"rendered":"<p>Sezonowa, letnia konfitura z prawdziwych polskich produkt\u00f3w.<\/p>\n<p>Idealny zamiennik nudnego d\u017cemu truskawkowego.<\/p>\n<p>Cierpko\u015b\u0107 porzeczki i rabarbaru w po\u0142\u0105czeniu z cukrem powoduje przyjemn\u0105 \u015bwie\u017co\u015b\u0107.<\/p>\n<p>\u015awietnie si\u0119 komponuje z nale\u015bnikami, bia\u0142ym serem, jako dodatek do ciast lub a latem jako lemoniada, wystarczy wymiesza\u0107 z wod\u0105 i cytryn\u0105.<\/p>\n<p>waga: 225g netto<\/p>\n<p>sk\u0142ad: rabarbar 45%, czerwona porzeczka 5%, cukier, woda<\/p>\n","protected":false},"featured_media":16907,"comment_status":"open","ping_status":"closed","template":"","meta":[],"product_cat":[173,232,231],"product_tag":[],"class_list":{"0":"post-16908","1":"product","2":"type-product","3":"status-publish","4":"has-post-thumbnail","6":"product_cat-artykuly-delikatesowe","7":"product_cat-dzemy-i-marmolady","8":"product_cat-konfitury","10":"first","11":"instock","12":"shipping-taxable","13":"purchasable","14":"product-type-simple"},"_links":{"self":[{"href":"http:\/\/delikatesy.wineport.pl\/index.php?rest_route=\/wp\/v2\/product\/16908","targetHints":{"allow":["GET"]}}],"collection":[{"href":"http:\/\/delikatesy.wineport.pl\/index.php?rest_route=\/wp\/v2\/product"}],"about":[{"href":"http:\/\/delikatesy.wineport.pl\/index.php?rest_route=\/wp\/v2\/types\/product"}],"replies":[{"embeddable":true,"href":"http:\/\/delikatesy.wineport.pl\/index.php?rest_route=%2Fwp%2Fv2%2Fcomments&post=16908"}],"wp:featuredmedia":[{"embeddable":true,"href":"http:\/\/delikatesy.wineport.pl\/index.php?rest_route=\/wp\/v2\/media\/16907"}],"wp:attachment":[{"href":"http:\/\/delikatesy.wineport.pl\/index.php?rest_route=%2Fwp%2Fv2%2Fmedia&parent=16908"}],"wp:term":[{"taxonomy":"product_cat","embeddable":true,"href":"http:\/\/delikatesy.wineport.pl\/index.php?rest_route=%2Fwp%2Fv2%2Fproduct_cat&post=16908"},{"taxonomy":"product_tag","embeddable":true,"href":"http:\/\/delikatesy.wineport.pl\/index.php?rest_route=%2Fwp%2Fv2%2Fproduct_tag&post=16908"}],"curies":[{"name":"wp","href":"https:\/\/api.w.org\/{rel}","templated":true}]}}