{"id":16910,"date":"2024-03-14T14:22:27","date_gmt":"2024-03-14T13:22:27","guid":{"rendered":"http:\/\/delikatesy.wineport.pl\/?product=konfitura-sliwkowo-cytrynowa-manufaktura-la-koguta"},"modified":"2026-05-10T19:54:57","modified_gmt":"2026-05-10T17:54:57","slug":"konfitura-sliwkowo-cytrynowa-manufaktura-la-koguta","status":"publish","type":"product","link":"http:\/\/delikatesy.wineport.pl\/?product=konfitura-sliwkowo-cytrynowa-manufaktura-la-koguta","title":{"rendered":"Konfitura \u015bliwkowo-cytrynowa MANUFAKTURA LA KOGUTA"},"content":{"rendered":"<p>Kandyzowana sk\u00f3rka cytryny po\u0142\u0105czona z przepyszn\u0105 \u015bliwk\u0105 tworz\u0105 zaskakuj\u0105co luksusow\u0105 konfitur\u0119. Idealnie pasuje do \u015bniadaniowego tosta, croissanta czy ameryka\u0144skich pancake\u2019\u00f3w. Wspania\u0142a z lodami.<\/p>\n<p>waga: 225g netto<\/p>\n<p>sk\u0142ad: \u015bliwki 45%, sk\u00f3rka cytrynowa i sok z cytryny 3%, cukier, woda<\/p>\n","protected":false},"excerpt":{"rendered":"<p>Kandyzowana sk\u00f3rka cytryny po\u0142\u0105czona z przepyszn\u0105 \u015bliwk\u0105 tworz\u0105 zaskakuj\u0105co luksusow\u0105 konfitur\u0119. Idealnie pasuje do \u015bniadaniowego tosta, croissanta czy ameryka\u0144skich pancake\u2019\u00f3w. Wspania\u0142a z lodami.<\/p>\n<p>waga: 225g netto<\/p>\n<p>sk\u0142ad: \u015bliwki 45%, sk\u00f3rka cytrynowa i sok z cytryny 3%, cukier, woda<\/p>\n","protected":false},"featured_media":16909,"comment_status":"open","ping_status":"closed","template":"","meta":[],"product_cat":[173,232,231],"product_tag":[],"class_list":{"0":"post-16910","1":"product","2":"type-product","3":"status-publish","4":"has-post-thumbnail","6":"product_cat-artykuly-delikatesowe","7":"product_cat-dzemy-i-marmolady","8":"product_cat-konfitury","10":"first","11":"instock","12":"shipping-taxable","13":"purchasable","14":"product-type-simple"},"_links":{"self":[{"href":"http:\/\/delikatesy.wineport.pl\/index.php?rest_route=\/wp\/v2\/product\/16910","targetHints":{"allow":["GET"]}}],"collection":[{"href":"http:\/\/delikatesy.wineport.pl\/index.php?rest_route=\/wp\/v2\/product"}],"about":[{"href":"http:\/\/delikatesy.wineport.pl\/index.php?rest_route=\/wp\/v2\/types\/product"}],"replies":[{"embeddable":true,"href":"http:\/\/delikatesy.wineport.pl\/index.php?rest_route=%2Fwp%2Fv2%2Fcomments&post=16910"}],"wp:featuredmedia":[{"embeddable":true,"href":"http:\/\/delikatesy.wineport.pl\/index.php?rest_route=\/wp\/v2\/media\/16909"}],"wp:attachment":[{"href":"http:\/\/delikatesy.wineport.pl\/index.php?rest_route=%2Fwp%2Fv2%2Fmedia&parent=16910"}],"wp:term":[{"taxonomy":"product_cat","embeddable":true,"href":"http:\/\/delikatesy.wineport.pl\/index.php?rest_route=%2Fwp%2Fv2%2Fproduct_cat&post=16910"},{"taxonomy":"product_tag","embeddable":true,"href":"http:\/\/delikatesy.wineport.pl\/index.php?rest_route=%2Fwp%2Fv2%2Fproduct_tag&post=16910"}],"curies":[{"name":"wp","href":"https:\/\/api.w.org\/{rel}","templated":true}]}}