{"id":16912,"date":"2024-03-14T14:22:28","date_gmt":"2024-03-14T13:22:28","guid":{"rendered":"http:\/\/delikatesy.wineport.pl\/?product=konfitura-buraczano-pomaranczowa-manufaktura-la-koguta"},"modified":"2026-05-10T19:54:57","modified_gmt":"2026-05-10T17:54:57","slug":"konfitura-buraczano-pomaranczowa-manufaktura-la-koguta","status":"publish","type":"product","link":"http:\/\/delikatesy.wineport.pl\/?product=konfitura-buraczano-pomaranczowa-manufaktura-la-koguta","title":{"rendered":"Konfitura buraczano-pomara\u0144czowa MANUFAKTURA LA KOGUTA"},"content":{"rendered":"<p>Nietypowe i bardzo wykwintne po\u0142\u0105czenie.<\/p>\n<p>Do konfitury u\u017cywamy pieczonych burak\u00f3w \u2013 ten proces obr\u00f3bki wydobywa ich naturaln\u0105 s\u0142odycz.<\/p>\n<p>Nad ni\u0105 unosi si\u0119 \u015bwie\u017co\u015b\u0107 pomara\u0144czy i szczypta cynamonu.<\/p>\n<p>Karmelizowana sk\u00f3rka pomara\u0144czowa dodaje wykwintno\u015bci tej klasycznej kompozycji.<\/p>\n<p>Naszym zdaniem najlepiej smakuje z: pieczywem, serami, kaczka lub g\u0119sin\u0105.<\/p>\n<p>waga: 225g netto<\/p>\n<p>sk\u0142ad: burak 32%, pomara\u0144cza 14%, sok z pomara\u0144czy, sok z cytryny, cukier, cynamon<\/p>\n","protected":false},"excerpt":{"rendered":"<p>Nietypowe i bardzo wykwintne po\u0142\u0105czenie.<\/p>\n<p>Do konfitury u\u017cywamy pieczonych burak\u00f3w \u2013 ten proces obr\u00f3bki wydobywa ich naturaln\u0105 s\u0142odycz.<\/p>\n<p>Nad ni\u0105 unosi si\u0119 \u015bwie\u017co\u015b\u0107 pomara\u0144czy i szczypta cynamonu.<\/p>\n<p>Karmelizowana sk\u00f3rka pomara\u0144czowa dodaje wykwintno\u015bci tej klasycznej kompozycji.<\/p>\n<p>Naszym zdaniem najlepiej smakuje z: pieczywem, serami, kaczka lub g\u0119sin\u0105.<\/p>\n<p>waga: 225g netto<\/p>\n<p>sk\u0142ad: burak 32%, pomara\u0144cza 14%, sok z pomara\u0144czy, sok z cytryny, cukier, cynamon<\/p>\n","protected":false},"featured_media":16911,"comment_status":"open","ping_status":"closed","template":"","meta":[],"product_cat":[173,232,231],"product_tag":[],"class_list":{"0":"post-16912","1":"product","2":"type-product","3":"status-publish","4":"has-post-thumbnail","6":"product_cat-artykuly-delikatesowe","7":"product_cat-dzemy-i-marmolady","8":"product_cat-konfitury","10":"first","11":"instock","12":"shipping-taxable","13":"purchasable","14":"product-type-simple"},"_links":{"self":[{"href":"http:\/\/delikatesy.wineport.pl\/index.php?rest_route=\/wp\/v2\/product\/16912","targetHints":{"allow":["GET"]}}],"collection":[{"href":"http:\/\/delikatesy.wineport.pl\/index.php?rest_route=\/wp\/v2\/product"}],"about":[{"href":"http:\/\/delikatesy.wineport.pl\/index.php?rest_route=\/wp\/v2\/types\/product"}],"replies":[{"embeddable":true,"href":"http:\/\/delikatesy.wineport.pl\/index.php?rest_route=%2Fwp%2Fv2%2Fcomments&post=16912"}],"wp:featuredmedia":[{"embeddable":true,"href":"http:\/\/delikatesy.wineport.pl\/index.php?rest_route=\/wp\/v2\/media\/16911"}],"wp:attachment":[{"href":"http:\/\/delikatesy.wineport.pl\/index.php?rest_route=%2Fwp%2Fv2%2Fmedia&parent=16912"}],"wp:term":[{"taxonomy":"product_cat","embeddable":true,"href":"http:\/\/delikatesy.wineport.pl\/index.php?rest_route=%2Fwp%2Fv2%2Fproduct_cat&post=16912"},{"taxonomy":"product_tag","embeddable":true,"href":"http:\/\/delikatesy.wineport.pl\/index.php?rest_route=%2Fwp%2Fv2%2Fproduct_tag&post=16912"}],"curies":[{"name":"wp","href":"https:\/\/api.w.org\/{rel}","templated":true}]}}