{"id":16914,"date":"2024-03-14T14:22:28","date_gmt":"2024-03-14T13:22:28","guid":{"rendered":"http:\/\/delikatesy.wineport.pl\/?product=konfitura-figowo-cebulowa-manufaktura-la-koguta"},"modified":"2026-05-10T19:54:57","modified_gmt":"2026-05-10T17:54:57","slug":"konfitura-figowo-cebulowa-manufaktura-la-koguta","status":"publish","type":"product","link":"http:\/\/delikatesy.wineport.pl\/?product=konfitura-figowo-cebulowa-manufaktura-la-koguta","title":{"rendered":"Konfitura figowo-cebulowa MANUFAKTURA LA KOGUTA"},"content":{"rendered":"<p>Wytworzona z fig i cebuli z dodatkiem czarnego pieprzu i soli.<\/p>\n<p>W tradycyjnej kuchni francuskiej konfitury figowe lub cebulowe serwowane s\u0105 jako dodatek do \u201efoie gras\u201d. Naszym zdaniem najlepiej smakuje r\u00f3wnie\u017c z: pasztetami, sma\u017con\u0105 w\u0105tr\u00f3bk\u0105, grillowanymi stekami i wieloma rodzajami ser\u00f3w.<\/p>\n<p>waga: 225g netto<\/p>\n<p>sk\u0142ad: cebula 48%, figi 7%, s\u00f3l, pieprz, ocet jab\u0142kowy, woda, cukier, sok z cytryny<\/p>\n","protected":false},"excerpt":{"rendered":"<p>Wytworzona z fig i cebuli z dodatkiem czarnego pieprzu i soli.<\/p>\n<p>W tradycyjnej kuchni francuskiej konfitury figowe lub cebulowe serwowane s\u0105 jako dodatek do \u201efoie gras\u201d. Naszym zdaniem najlepiej smakuje r\u00f3wnie\u017c z: pasztetami, sma\u017con\u0105 w\u0105tr\u00f3bk\u0105, grillowanymi stekami i wieloma rodzajami ser\u00f3w.<\/p>\n<p>waga: 225g netto<\/p>\n<p>sk\u0142ad: cebula 48%, figi 7%, s\u00f3l, pieprz, ocet jab\u0142kowy, woda, cukier, sok z cytryny<\/p>\n","protected":false},"featured_media":16913,"comment_status":"open","ping_status":"closed","template":"","meta":[],"product_cat":[173,232,231],"product_tag":[],"class_list":{"0":"post-16914","1":"product","2":"type-product","3":"status-publish","4":"has-post-thumbnail","6":"product_cat-artykuly-delikatesowe","7":"product_cat-dzemy-i-marmolady","8":"product_cat-konfitury","10":"first","11":"instock","12":"shipping-taxable","13":"purchasable","14":"product-type-simple"},"_links":{"self":[{"href":"http:\/\/delikatesy.wineport.pl\/index.php?rest_route=\/wp\/v2\/product\/16914","targetHints":{"allow":["GET"]}}],"collection":[{"href":"http:\/\/delikatesy.wineport.pl\/index.php?rest_route=\/wp\/v2\/product"}],"about":[{"href":"http:\/\/delikatesy.wineport.pl\/index.php?rest_route=\/wp\/v2\/types\/product"}],"replies":[{"embeddable":true,"href":"http:\/\/delikatesy.wineport.pl\/index.php?rest_route=%2Fwp%2Fv2%2Fcomments&post=16914"}],"wp:featuredmedia":[{"embeddable":true,"href":"http:\/\/delikatesy.wineport.pl\/index.php?rest_route=\/wp\/v2\/media\/16913"}],"wp:attachment":[{"href":"http:\/\/delikatesy.wineport.pl\/index.php?rest_route=%2Fwp%2Fv2%2Fmedia&parent=16914"}],"wp:term":[{"taxonomy":"product_cat","embeddable":true,"href":"http:\/\/delikatesy.wineport.pl\/index.php?rest_route=%2Fwp%2Fv2%2Fproduct_cat&post=16914"},{"taxonomy":"product_tag","embeddable":true,"href":"http:\/\/delikatesy.wineport.pl\/index.php?rest_route=%2Fwp%2Fv2%2Fproduct_tag&post=16914"}],"curies":[{"name":"wp","href":"https:\/\/api.w.org\/{rel}","templated":true}]}}