{"id":16916,"date":"2024-03-14T14:22:30","date_gmt":"2024-03-14T13:22:30","guid":{"rendered":"http:\/\/delikatesy.wineport.pl\/?product=chutney-jablkowy-manufaktura-la-koguta"},"modified":"2026-05-10T19:54:57","modified_gmt":"2026-05-10T17:54:57","slug":"chutney-jablkowy-manufaktura-la-koguta","status":"publish","type":"product","link":"http:\/\/delikatesy.wineport.pl\/?product=chutney-jablkowy-manufaktura-la-koguta","title":{"rendered":"Chutney jab\u0142kowy MANUFAKTURA LA KOGUTA"},"content":{"rendered":"<p>W jego sk\u0142ad wchodz\u0105 jab\u0142ka, cebula, czosnek, \u015bwie\u017cy imbir, rodzynki, czarne nasiona gorczycy oraz ocet jab\u0142kowy.<\/p>\n<p>Smakuje znakomicie jako dodatek do ser\u00f3w i mi\u0119s, zw\u0142aszcza do wieprzowiny.<\/p>\n<p>Zmieszany z majonezem jest doskona\u0142ym dressingiem do sa\u0142atki ziemniaczanej.<\/p>\n<p>waga: 225g netto<\/p>\n<p>sk\u0142ad: jab\u0142ko 32%, cebula, czosnek, imbir, rodzynki, cukier, czarne nasiona gorczycy, ocet jab\u0142kowy, s\u00f3l<\/p>\n","protected":false},"excerpt":{"rendered":"<p>W jego sk\u0142ad wchodz\u0105 jab\u0142ka, cebula, czosnek, \u015bwie\u017cy imbir, rodzynki, czarne nasiona gorczycy oraz ocet jab\u0142kowy.<\/p>\n<p>Smakuje znakomicie jako dodatek do ser\u00f3w i mi\u0119s, zw\u0142aszcza do wieprzowiny.<\/p>\n<p>Zmieszany z majonezem jest doskona\u0142ym dressingiem do sa\u0142atki ziemniaczanej.<\/p>\n<p>waga: 225g netto<\/p>\n<p>sk\u0142ad: jab\u0142ko 32%, cebula, czosnek, imbir, rodzynki, cukier, czarne nasiona gorczycy, ocet jab\u0142kowy, s\u00f3l<\/p>\n","protected":false},"featured_media":16915,"comment_status":"open","ping_status":"closed","template":"","meta":[],"product_cat":[173,232,231],"product_tag":[],"class_list":{"0":"post-16916","1":"product","2":"type-product","3":"status-publish","4":"has-post-thumbnail","6":"product_cat-artykuly-delikatesowe","7":"product_cat-dzemy-i-marmolady","8":"product_cat-konfitury","10":"first","11":"instock","12":"shipping-taxable","13":"purchasable","14":"product-type-simple"},"_links":{"self":[{"href":"http:\/\/delikatesy.wineport.pl\/index.php?rest_route=\/wp\/v2\/product\/16916","targetHints":{"allow":["GET"]}}],"collection":[{"href":"http:\/\/delikatesy.wineport.pl\/index.php?rest_route=\/wp\/v2\/product"}],"about":[{"href":"http:\/\/delikatesy.wineport.pl\/index.php?rest_route=\/wp\/v2\/types\/product"}],"replies":[{"embeddable":true,"href":"http:\/\/delikatesy.wineport.pl\/index.php?rest_route=%2Fwp%2Fv2%2Fcomments&post=16916"}],"wp:featuredmedia":[{"embeddable":true,"href":"http:\/\/delikatesy.wineport.pl\/index.php?rest_route=\/wp\/v2\/media\/16915"}],"wp:attachment":[{"href":"http:\/\/delikatesy.wineport.pl\/index.php?rest_route=%2Fwp%2Fv2%2Fmedia&parent=16916"}],"wp:term":[{"taxonomy":"product_cat","embeddable":true,"href":"http:\/\/delikatesy.wineport.pl\/index.php?rest_route=%2Fwp%2Fv2%2Fproduct_cat&post=16916"},{"taxonomy":"product_tag","embeddable":true,"href":"http:\/\/delikatesy.wineport.pl\/index.php?rest_route=%2Fwp%2Fv2%2Fproduct_tag&post=16916"}],"curies":[{"name":"wp","href":"https:\/\/api.w.org\/{rel}","templated":true}]}}