{"id":16978,"date":"2024-03-14T14:22:49","date_gmt":"2024-03-14T13:22:49","guid":{"rendered":"http:\/\/delikatesy.wineport.pl\/?product=chateau-les-pasquets-bordeaux-075-l"},"modified":"2026-05-17T22:05:00","modified_gmt":"2026-05-17T20:05:00","slug":"chateau-les-pasquets-bordeaux-075-l","status":"publish","type":"product","link":"http:\/\/delikatesy.wineport.pl\/?product=chateau-les-pasquets-bordeaux-075-l","title":{"rendered":"Chateau les Pasquets Bordeaux 0,75 l"},"content":{"rendered":"<p><span style=\"color: #ff0000; font-size: 16px; font-family: arial, helvetica, sans-serif;\">UWAGA!!! NIE WYSY\u0141AMY ALKOHOLU KURIEREM W PRZYPADKU ZAM\u00d3WIE\u0143 OD OS\u00d3B PRYWATNYCH, TYLKO ODBI\u00d3R OSOBISTY NA UL. \u015aW. STANIS\u0141AWA 12 W WARSZAWIE!!! W przypadku op\u0142acenia zam\u00f3wienia alkoholu z wysy\u0142k\u0105, przy zwrocie pieni\u0119dzy zostanie potr\u0105cona prowizja dotpay!<\/span><\/p>\n<p>Region: Bordeaux<\/p>\n<p>Szczepy: Merlot 47%, Cabernet Sauvignon 40%, Cabernet Franc 13%<\/p>\n<p>Pojemno\u015b\u0107: 0,75 l<\/p>\n<p>Zawarto\u015b\u0107 alkoholu: 13%<\/p>\n<p>G\u0142\u0119boki kolor owocu granatu z purpurow\u0105 obw\u00f3dk\u0105. W smaku aromatyczne, z nut\u0105 \u015bwie\u017cej \u015bliwki. Dobra r\u00f3wnowaga pomi\u0119dzy taninami i owocami. Przyjemny, owocowy finisz. Doskonale pasuje do drobiu, mi\u0119sa i ser\u00f3w.<\/p>\n","protected":false},"excerpt":{"rendered":"<p><span style=\"color: #ff0000; font-size: 16px; font-family: arial, helvetica, sans-serif;\">UWAGA!!! NIE WYSY\u0141AMY ALKOHOLU KURIEREM W PRZYPADKU ZAM\u00d3WIE\u0143 OD OS\u00d3B PRYWATNYCH, TYLKO ODBI\u00d3R OSOBISTY NA UL. \u015aW. STANIS\u0141AWA 12 W WARSZAWIE!!! W przypadku op\u0142acenia zam\u00f3wienia alkoholu z wysy\u0142k\u0105, przy zwrocie pieni\u0119dzy zostanie potr\u0105cona prowizja dotpay!<\/span><\/p>\n<p>Region: Bordeaux<\/p>\n<p>Szczepy: Merlot 47%, Cabernet Sauvignon 40%, Cabernet Franc 13%<\/p>\n<p>Pojemno\u015b\u0107: 0,75 l<\/p>\n<p>Zawarto\u015b\u0107 alkoholu: 13%<\/p>\n<p>G\u0142\u0119boki kolor owocu granatu z purpurow\u0105 obw\u00f3dk\u0105. W smaku aromatyczne, z nut\u0105 \u015bwie\u017cej \u015bliwki. Dobra r\u00f3wnowaga pomi\u0119dzy taninami i owocami. Przyjemny, owocowy finisz. Doskonale pasuje do drobiu, mi\u0119sa i ser\u00f3w.<\/p>\n","protected":false},"featured_media":16977,"comment_status":"open","ping_status":"closed","template":"","meta":[],"product_cat":[83,85,80],"product_tag":[],"class_list":{"0":"post-16978","1":"product","2":"type-product","3":"status-publish","4":"has-post-thumbnail","6":"product_cat-francja","7":"product_cat-francja-bordeaux","8":"product_cat-wina-swiata","10":"first","11":"instock","12":"shipping-taxable","13":"purchasable","14":"product-type-simple"},"_links":{"self":[{"href":"http:\/\/delikatesy.wineport.pl\/index.php?rest_route=\/wp\/v2\/product\/16978","targetHints":{"allow":["GET"]}}],"collection":[{"href":"http:\/\/delikatesy.wineport.pl\/index.php?rest_route=\/wp\/v2\/product"}],"about":[{"href":"http:\/\/delikatesy.wineport.pl\/index.php?rest_route=\/wp\/v2\/types\/product"}],"replies":[{"embeddable":true,"href":"http:\/\/delikatesy.wineport.pl\/index.php?rest_route=%2Fwp%2Fv2%2Fcomments&post=16978"}],"wp:featuredmedia":[{"embeddable":true,"href":"http:\/\/delikatesy.wineport.pl\/index.php?rest_route=\/wp\/v2\/media\/16977"}],"wp:attachment":[{"href":"http:\/\/delikatesy.wineport.pl\/index.php?rest_route=%2Fwp%2Fv2%2Fmedia&parent=16978"}],"wp:term":[{"taxonomy":"product_cat","embeddable":true,"href":"http:\/\/delikatesy.wineport.pl\/index.php?rest_route=%2Fwp%2Fv2%2Fproduct_cat&post=16978"},{"taxonomy":"product_tag","embeddable":true,"href":"http:\/\/delikatesy.wineport.pl\/index.php?rest_route=%2Fwp%2Fv2%2Fproduct_tag&post=16978"}],"curies":[{"name":"wp","href":"https:\/\/api.w.org\/{rel}","templated":true}]}}