{"id":16980,"date":"2024-03-14T14:22:51","date_gmt":"2024-03-14T13:22:51","guid":{"rendered":"http:\/\/delikatesy.wineport.pl\/?product=chateau-moulin-de-lavergne-bordeaux-075-l"},"modified":"2026-05-17T22:05:01","modified_gmt":"2026-05-17T20:05:01","slug":"chateau-moulin-de-lavergne-bordeaux-075-l","status":"publish","type":"product","link":"http:\/\/delikatesy.wineport.pl\/?product=chateau-moulin-de-lavergne-bordeaux-075-l","title":{"rendered":"Chateau Moulin de Lavergne Bordeaux 0,75 l"},"content":{"rendered":"<p><span style=\"color: #ff0000; font-size: 16px; font-family: arial, helvetica, sans-serif;\">UWAGA!!! NIE WYSY\u0141AMY ALKOHOLU KURIEREM W PRZYPADKU ZAM\u00d3WIE\u0143 OD OS\u00d3B PRYWATNYCH, TYLKO ODBI\u00d3R OSOBISTY NA UL. \u015aW. STANIS\u0141AWA 12 W WARSZAWIE!!! W przypadku op\u0142acenia zam\u00f3wienia alkoholu z wysy\u0142k\u0105, przy zwrocie pieni\u0119dzy zostanie potr\u0105cona prowizja dotpay!<\/span><\/p>\n<p>Region: Bordeaux<\/p>\n<p>Szczepy: Merlot 65%, Cabernet Franc 25%, Cabernet Sauvignon 10%<\/p>\n<p>Pojemno\u015b\u0107: 0,75 l<\/p>\n<p>Zawarto\u015b\u0107 alkoholu: 13%<\/p>\n<p>Wino ma g\u0142\u0119boki, czerwony kolor. Aromat dojrza\u0142ych owoc\u00f3w jagodowych i skoncentrowany, ciep\u0142y smak jag\u00f3d. Dobra struktura. Wino doskona\u0142e zar\u00f3wno do bia\u0142ych jak i czerwonych mi\u0119s, dziczyzny i ser\u00f3w. Podawa\u0107 w temp. 16-18\u00ba.<\/p>\n","protected":false},"excerpt":{"rendered":"<p><span style=\"color: #ff0000; font-size: 16px; font-family: arial, helvetica, sans-serif;\">UWAGA!!! NIE WYSY\u0141AMY ALKOHOLU KURIEREM W PRZYPADKU ZAM\u00d3WIE\u0143 OD OS\u00d3B PRYWATNYCH, TYLKO ODBI\u00d3R OSOBISTY NA UL. \u015aW. STANIS\u0141AWA 12 W WARSZAWIE!!! W przypadku op\u0142acenia zam\u00f3wienia alkoholu z wysy\u0142k\u0105, przy zwrocie pieni\u0119dzy zostanie potr\u0105cona prowizja dotpay!<\/span><\/p>\n<p>Region: Bordeaux<\/p>\n<p>Szczepy: Merlot 65%, Cabernet Franc 25%, Cabernet Sauvignon 10%<\/p>\n<p>Pojemno\u015b\u0107: 0,75 l<\/p>\n<p>Zawarto\u015b\u0107 alkoholu: 13%<\/p>\n<p>Wino ma g\u0142\u0119boki, czerwony kolor. Aromat dojrza\u0142ych owoc\u00f3w jagodowych i skoncentrowany, ciep\u0142y smak jag\u00f3d. Dobra struktura. Wino doskona\u0142e zar\u00f3wno do bia\u0142ych jak i czerwonych mi\u0119s, dziczyzny i ser\u00f3w. Podawa\u0107 w temp. 16-18\u00ba.<\/p>\n","protected":false},"featured_media":16979,"comment_status":"open","ping_status":"closed","template":"","meta":[],"product_cat":[83,85,80],"product_tag":[],"class_list":{"0":"post-16980","1":"product","2":"type-product","3":"status-publish","4":"has-post-thumbnail","6":"product_cat-francja","7":"product_cat-francja-bordeaux","8":"product_cat-wina-swiata","10":"first","11":"instock","12":"shipping-taxable","13":"purchasable","14":"product-type-simple"},"_links":{"self":[{"href":"http:\/\/delikatesy.wineport.pl\/index.php?rest_route=\/wp\/v2\/product\/16980","targetHints":{"allow":["GET"]}}],"collection":[{"href":"http:\/\/delikatesy.wineport.pl\/index.php?rest_route=\/wp\/v2\/product"}],"about":[{"href":"http:\/\/delikatesy.wineport.pl\/index.php?rest_route=\/wp\/v2\/types\/product"}],"replies":[{"embeddable":true,"href":"http:\/\/delikatesy.wineport.pl\/index.php?rest_route=%2Fwp%2Fv2%2Fcomments&post=16980"}],"wp:featuredmedia":[{"embeddable":true,"href":"http:\/\/delikatesy.wineport.pl\/index.php?rest_route=\/wp\/v2\/media\/16979"}],"wp:attachment":[{"href":"http:\/\/delikatesy.wineport.pl\/index.php?rest_route=%2Fwp%2Fv2%2Fmedia&parent=16980"}],"wp:term":[{"taxonomy":"product_cat","embeddable":true,"href":"http:\/\/delikatesy.wineport.pl\/index.php?rest_route=%2Fwp%2Fv2%2Fproduct_cat&post=16980"},{"taxonomy":"product_tag","embeddable":true,"href":"http:\/\/delikatesy.wineport.pl\/index.php?rest_route=%2Fwp%2Fv2%2Fproduct_tag&post=16980"}],"curies":[{"name":"wp","href":"https:\/\/api.w.org\/{rel}","templated":true}]}}