{"id":16982,"date":"2024-03-14T14:22:52","date_gmt":"2024-03-14T13:22:52","guid":{"rendered":"http:\/\/delikatesy.wineport.pl\/?product=chateau-la-rose-belair-bordeaux-075-l"},"modified":"2026-05-10T19:56:03","modified_gmt":"2026-05-10T17:56:03","slug":"chateau-la-rose-belair-bordeaux-075-l","status":"publish","type":"product","link":"http:\/\/delikatesy.wineport.pl\/?product=chateau-la-rose-belair-bordeaux-075-l","title":{"rendered":"Chateau La Rose Belair Bordeaux 0,75 l"},"content":{"rendered":"<p>Region: Bordeaux<\/p>\n<p>Pojemno\u015b\u0107: 0,75 l<\/p>\n<p>Zawarto\u015b\u0107 alkoholu: 13%<\/p>\n<p>Kolor g\u0142\u0119boko rubinowy. Intensywna owocowo\u015b\u0107 w nosie ujawnia cudowne aromaty ma\u0142ych, dojrza\u0142ych czerwonych i czarnych owoc\u00f3w (malina, czarna porzeczka) z lekk\u0105 nut\u0105 przypraw. Kusz\u0105cy smak jest \u0142agodny, elegancki i dobrze zbalansowany, z mi\u0142\u0105 nut\u0105 owocow\u0105. Dobrze pasuje do szerokiej gamy da\u0144, szczeg\u00f3lnie do zimnych mi\u0119s, jagni\u0119ciny, piersi z kaczki lub sera.<\/p>\n<p><span style=\"color: #ff0000;\">UWAGA!!! NIE WYSY\u0141AMY ALKOHOLU KURIEREM W PRZYPADKU ZAM\u00d3WIE\u0143 OD OS\u00d3B PRYWATNYCH, TYLKO ODBI\u00d3R OSOBISTY NA UL. \u015aW. STANIS\u0141AWA 12 W WARSZAWIE!!! W przypadku op\u0142acenia zam\u00f3wienia alkoholu z wysy\u0142k\u0105, przy zwrocie pieni\u0119dzy zostanie potr\u0105cona prowizja DOTPAY!<\/p>\n","protected":false},"excerpt":{"rendered":"<p>Region: Bordeaux<\/p>\n<p>Pojemno\u015b\u0107: 0,75 l<\/p>\n<p>Zawarto\u015b\u0107 alkoholu: 13%<\/p>\n<p>Kolor g\u0142\u0119boko rubinowy. Intensywna owocowo\u015b\u0107 w nosie ujawnia cudowne aromaty ma\u0142ych, dojrza\u0142ych czerwonych i czarnych owoc\u00f3w (malina, czarna porzeczka) z lekk\u0105 nut\u0105 przypraw. Kusz\u0105cy smak jest \u0142agodny, elegancki i dobrze zbalansowany, z mi\u0142\u0105 nut\u0105 owocow\u0105. Dobrze pasuje do szerokiej gamy da\u0144, szczeg\u00f3lnie do zimnych mi\u0119s, jagni\u0119ciny, piersi z kaczki lub sera.<\/p>\n","protected":false},"featured_media":16981,"comment_status":"open","ping_status":"closed","template":"","meta":[],"product_cat":[83,85,80],"product_tag":[],"class_list":{"0":"post-16982","1":"product","2":"type-product","3":"status-publish","4":"has-post-thumbnail","6":"product_cat-francja","7":"product_cat-francja-bordeaux","8":"product_cat-wina-swiata","10":"first","11":"instock","12":"shipping-taxable","13":"purchasable","14":"product-type-simple"},"_links":{"self":[{"href":"http:\/\/delikatesy.wineport.pl\/index.php?rest_route=\/wp\/v2\/product\/16982","targetHints":{"allow":["GET"]}}],"collection":[{"href":"http:\/\/delikatesy.wineport.pl\/index.php?rest_route=\/wp\/v2\/product"}],"about":[{"href":"http:\/\/delikatesy.wineport.pl\/index.php?rest_route=\/wp\/v2\/types\/product"}],"replies":[{"embeddable":true,"href":"http:\/\/delikatesy.wineport.pl\/index.php?rest_route=%2Fwp%2Fv2%2Fcomments&post=16982"}],"wp:featuredmedia":[{"embeddable":true,"href":"http:\/\/delikatesy.wineport.pl\/index.php?rest_route=\/wp\/v2\/media\/16981"}],"wp:attachment":[{"href":"http:\/\/delikatesy.wineport.pl\/index.php?rest_route=%2Fwp%2Fv2%2Fmedia&parent=16982"}],"wp:term":[{"taxonomy":"product_cat","embeddable":true,"href":"http:\/\/delikatesy.wineport.pl\/index.php?rest_route=%2Fwp%2Fv2%2Fproduct_cat&post=16982"},{"taxonomy":"product_tag","embeddable":true,"href":"http:\/\/delikatesy.wineport.pl\/index.php?rest_route=%2Fwp%2Fv2%2Fproduct_tag&post=16982"}],"curies":[{"name":"wp","href":"https:\/\/api.w.org\/{rel}","templated":true}]}}