{"id":16986,"date":"2024-03-14T14:22:54","date_gmt":"2024-03-14T13:22:54","guid":{"rendered":"http:\/\/delikatesy.wineport.pl\/?product=la-reserve-millesime-bordeaux-075-l-w-puszce"},"modified":"2026-05-10T19:56:03","modified_gmt":"2026-05-10T17:56:03","slug":"la-reserve-millesime-bordeaux-075-l-w-puszce","status":"publish","type":"product","link":"http:\/\/delikatesy.wineport.pl\/?product=la-reserve-millesime-bordeaux-075-l-w-puszce","title":{"rendered":"La Reserve Millesime Bordeaux 0,75 l w puszce"},"content":{"rendered":"<p><span style=\"color: #ff0000; font-size: 16px; font-family: arial, helvetica, sans-serif;\">UWAGA!!! NIE WYSY\u0141AMY ALKOHOLU KURIEREM W PRZYPADKU ZAM\u00d3WIE\u0143 OD OS\u00d3B PRYWATNYCH, TYLKO ODBI\u00d3R OSOBISTY NA UL. \u015aW. STANIS\u0141AWA 12 W WARSZAWIE!!! W przypadku op\u0142acenia zam\u00f3wienia alkoholu z wysy\u0142k\u0105, przy zwrocie pieni\u0119dzy zostanie potr\u0105cona prowizja dotpay!<\/span><\/p>\n<p>Region: Bordeaux<\/p>\n<p>Szczepy: Merlot 90%, Cabernet Sauvignon 5%, Cabernet Franc 5%<\/p>\n<p>Pojemno\u015b\u0107: 0,75 l<\/p>\n<p>Zawarto\u015b\u0107 alkoholu: 12,5%<\/p>\n<p>Wino o pi\u0119knym g\u0142\u0119bokim kolorze, bardzo aromatyczne. Bukiet pe\u0142en owoc\u00f3w i przypraw. Bardzo dobrze zr\u00f3wnowa\u017cone wino. Doskona\u0142e do czerwonych mi\u0119s, dziczyzny i ser\u00f3w. Degustowa\u0107 w temperaturze 16\u00b0 do 18\u00b0C.<\/p>\n","protected":false},"excerpt":{"rendered":"<p><span style=\"color: #ff0000; font-size: 16px; font-family: arial, helvetica, sans-serif;\">UWAGA!!! NIE WYSY\u0141AMY ALKOHOLU KURIEREM W PRZYPADKU ZAM\u00d3WIE\u0143 OD OS\u00d3B PRYWATNYCH, TYLKO ODBI\u00d3R OSOBISTY NA UL. \u015aW. STANIS\u0141AWA 12 W WARSZAWIE!!! W przypadku op\u0142acenia zam\u00f3wienia alkoholu z wysy\u0142k\u0105, przy zwrocie pieni\u0119dzy zostanie potr\u0105cona prowizja dotpay!<\/span><\/p>\n<p>Region: Bordeaux<\/p>\n<p>Szczepy: Merlot 90%, Cabernet Sauvignon 5%, Cabernet Franc 5%<\/p>\n<p>Pojemno\u015b\u0107: 0,75 l<\/p>\n<p>Zawarto\u015b\u0107 alkoholu: 12,5%<\/p>\n<p>Wino o pi\u0119knym g\u0142\u0119bokim kolorze, bardzo aromatyczne. Bukiet pe\u0142en owoc\u00f3w i przypraw. Bardzo dobrze zr\u00f3wnowa\u017cone wino. Doskona\u0142e do czerwonych mi\u0119s, dziczyzny i ser\u00f3w. Degustowa\u0107 w temperaturze 16\u00b0 do 18\u00b0C.<\/p>\n","protected":false},"featured_media":16985,"comment_status":"open","ping_status":"closed","template":"","meta":[],"product_cat":[83,85,80],"product_tag":[],"class_list":{"0":"post-16986","1":"product","2":"type-product","3":"status-publish","4":"has-post-thumbnail","6":"product_cat-francja","7":"product_cat-francja-bordeaux","8":"product_cat-wina-swiata","10":"first","11":"instock","12":"shipping-taxable","13":"purchasable","14":"product-type-simple"},"_links":{"self":[{"href":"http:\/\/delikatesy.wineport.pl\/index.php?rest_route=\/wp\/v2\/product\/16986","targetHints":{"allow":["GET"]}}],"collection":[{"href":"http:\/\/delikatesy.wineport.pl\/index.php?rest_route=\/wp\/v2\/product"}],"about":[{"href":"http:\/\/delikatesy.wineport.pl\/index.php?rest_route=\/wp\/v2\/types\/product"}],"replies":[{"embeddable":true,"href":"http:\/\/delikatesy.wineport.pl\/index.php?rest_route=%2Fwp%2Fv2%2Fcomments&post=16986"}],"wp:featuredmedia":[{"embeddable":true,"href":"http:\/\/delikatesy.wineport.pl\/index.php?rest_route=\/wp\/v2\/media\/16985"}],"wp:attachment":[{"href":"http:\/\/delikatesy.wineport.pl\/index.php?rest_route=%2Fwp%2Fv2%2Fmedia&parent=16986"}],"wp:term":[{"taxonomy":"product_cat","embeddable":true,"href":"http:\/\/delikatesy.wineport.pl\/index.php?rest_route=%2Fwp%2Fv2%2Fproduct_cat&post=16986"},{"taxonomy":"product_tag","embeddable":true,"href":"http:\/\/delikatesy.wineport.pl\/index.php?rest_route=%2Fwp%2Fv2%2Fproduct_tag&post=16986"}],"curies":[{"name":"wp","href":"https:\/\/api.w.org\/{rel}","templated":true}]}}