{"id":16990,"date":"2024-03-14T14:22:56","date_gmt":"2024-03-14T13:22:56","guid":{"rendered":"http:\/\/delikatesy.wineport.pl\/?product=la-chapelle-du-marin-cotes-du-rhone-075-l"},"modified":"2026-05-10T19:56:04","modified_gmt":"2026-05-10T17:56:04","slug":"la-chapelle-du-marin-cotes-du-rhone-075-l","status":"publish","type":"product","link":"http:\/\/delikatesy.wineport.pl\/?product=la-chapelle-du-marin-cotes-du-rhone-075-l","title":{"rendered":"La Chapelle du Marin Cotes du Rhone 0,75 l"},"content":{"rendered":"<p><span style=\"color: #ff0000; font-size: 16px; font-family: arial, helvetica, sans-serif;\">UWAGA!!! NIE WYSY\u0141AMY ALKOHOLU KURIEREM W PRZYPADKU ZAM\u00d3WIE\u0143 OD OS\u00d3B PRYWATNYCH, TYLKO ODBI\u00d3R OSOBISTY NA UL. \u015aW. STANIS\u0141AWA 12 W WARSZAWIE!!! W przypadku op\u0142acenia zam\u00f3wienia alkoholu z wysy\u0142k\u0105, przy zwrocie pieni\u0119dzy zostanie potr\u0105cona prowizja dotpay!<\/span><\/p>\n<p>Region: Cotes du Rhone<\/p>\n<p>Pojemno\u015b\u0107: 0,75 l<\/p>\n<p>Zawarto\u015b\u0107 alkoholu: 12,5%<\/p>\n<p>Aromat je\u017cyn uzupe\u0142nia bogaty, owocowy smak wsparty mu\u015bni\u0119ciem go\u017adzik\u00f3w i cynamonu. Smakowite, pe\u0142ne, bogate i \u0142atwe do picia, gdy\u017c taniny s\u0105 \u0142agodne i gi\u0119tkie. Idealne do czerwonego mi\u0119sa, jagni\u0119ciny oraz dziczyzny.<\/p>\n","protected":false},"excerpt":{"rendered":"<p><span style=\"color: #ff0000; font-size: 16px; font-family: arial, helvetica, sans-serif;\">UWAGA!!! NIE WYSY\u0141AMY ALKOHOLU KURIEREM W PRZYPADKU ZAM\u00d3WIE\u0143 OD OS\u00d3B PRYWATNYCH, TYLKO ODBI\u00d3R OSOBISTY NA UL. \u015aW. STANIS\u0141AWA 12 W WARSZAWIE!!! W przypadku op\u0142acenia zam\u00f3wienia alkoholu z wysy\u0142k\u0105, przy zwrocie pieni\u0119dzy zostanie potr\u0105cona prowizja dotpay!<\/span><\/p>\n<p>Region: Cotes du Rhone<\/p>\n<p>Pojemno\u015b\u0107: 0,75 l<\/p>\n<p>Zawarto\u015b\u0107 alkoholu: 12,5%<\/p>\n<p>Aromat je\u017cyn uzupe\u0142nia bogaty, owocowy smak wsparty mu\u015bni\u0119ciem go\u017adzik\u00f3w i cynamonu. Smakowite, pe\u0142ne, bogate i \u0142atwe do picia, gdy\u017c taniny s\u0105 \u0142agodne i gi\u0119tkie. Idealne do czerwonego mi\u0119sa, jagni\u0119ciny oraz dziczyzny.<\/p>\n","protected":false},"featured_media":16989,"comment_status":"open","ping_status":"closed","template":"","meta":[],"product_cat":[83,86,80],"product_tag":[],"class_list":{"0":"post-16990","1":"product","2":"type-product","3":"status-publish","4":"has-post-thumbnail","6":"product_cat-francja","7":"product_cat-francja-cotes-du-rhone","8":"product_cat-wina-swiata","10":"first","11":"instock","12":"shipping-taxable","13":"purchasable","14":"product-type-simple"},"_links":{"self":[{"href":"http:\/\/delikatesy.wineport.pl\/index.php?rest_route=\/wp\/v2\/product\/16990","targetHints":{"allow":["GET"]}}],"collection":[{"href":"http:\/\/delikatesy.wineport.pl\/index.php?rest_route=\/wp\/v2\/product"}],"about":[{"href":"http:\/\/delikatesy.wineport.pl\/index.php?rest_route=\/wp\/v2\/types\/product"}],"replies":[{"embeddable":true,"href":"http:\/\/delikatesy.wineport.pl\/index.php?rest_route=%2Fwp%2Fv2%2Fcomments&post=16990"}],"wp:featuredmedia":[{"embeddable":true,"href":"http:\/\/delikatesy.wineport.pl\/index.php?rest_route=\/wp\/v2\/media\/16989"}],"wp:attachment":[{"href":"http:\/\/delikatesy.wineport.pl\/index.php?rest_route=%2Fwp%2Fv2%2Fmedia&parent=16990"}],"wp:term":[{"taxonomy":"product_cat","embeddable":true,"href":"http:\/\/delikatesy.wineport.pl\/index.php?rest_route=%2Fwp%2Fv2%2Fproduct_cat&post=16990"},{"taxonomy":"product_tag","embeddable":true,"href":"http:\/\/delikatesy.wineport.pl\/index.php?rest_route=%2Fwp%2Fv2%2Fproduct_tag&post=16990"}],"curies":[{"name":"wp","href":"https:\/\/api.w.org\/{rel}","templated":true}]}}