{"id":17064,"date":"2024-03-14T14:23:30","date_gmt":"2024-03-14T13:23:30","guid":{"rendered":"http:\/\/delikatesy.wineport.pl\/?product=barkan-special-reserve-chardonnay-075-l-wino-koszerne"},"modified":"2026-05-10T19:57:09","modified_gmt":"2026-05-10T17:57:09","slug":"barkan-special-reserve-chardonnay-075-l-wino-koszerne","status":"publish","type":"product","link":"http:\/\/delikatesy.wineport.pl\/?product=barkan-special-reserve-chardonnay-075-l-wino-koszerne","title":{"rendered":"Barkan Special Reserve Chardonnay 0,75 l- wino koszerne"},"content":{"rendered":"<p><span style=\"color: #ff0000; font-size: 16px; font-family: arial, helvetica, sans-serif;\">UWAGA!!! NIE WYSY\u0141AMY ALKOHOLU KURIEREM W PRZYPADKU ZAM\u00d3WIE\u0143 OD OS\u00d3B PRYWATNYCH, TYLKO ODBI\u00d3R OSOBISTY NA UL. \u015aW. STANIS\u0141AWA 12 W WARSZAWIE!!! W przypadku op\u0142acenia zam\u00f3wienia alkoholu z wysy\u0142k\u0105, przy zwrocie pieni\u0119dzy zostanie potr\u0105cona prowizja dotpay!<\/span><\/p>\n<p>Winogrona, z kt\u00f3rych stworzone zosta\u0142o to wino uprawiane s\u0105 w na wzg\u00f3rzach otaczaj\u0105cych Jerozolim\u0119. Skaliste pod\u0142o\u017ce i niskie nocne temperatury znajduj\u0105 odzwierciedlenie w \u015bwie\u017co\u015bci i lekko\u015bci tego wina. Wino le\u017cakowane przez 5 miesi\u0119cy w d\u0119bowych beczkach, co pozwoli\u0142o na po\u0142\u0105czenie owocowych smak\u00f3w z aromatem beczki. Niezwykle eleganckie, bogate i kompleksowe. Koszerne.<\/p>\n<p>Winiarnia: Barkan Wine Cellars<\/p>\n<p>Szczep: Chardonnay<\/p>\n<p>Pojemno\u015b\u0107: 750 ml<\/p>\n<p>Zawarto\u015b\u0107 alkoholu: 12,5 %<\/p>\n","protected":false},"excerpt":{"rendered":"<p><span style=\"color: #ff0000; font-size: 16px; font-family: arial, helvetica, sans-serif;\">UWAGA!!! NIE WYSY\u0141AMY ALKOHOLU KURIEREM W PRZYPADKU ZAM\u00d3WIE\u0143 OD OS\u00d3B PRYWATNYCH, TYLKO ODBI\u00d3R OSOBISTY NA UL. \u015aW. STANIS\u0141AWA 12 W WARSZAWIE!!! W przypadku op\u0142acenia zam\u00f3wienia alkoholu z wysy\u0142k\u0105, przy zwrocie pieni\u0119dzy zostanie potr\u0105cona prowizja dotpay!<\/span><\/p>\n<p>Winogrona, z kt\u00f3rych stworzone zosta\u0142o to wino uprawiane s\u0105 w na wzg\u00f3rzach otaczaj\u0105cych Jerozolim\u0119. Skaliste pod\u0142o\u017ce i niskie nocne temperatury znajduj\u0105 odzwierciedlenie w \u015bwie\u017co\u015bci i lekko\u015bci tego wina. Wino le\u017cakowane przez 5 miesi\u0119cy w d\u0119bowych beczkach, co pozwoli\u0142o na po\u0142\u0105czenie owocowych smak\u00f3w z aromatem beczki. Niezwykle eleganckie, bogate i kompleksowe. Koszerne.<\/p>\n<p>Winiarnia: Barkan Wine Cellars<\/p>\n<p>Szczep: Chardonnay<\/p>\n<p>Pojemno\u015b\u0107: 750 ml<\/p>\n<p>Zawarto\u015b\u0107 alkoholu: 12,5 %<\/p>\n","protected":false},"featured_media":17063,"comment_status":"open","ping_status":"closed","template":"","meta":[],"product_cat":[205,80],"product_tag":[],"class_list":{"0":"post-17064","1":"product","2":"type-product","3":"status-publish","4":"has-post-thumbnail","6":"product_cat-izrael","7":"product_cat-wina-swiata","9":"first","10":"instock","11":"shipping-taxable","12":"purchasable","13":"product-type-simple"},"_links":{"self":[{"href":"http:\/\/delikatesy.wineport.pl\/index.php?rest_route=\/wp\/v2\/product\/17064","targetHints":{"allow":["GET"]}}],"collection":[{"href":"http:\/\/delikatesy.wineport.pl\/index.php?rest_route=\/wp\/v2\/product"}],"about":[{"href":"http:\/\/delikatesy.wineport.pl\/index.php?rest_route=\/wp\/v2\/types\/product"}],"replies":[{"embeddable":true,"href":"http:\/\/delikatesy.wineport.pl\/index.php?rest_route=%2Fwp%2Fv2%2Fcomments&post=17064"}],"wp:featuredmedia":[{"embeddable":true,"href":"http:\/\/delikatesy.wineport.pl\/index.php?rest_route=\/wp\/v2\/media\/17063"}],"wp:attachment":[{"href":"http:\/\/delikatesy.wineport.pl\/index.php?rest_route=%2Fwp%2Fv2%2Fmedia&parent=17064"}],"wp:term":[{"taxonomy":"product_cat","embeddable":true,"href":"http:\/\/delikatesy.wineport.pl\/index.php?rest_route=%2Fwp%2Fv2%2Fproduct_cat&post=17064"},{"taxonomy":"product_tag","embeddable":true,"href":"http:\/\/delikatesy.wineport.pl\/index.php?rest_route=%2Fwp%2Fv2%2Fproduct_tag&post=17064"}],"curies":[{"name":"wp","href":"https:\/\/api.w.org\/{rel}","templated":true}]}}