{"id":17070,"date":"2024-03-14T14:23:40","date_gmt":"2024-03-14T13:23:40","guid":{"rendered":"http:\/\/delikatesy.wineport.pl\/?product=brandy-torres-20-hors-dage-superior-07l"},"modified":"2026-05-10T19:57:10","modified_gmt":"2026-05-10T17:57:10","slug":"brandy-torres-20-hors-dage-superior-07l","status":"publish","type":"product","link":"http:\/\/delikatesy.wineport.pl\/?product=brandy-torres-20-hors-dage-superior-07l","title":{"rendered":"Brandy Torres 20 Hors d&#8217;Age Superior 0,7l"},"content":{"rendered":"<p><span style=\"color: #666666; font-family: Poppins, sans-serif;\"><span style=\"color: #ff0000; font-size: 16px; font-family: arial, helvetica, sans-serif;\">UWAGA!!! NIE WYSY\u0141AMY ALKOHOLU KURIEREM W PRZYPADKU ZAM\u00d3WIE\u0143 OD OS\u00d3B PRYWATNYCH, TYLKO ODBI\u00d3R OSOBISTY NA UL. \u015aW. STANIS\u0141AWA 12 W WARSZAWIE!!! W przypadku op\u0142acenia zam\u00f3wienia alkoholu z wysy\u0142k\u0105, przy zwrocie pieni\u0119dzy zostanie potr\u0105cona prowizja dotpay!<\/span><\/span><\/p>\n<p><span style=\"color: #666666; font-family: Poppins, sans-serif;\">Torres Brandy 20 YO to hiszpa\u0144ska brandy. Starzona 20 lat. Produkowana z winogron Parellada i Ugni Blanc.\u00a0<\/span><span class=\"tlid-translation translation\" lang=\"pl\" style=\"color: #666666; font-family: Poppins, sans-serif;\" xml:lang=\"pl\"><span title=\"\">Starsza brandy o ciemnym, szlachetnym bursztynowym kolorze.<\/span>\u00a0<span title=\"\">Aromat jest g\u0142\u0119boki i ciep\u0142y ze \u015bladami suszonych owoc\u00f3w i orzech\u00f3w.<\/span>\u00a0Wyczuwalne<span title=\"\">\u00a0nuty przypraw\u00a0korzennych.<\/span><\/span><\/p>\n<p><span class=\"tlid-translation translation\" lang=\"pl\" style=\"color: #666666; font-family: Poppins, sans-serif;\" xml:lang=\"pl\"><span title=\"\">Pojemno\u015b\u0107: 0,7 l<\/span><\/span><\/p>\n<p><span class=\"tlid-translation translation\" lang=\"pl\" style=\"color: #666666; font-family: Poppins, sans-serif;\" xml:lang=\"pl\"><span title=\"\">Zawarto\u015b\u0107 alkoholu: 40%<\/span><\/span><\/p>\n","protected":false},"excerpt":{"rendered":"<p><span style=\"color: #666666; font-family: Poppins, sans-serif;\"><span style=\"color: #ff0000; font-size: 16px; font-family: arial, helvetica, sans-serif;\">UWAGA!!! NIE WYSY\u0141AMY ALKOHOLU KURIEREM W PRZYPADKU ZAM\u00d3WIE\u0143 OD OS\u00d3B PRYWATNYCH, TYLKO ODBI\u00d3R OSOBISTY NA UL. \u015aW. STANIS\u0141AWA 12 W WARSZAWIE!!! W przypadku op\u0142acenia zam\u00f3wienia alkoholu z wysy\u0142k\u0105, przy zwrocie pieni\u0119dzy zostanie potr\u0105cona prowizja dotpay!<\/span><\/span><\/p>\n<p><span style=\"color: #666666; font-family: Poppins, sans-serif;\">Torres Brandy 20 YO to hiszpa\u0144ska brandy. Starzona 20 lat. Produkowana z winogron Parellada i Ugni Blanc.\u00a0<\/span><span class=\"tlid-translation translation\" lang=\"pl\" style=\"color: #666666; font-family: Poppins, sans-serif;\" xml:lang=\"pl\"><span title=\"\">Starsza brandy o ciemnym, szlachetnym bursztynowym kolorze.<\/span>\u00a0<span title=\"\">Aromat jest g\u0142\u0119boki i ciep\u0142y ze \u015bladami suszonych owoc\u00f3w i orzech\u00f3w.<\/span>\u00a0Wyczuwalne<span title=\"\">\u00a0nuty przypraw\u00a0korzennych.<\/span><\/span><\/p>\n<p><span class=\"tlid-translation translation\" lang=\"pl\" style=\"color: #666666; font-family: Poppins, sans-serif;\" xml:lang=\"pl\"><span title=\"\">Pojemno\u015b\u0107: 0,7 l<\/span><\/span><\/p>\n<p><span class=\"tlid-translation translation\" lang=\"pl\" style=\"color: #666666; font-family: Poppins, sans-serif;\" xml:lang=\"pl\"><span title=\"\">Zawarto\u015b\u0107 alkoholu: 40%<\/span><\/span><\/p>\n","protected":false},"featured_media":17069,"comment_status":"open","ping_status":"closed","template":"","meta":[],"product_cat":[142,146,145,151],"product_tag":[],"class_list":{"0":"post-17070","1":"product","2":"type-product","3":"status-publish","4":"has-post-thumbnail","6":"product_cat-alkohole-mocne","7":"product_cat-armagnac-i-brandy","8":"product_cat-cognac","9":"product_cat-hiszpania-armagnac-i-brandy","11":"first","12":"instock","13":"shipping-taxable","14":"purchasable","15":"product-type-simple"},"_links":{"self":[{"href":"http:\/\/delikatesy.wineport.pl\/index.php?rest_route=\/wp\/v2\/product\/17070","targetHints":{"allow":["GET"]}}],"collection":[{"href":"http:\/\/delikatesy.wineport.pl\/index.php?rest_route=\/wp\/v2\/product"}],"about":[{"href":"http:\/\/delikatesy.wineport.pl\/index.php?rest_route=\/wp\/v2\/types\/product"}],"replies":[{"embeddable":true,"href":"http:\/\/delikatesy.wineport.pl\/index.php?rest_route=%2Fwp%2Fv2%2Fcomments&post=17070"}],"wp:featuredmedia":[{"embeddable":true,"href":"http:\/\/delikatesy.wineport.pl\/index.php?rest_route=\/wp\/v2\/media\/17069"}],"wp:attachment":[{"href":"http:\/\/delikatesy.wineport.pl\/index.php?rest_route=%2Fwp%2Fv2%2Fmedia&parent=17070"}],"wp:term":[{"taxonomy":"product_cat","embeddable":true,"href":"http:\/\/delikatesy.wineport.pl\/index.php?rest_route=%2Fwp%2Fv2%2Fproduct_cat&post=17070"},{"taxonomy":"product_tag","embeddable":true,"href":"http:\/\/delikatesy.wineport.pl\/index.php?rest_route=%2Fwp%2Fv2%2Fproduct_tag&post=17070"}],"curies":[{"name":"wp","href":"https:\/\/api.w.org\/{rel}","templated":true}]}}