{"id":17090,"date":"2024-03-14T14:23:49","date_gmt":"2024-03-14T13:23:49","guid":{"rendered":"http:\/\/delikatesy.wineport.pl\/?product=tokaji-tokaji-sargamuskotaly-polslodkie-gotz-pinceszet-075l"},"modified":"2026-05-10T19:58:02","modified_gmt":"2026-05-10T17:58:02","slug":"tokaji-tokaji-sargamuskotaly-polslodkie-gotz-pinceszet-075l","status":"publish","type":"product","link":"http:\/\/delikatesy.wineport.pl\/?product=tokaji-tokaji-sargamuskotaly-polslodkie-gotz-pinceszet-075l","title":{"rendered":"Tokaji Tokaji S\u00e1rgamuskot\u00e1ly p\u00f3\u0142s\u0142odkie G\u00f6tz Pinc\u00e9szet 0,75l"},"content":{"rendered":"<p><span style=\"color: #ff0000;\">UWAGA!!! NIE WYSY\u0141AMY ALKOHOLU KURIEREM W PRZYPADKU ZAM\u00d3WIE\u0143 OD OS\u00d3B PRYWATNYCH, TYLKO ODBI\u00d3R OSOBISTY NA UL. \u015aW. STANIS\u0141AWA 12 W WARSZAWIE!!! W przypadku op\u0142acenia zam\u00f3wienia alkoholu z wysy\u0142k\u0105, przy zwrocie pieni\u0119dzy zostanie potr\u0105cona prowizja\u00a0<strong>DOTPAY<\/strong>!<\/span><\/p>\n<p>\u00a0<\/p>\n<p>Wino bia\u0142e, p\u00f3\u0142s\u0142odkie, gronowe<\/p>\n<p>Kraj pochodzenia: W\u0119gry<\/p>\n<p>Zawarto\u015b\u0107 alkoholu: 11%<\/p>\n<p>Pojemno\u015b\u0107: 0,75l<\/p>\n<p>\u00a0<\/p>\n<p>S\u00e1rgamuskot\u00e1ly to wino o charakterystycznie intensywnym i przyjemnym zapachu oraz stonowanej kwasowo\u015bci.<\/p>\n<p>Jedno z ulubionych win konsument\u00f3w. Delikatna kwasowo\u015b\u0107 sprawia, \u017ce wino jest rze\u015bkie i lekkie w spo\u017cyciu.<\/p>\n<p>Wytwarzane w procesie redukcyjnym wino o niesamowitych walorach smakowych.<\/p>\n","protected":false},"excerpt":{"rendered":"<p><span style=\"color: #ff0000;\">UWAGA!!! NIE WYSY\u0141AMY ALKOHOLU KURIEREM W PRZYPADKU ZAM\u00d3WIE\u0143 OD OS\u00d3B PRYWATNYCH, TYLKO ODBI\u00d3R OSOBISTY NA UL. \u015aW. STANIS\u0141AWA 12 W WARSZAWIE!!! W przypadku op\u0142acenia zam\u00f3wienia alkoholu z wysy\u0142k\u0105, przy zwrocie pieni\u0119dzy zostanie potr\u0105cona prowizja\u00a0<strong>DOTPAY<\/strong>!<\/span><\/p>\n<p>\u00a0<\/p>\n<p>Wino bia\u0142e, p\u00f3\u0142s\u0142odkie, gronowe<\/p>\n<p>Kraj pochodzenia: W\u0119gry<\/p>\n<p>Zawarto\u015b\u0107 alkoholu: 11%<\/p>\n<p>Pojemno\u015b\u0107: 0,75l<\/p>\n<p>\u00a0<\/p>\n<p>S\u00e1rgamuskot\u00e1ly to wino o charakterystycznie intensywnym i przyjemnym zapachu oraz stonowanej kwasowo\u015bci.<\/p>\n<p>Jedno z ulubionych win konsument\u00f3w. Delikatna kwasowo\u015b\u0107 sprawia, \u017ce wino jest rze\u015bkie i lekkie w spo\u017cyciu.<\/p>\n<p>Wytwarzane w procesie redukcyjnym wino o niesamowitych walorach smakowych.<\/p>\n","protected":false},"featured_media":17089,"comment_status":"open","ping_status":"closed","template":"","meta":[],"product_cat":[122,80],"product_tag":[],"class_list":{"0":"post-17090","1":"product","2":"type-product","3":"status-publish","4":"has-post-thumbnail","6":"product_cat-wegry","7":"product_cat-wina-swiata","9":"first","10":"instock","11":"shipping-taxable","12":"purchasable","13":"product-type-simple"},"_links":{"self":[{"href":"http:\/\/delikatesy.wineport.pl\/index.php?rest_route=\/wp\/v2\/product\/17090","targetHints":{"allow":["GET"]}}],"collection":[{"href":"http:\/\/delikatesy.wineport.pl\/index.php?rest_route=\/wp\/v2\/product"}],"about":[{"href":"http:\/\/delikatesy.wineport.pl\/index.php?rest_route=\/wp\/v2\/types\/product"}],"replies":[{"embeddable":true,"href":"http:\/\/delikatesy.wineport.pl\/index.php?rest_route=%2Fwp%2Fv2%2Fcomments&post=17090"}],"wp:featuredmedia":[{"embeddable":true,"href":"http:\/\/delikatesy.wineport.pl\/index.php?rest_route=\/wp\/v2\/media\/17089"}],"wp:attachment":[{"href":"http:\/\/delikatesy.wineport.pl\/index.php?rest_route=%2Fwp%2Fv2%2Fmedia&parent=17090"}],"wp:term":[{"taxonomy":"product_cat","embeddable":true,"href":"http:\/\/delikatesy.wineport.pl\/index.php?rest_route=%2Fwp%2Fv2%2Fproduct_cat&post=17090"},{"taxonomy":"product_tag","embeddable":true,"href":"http:\/\/delikatesy.wineport.pl\/index.php?rest_route=%2Fwp%2Fv2%2Fproduct_tag&post=17090"}],"curies":[{"name":"wp","href":"https:\/\/api.w.org\/{rel}","templated":true}]}}