{"id":17096,"date":"2024-03-14T14:24:02","date_gmt":"2024-03-14T13:24:02","guid":{"rendered":"http:\/\/delikatesy.wineport.pl\/?product=tokaji-cuvee-late-harvest-slodkie-gotz-pinceszet-05l"},"modified":"2026-05-10T19:58:03","modified_gmt":"2026-05-10T17:58:03","slug":"tokaji-cuvee-late-harvest-slodkie-gotz-pinceszet-05l","status":"publish","type":"product","link":"http:\/\/delikatesy.wineport.pl\/?product=tokaji-cuvee-late-harvest-slodkie-gotz-pinceszet-05l","title":{"rendered":"Tokaji Cuv\u00e9e late harvest s\u0142odkie G\u00f6tz Pinc\u00e9szet 0,5l"},"content":{"rendered":"<p style=\"font-size: 12px; font-family: Lato;\"><span style=\"color: #ff0000;\">UWAGA!!! NIE WYSY\u0141AMY ALKOHOLU KURIEREM W PRZYPADKU ZAM\u00d3WIE\u0143 OD OS\u00d3B PRYWATNYCH, TYLKO ODBI\u00d3R OSOBISTY NA UL. \u015aW. STANIS\u0141AWA 12 W WARSZAWIE!!! W przypadku op\u0142acenia zam\u00f3wienia alkoholu z wysy\u0142k\u0105, przy zwrocie pieni\u0119dzy zostanie potr\u0105cona prowizja\u00a0DOTPAY!<\/span><\/p>\n<p style=\"font-size: 12px; font-family: Lato;\">\u00a0<\/p>\n<p style=\"font-size: 12px; font-family: Lato;\">Wino bia\u0142e, s\u0142odkie, gronowe<\/p>\n<p style=\"font-size: 12px; font-family: Lato;\">Kraj pochodzenia: W\u0119gry<\/p>\n<p style=\"font-size: 12px; font-family: Lato;\">Zawarto\u015b\u0107 alkoholu: 12%<\/p>\n<p style=\"font-size: 12px; font-family: Lato;\">Pojemno\u015b\u0107: 0,5l<\/p>\n<p style=\"font-size: 12px; font-family: Lato;\">\u00a0<\/p>\n<p>Wino wyprodukowane z trzech odmian winogron. \u0141\u0105czy w sobie aromaty ananasa i kwiat\u00f3w winoro\u015bli. Charakteryzuje si\u0119 czystym smakiem, bogatym aromatem i \u015bwietnie zbalansowan\u0105 kwa\u015bn\u0105 s\u0142odycz\u0105. Dzi\u0119ki p\u00f3\u017anemu zbiorowi winogron wino daje harmonijny, d\u0142ugi finisz.<\/p>\n","protected":false},"excerpt":{"rendered":"<p style=\"font-size: 12px; font-family: Lato;\"><span style=\"color: #ff0000;\">UWAGA!!! NIE WYSY\u0141AMY ALKOHOLU KURIEREM W PRZYPADKU ZAM\u00d3WIE\u0143 OD OS\u00d3B PRYWATNYCH, TYLKO ODBI\u00d3R OSOBISTY NA UL. \u015aW. STANIS\u0141AWA 12 W WARSZAWIE!!! W przypadku op\u0142acenia zam\u00f3wienia alkoholu z wysy\u0142k\u0105, przy zwrocie pieni\u0119dzy zostanie potr\u0105cona prowizja\u00a0DOTPAY!<\/span><\/p>\n<p style=\"font-size: 12px; font-family: Lato;\">\u00a0<\/p>\n<p style=\"font-size: 12px; font-family: Lato;\">Wino bia\u0142e, s\u0142odkie, gronowe<\/p>\n<p style=\"font-size: 12px; font-family: Lato;\">Kraj pochodzenia: W\u0119gry<\/p>\n<p style=\"font-size: 12px; font-family: Lato;\">Zawarto\u015b\u0107 alkoholu: 12%<\/p>\n<p style=\"font-size: 12px; font-family: Lato;\">Pojemno\u015b\u0107: 0,5l<\/p>\n<p style=\"font-size: 12px; font-family: Lato;\">\u00a0<\/p>\n<p>Wino wyprodukowane z trzech odmian winogron. \u0141\u0105czy w sobie aromaty ananasa i kwiat\u00f3w winoro\u015bli. Charakteryzuje si\u0119 czystym smakiem, bogatym aromatem i \u015bwietnie zbalansowan\u0105 kwa\u015bn\u0105 s\u0142odycz\u0105. Dzi\u0119ki p\u00f3\u017anemu zbiorowi winogron wino daje harmonijny, d\u0142ugi finisz.<\/p>\n","protected":false},"featured_media":17095,"comment_status":"open","ping_status":"closed","template":"","meta":[],"product_cat":[122,80],"product_tag":[],"class_list":{"0":"post-17096","1":"product","2":"type-product","3":"status-publish","4":"has-post-thumbnail","6":"product_cat-wegry","7":"product_cat-wina-swiata","9":"first","10":"instock","11":"shipping-taxable","12":"purchasable","13":"product-type-simple"},"_links":{"self":[{"href":"http:\/\/delikatesy.wineport.pl\/index.php?rest_route=\/wp\/v2\/product\/17096","targetHints":{"allow":["GET"]}}],"collection":[{"href":"http:\/\/delikatesy.wineport.pl\/index.php?rest_route=\/wp\/v2\/product"}],"about":[{"href":"http:\/\/delikatesy.wineport.pl\/index.php?rest_route=\/wp\/v2\/types\/product"}],"replies":[{"embeddable":true,"href":"http:\/\/delikatesy.wineport.pl\/index.php?rest_route=%2Fwp%2Fv2%2Fcomments&post=17096"}],"wp:featuredmedia":[{"embeddable":true,"href":"http:\/\/delikatesy.wineport.pl\/index.php?rest_route=\/wp\/v2\/media\/17095"}],"wp:attachment":[{"href":"http:\/\/delikatesy.wineport.pl\/index.php?rest_route=%2Fwp%2Fv2%2Fmedia&parent=17096"}],"wp:term":[{"taxonomy":"product_cat","embeddable":true,"href":"http:\/\/delikatesy.wineport.pl\/index.php?rest_route=%2Fwp%2Fv2%2Fproduct_cat&post=17096"},{"taxonomy":"product_tag","embeddable":true,"href":"http:\/\/delikatesy.wineport.pl\/index.php?rest_route=%2Fwp%2Fv2%2Fproduct_tag&post=17096"}],"curies":[{"name":"wp","href":"https:\/\/api.w.org\/{rel}","templated":true}]}}