{"id":17102,"date":"2024-03-14T14:24:08","date_gmt":"2024-03-14T13:24:08","guid":{"rendered":"http:\/\/delikatesy.wineport.pl\/?product=ronfini-prosecco-doc-treviso-extra-dry-075l"},"modified":"2026-05-10T19:58:03","modified_gmt":"2026-05-10T17:58:03","slug":"ronfini-prosecco-doc-treviso-extra-dry-075l","status":"publish","type":"product","link":"http:\/\/delikatesy.wineport.pl\/?product=ronfini-prosecco-doc-treviso-extra-dry-075l","title":{"rendered":"Ronfini Prosecco Doc Treviso &#8211; Extra Dry 0,75l"},"content":{"rendered":"<p style=\"color: #111111; font-size: 12px; font-family: &quot;;\"><span style=\"color: #ff0000; font-family: Lato;\">UWAGA!!! NIE WYSY\u0141AMY ALKOHOLU KURIEREM W PRZYPADKU ZAM\u00d3WIE\u0143 OD OS\u00d3B PRYWATNYCH, TYLKO ODBI\u00d3R OSOBISTY NA UL. \u015aW. STANIS\u0141AWA 12 W WARSZAWIE!!! W przypadku op\u0142acenia zam\u00f3wienia alkoholu z wysy\u0142k\u0105, przy zwrocie pieni\u0119dzy zostanie potr\u0105cona prowizja\u00a0<\/span><span style=\"color: #ff0000; font-family: Lato;\">DOTPAY<\/span><span style=\"color: #ff0000; font-family: Lato;\">!<\/span><\/p>\n<p style=\"color: #111111; font-size: 12px; font-family: &quot;;\">Zawarto\u015b\u0107 alkoholu: 11%<\/p>\n<p style=\"color: #111111; font-size: 12px; font-family: &quot;;\">Zawarto\u015b\u0107 cukru: 14 g\/l<\/p>\n<p style=\"color: #111111; font-size: 12px; font-family: &quot;;\">Ci\u015bnienie w 20\u00b0C: 4 bary<\/p>\n<p style=\"color: #111111; font-size: 12px; font-family: &quot;;\">Pojemno\u015b\u0107: 0,75l<\/p>\n<p style=\"color: #111111; font-size: 12px; font-family: &quot;;\">Szczep: 100% Glera<\/p>\n<p style=\"color: #111111; font-size: 12px; font-family: &quot;;\">S\u0142omkowo\u017c\u00f3\u0142te z zielon\u0105 po\u015bwiat\u0105. Drobne i d\u0142ugo utrzymuj\u0105ce si\u0119 b\u0105belki. W bukiecie owoce, g\u0142\u00f3wnie jab\u0142ko i gruszka, z nutami kwiatowymi. Orze\u017awiaj\u0105ce, wytrawne, acz odrobin\u0119 s\u0142odkie i g\u0142adkie. Podawa\u0107 w temperaturze 6-8\u00b0C.<\/p>\n<p>Nagrody:<\/p>\n<p>Gold Medal Guide and International Competition Gilbert &amp; Gaillard 2019<\/p>\n","protected":false},"excerpt":{"rendered":"<p style=\"color: #111111; font-size: 12px; font-family: &quot;;\"><span style=\"color: #ff0000; font-family: Lato;\">UWAGA!!! NIE WYSY\u0141AMY ALKOHOLU KURIEREM W PRZYPADKU ZAM\u00d3WIE\u0143 OD OS\u00d3B PRYWATNYCH, TYLKO ODBI\u00d3R OSOBISTY NA UL. \u015aW. STANIS\u0141AWA 12 W WARSZAWIE!!! W przypadku op\u0142acenia zam\u00f3wienia alkoholu z wysy\u0142k\u0105, przy zwrocie pieni\u0119dzy zostanie potr\u0105cona prowizja\u00a0<\/span><span style=\"color: #ff0000; font-family: Lato;\">DOTPAY<\/span><span style=\"color: #ff0000; font-family: Lato;\">!<\/span><\/p>\n<p style=\"color: #111111; font-size: 12px; font-family: &quot;;\">Zawarto\u015b\u0107 alkoholu: 11%<\/p>\n<p style=\"color: #111111; font-size: 12px; font-family: &quot;;\">Zawarto\u015b\u0107 cukru: 14 g\/l<\/p>\n<p style=\"color: #111111; font-size: 12px; font-family: &quot;;\">Ci\u015bnienie w 20\u00b0C: 4 bary<\/p>\n<p style=\"color: #111111; font-size: 12px; font-family: &quot;;\">Pojemno\u015b\u0107: 0,75l<\/p>\n<p style=\"color: #111111; font-size: 12px; font-family: &quot;;\">Szczep: 100% Glera<\/p>\n<p style=\"color: #111111; font-size: 12px; font-family: &quot;;\">S\u0142omkowo\u017c\u00f3\u0142te z zielon\u0105 po\u015bwiat\u0105. Drobne i d\u0142ugo utrzymuj\u0105ce si\u0119 b\u0105belki. W bukiecie owoce, g\u0142\u00f3wnie jab\u0142ko i gruszka, z nutami kwiatowymi. Orze\u017awiaj\u0105ce, wytrawne, acz odrobin\u0119 s\u0142odkie i g\u0142adkie. Podawa\u0107 w temperaturze 6-8\u00b0C.<\/p>\n<p>Nagrody:<\/p>\n<p>Gold Medal Guide and International Competition Gilbert &amp; Gaillard 2019<\/p>\n","protected":false},"featured_media":17101,"comment_status":"open","ping_status":"closed","template":"","meta":[],"product_cat":[80,95,97],"product_tag":[],"class_list":{"0":"post-17102","1":"product","2":"type-product","3":"status-publish","4":"has-post-thumbnail","6":"product_cat-wina-swiata","7":"product_cat-wlochy","8":"product_cat-wlochy-veneto","10":"first","11":"instock","12":"shipping-taxable","13":"purchasable","14":"product-type-simple"},"_links":{"self":[{"href":"http:\/\/delikatesy.wineport.pl\/index.php?rest_route=\/wp\/v2\/product\/17102","targetHints":{"allow":["GET"]}}],"collection":[{"href":"http:\/\/delikatesy.wineport.pl\/index.php?rest_route=\/wp\/v2\/product"}],"about":[{"href":"http:\/\/delikatesy.wineport.pl\/index.php?rest_route=\/wp\/v2\/types\/product"}],"replies":[{"embeddable":true,"href":"http:\/\/delikatesy.wineport.pl\/index.php?rest_route=%2Fwp%2Fv2%2Fcomments&post=17102"}],"wp:featuredmedia":[{"embeddable":true,"href":"http:\/\/delikatesy.wineport.pl\/index.php?rest_route=\/wp\/v2\/media\/17101"}],"wp:attachment":[{"href":"http:\/\/delikatesy.wineport.pl\/index.php?rest_route=%2Fwp%2Fv2%2Fmedia&parent=17102"}],"wp:term":[{"taxonomy":"product_cat","embeddable":true,"href":"http:\/\/delikatesy.wineport.pl\/index.php?rest_route=%2Fwp%2Fv2%2Fproduct_cat&post=17102"},{"taxonomy":"product_tag","embeddable":true,"href":"http:\/\/delikatesy.wineport.pl\/index.php?rest_route=%2Fwp%2Fv2%2Fproduct_tag&post=17102"}],"curies":[{"name":"wp","href":"https:\/\/api.w.org\/{rel}","templated":true}]}}