{"id":17104,"date":"2024-03-14T14:24:08","date_gmt":"2024-03-14T13:24:08","guid":{"rendered":"http:\/\/delikatesy.wineport.pl\/?product=ronfini-valdobbiadene-prosecco-superiore-docg-extra-brut-cuvee-5-075l"},"modified":"2026-05-10T19:58:04","modified_gmt":"2026-05-10T17:58:04","slug":"ronfini-valdobbiadene-prosecco-superiore-docg-extra-brut-cuvee-5-075l","status":"publish","type":"product","link":"http:\/\/delikatesy.wineport.pl\/?product=ronfini-valdobbiadene-prosecco-superiore-docg-extra-brut-cuvee-5-075l","title":{"rendered":"Ronfini Valdobbiadene Prosecco Superiore Docg &#8211; Extra Brut Cuv\u00e9e 5 0,75l"},"content":{"rendered":"<p style=\"color: #111111; font-size: 12px; font-family: &quot;;\"><span style=\"color: #ff0000; font-family: Lato;\">UWAGA!!! NIE WYSY\u0141AMY ALKOHOLU KURIEREM W PRZYPADKU ZAM\u00d3WIE\u0143 OD OS\u00d3B PRYWATNYCH, TYLKO ODBI\u00d3R OSOBISTY NA UL. \u015aW. STANIS\u0141AWA 12 W WARSZAWIE!!! W przypadku op\u0142acenia zam\u00f3wienia alkoholu z wysy\u0142k\u0105, przy zwrocie pieni\u0119dzy zostanie potr\u0105cona prowizja\u00a0<\/span><span style=\"color: #ff0000; font-family: Lato;\">DOTPAY<\/span><span style=\"color: #ff0000; font-family: Lato;\">!<\/span><\/p>\n<p style=\"color: #111111; font-size: 12px; font-family: &quot;;\">Zawarto\u015b\u0107 alkoholu: 11,5%<\/p>\n<p style=\"color: #111111; font-size: 12px; font-family: &quot;;\">Zawarto\u015b\u0107 cukru: 5 g\/l<\/p>\n<p style=\"color: #111111; font-size: 12px; font-family: &quot;;\">Ci\u015bnienie w 20\u00b0C: 4,5 bara<\/p>\n<p style=\"color: #111111; font-size: 12px; font-family: &quot;;\">Szczep: Glera z dodatkiem odmian Verdiso, Bianchetta i Glera lungo<\/p>\n<p style=\"color: #111111; font-size: 12px; font-family: &quot;;\">Pojemno\u015b\u0107: 0,75l<\/p>\n<p style=\"color: #111111; font-size: 12px; font-family: &quot;;\">S\u0142omkowo\u017c\u00f3\u0142te z zielon\u0105 po\u015bwiat\u0105. Drobne i d\u0142ugo utrzymuj\u0105ce si\u0119 b\u0105belki. Obszerny i zach\u0119caj\u0105cy bukiet z nutami jab\u0142ek, brzoskwi\u0144 i tropikalnych owoc\u00f3w. W smaku wyraziste, acz g\u0142adkie, owocowe z taniczno\u015bci\u0105 dobrze zbalansowan\u0105 kwasowo\u015bci\u0105. \u015awietnie pasuje do ryb i risotto. Podawa\u0107 w temperaturze 6-8\u00b0C.<\/p>\n<p>Nagrody:<\/p>\n<p>Medaglia d\u2019oro 64\u00b0 Mostra Valdobbiadene Docg 2020<\/p>\n<p>3 Cuori Guide Merum 2020<\/p>\n<p>Gold Medal Guide and International Competition Gilbert &amp; Gaillard 2019<\/p>\n<p>88\/100 certificate 5 StarWines International Competition Vinitaly 2018<\/p>\n","protected":false},"excerpt":{"rendered":"<p style=\"color: #111111; font-size: 12px; font-family: &quot;;\"><span style=\"color: #ff0000; font-family: Lato;\">UWAGA!!! NIE WYSY\u0141AMY ALKOHOLU KURIEREM W PRZYPADKU ZAM\u00d3WIE\u0143 OD OS\u00d3B PRYWATNYCH, TYLKO ODBI\u00d3R OSOBISTY NA UL. \u015aW. STANIS\u0141AWA 12 W WARSZAWIE!!! W przypadku op\u0142acenia zam\u00f3wienia alkoholu z wysy\u0142k\u0105, przy zwrocie pieni\u0119dzy zostanie potr\u0105cona prowizja\u00a0<\/span><span style=\"color: #ff0000; font-family: Lato;\">DOTPAY<\/span><span style=\"color: #ff0000; font-family: Lato;\">!<\/span><\/p>\n<p style=\"color: #111111; font-size: 12px; font-family: &quot;;\">Zawarto\u015b\u0107 alkoholu: 11,5%<\/p>\n<p style=\"color: #111111; font-size: 12px; font-family: &quot;;\">Zawarto\u015b\u0107 cukru: 5 g\/l<\/p>\n<p style=\"color: #111111; font-size: 12px; font-family: &quot;;\">Ci\u015bnienie w 20\u00b0C: 4,5 bara<\/p>\n<p style=\"color: #111111; font-size: 12px; font-family: &quot;;\">Szczep: Glera z dodatkiem odmian Verdiso, Bianchetta i Glera lungo<\/p>\n<p style=\"color: #111111; font-size: 12px; font-family: &quot;;\">Pojemno\u015b\u0107: 0,75l<\/p>\n<p style=\"color: #111111; font-size: 12px; font-family: &quot;;\">S\u0142omkowo\u017c\u00f3\u0142te z zielon\u0105 po\u015bwiat\u0105. Drobne i d\u0142ugo utrzymuj\u0105ce si\u0119 b\u0105belki. Obszerny i zach\u0119caj\u0105cy bukiet z nutami jab\u0142ek, brzoskwi\u0144 i tropikalnych owoc\u00f3w. W smaku wyraziste, acz g\u0142adkie, owocowe z taniczno\u015bci\u0105 dobrze zbalansowan\u0105 kwasowo\u015bci\u0105. \u015awietnie pasuje do ryb i risotto. Podawa\u0107 w temperaturze 6-8\u00b0C.<\/p>\n<p>Nagrody:<\/p>\n<p>Medaglia d\u2019oro 64\u00b0 Mostra Valdobbiadene Docg 2020<\/p>\n<p>3 Cuori Guide Merum 2020<\/p>\n<p>Gold Medal Guide and International Competition Gilbert &amp; Gaillard 2019<\/p>\n<p>88\/100 certificate 5 StarWines International Competition Vinitaly 2018<\/p>\n","protected":false},"featured_media":17103,"comment_status":"open","ping_status":"closed","template":"","meta":[],"product_cat":[80,95,97],"product_tag":[],"class_list":{"0":"post-17104","1":"product","2":"type-product","3":"status-publish","4":"has-post-thumbnail","6":"product_cat-wina-swiata","7":"product_cat-wlochy","8":"product_cat-wlochy-veneto","10":"first","11":"instock","12":"shipping-taxable","13":"purchasable","14":"product-type-simple"},"_links":{"self":[{"href":"http:\/\/delikatesy.wineport.pl\/index.php?rest_route=\/wp\/v2\/product\/17104","targetHints":{"allow":["GET"]}}],"collection":[{"href":"http:\/\/delikatesy.wineport.pl\/index.php?rest_route=\/wp\/v2\/product"}],"about":[{"href":"http:\/\/delikatesy.wineport.pl\/index.php?rest_route=\/wp\/v2\/types\/product"}],"replies":[{"embeddable":true,"href":"http:\/\/delikatesy.wineport.pl\/index.php?rest_route=%2Fwp%2Fv2%2Fcomments&post=17104"}],"wp:featuredmedia":[{"embeddable":true,"href":"http:\/\/delikatesy.wineport.pl\/index.php?rest_route=\/wp\/v2\/media\/17103"}],"wp:attachment":[{"href":"http:\/\/delikatesy.wineport.pl\/index.php?rest_route=%2Fwp%2Fv2%2Fmedia&parent=17104"}],"wp:term":[{"taxonomy":"product_cat","embeddable":true,"href":"http:\/\/delikatesy.wineport.pl\/index.php?rest_route=%2Fwp%2Fv2%2Fproduct_cat&post=17104"},{"taxonomy":"product_tag","embeddable":true,"href":"http:\/\/delikatesy.wineport.pl\/index.php?rest_route=%2Fwp%2Fv2%2Fproduct_tag&post=17104"}],"curies":[{"name":"wp","href":"https:\/\/api.w.org\/{rel}","templated":true}]}}