{"id":17118,"date":"2024-03-14T14:24:17","date_gmt":"2024-03-14T13:24:17","guid":{"rendered":"http:\/\/delikatesy.wineport.pl\/?product=oliwa-elizondo-premium-royal-500-ml-z-ozdobnym-kartonikiem"},"modified":"2026-05-10T19:58:05","modified_gmt":"2026-05-10T17:58:05","slug":"oliwa-elizondo-premium-royal-500-ml-z-ozdobnym-kartonikiem","status":"publish","type":"product","link":"http:\/\/delikatesy.wineport.pl\/?product=oliwa-elizondo-premium-royal-500-ml-z-ozdobnym-kartonikiem","title":{"rendered":"Oliwa Elizondo Premium Royal 500 ml z ozdobnym kartonikiem"},"content":{"rendered":"<p>Oliwa z oliwek Royal ze wczesnych zbior\u00f3w. Te czerwone oliwki s\u0105 endemiczne dla Andaluzji. M\u00f3wi si\u0119, \u017ce odmiana ta jest wyj\u0105tkowa nawet w skali \u015bwiatowej.<\/p>\n<p>Oliwa ma zielonoz\u0142oty kolor. W zapachu intensywna, szczeg\u00f3lnie mocno zaznaczaj\u0105 si\u0119 nuty zielonych banan\u00f3w, jab\u0142ek, trawy i mi\u0119ty. W smaku czysta, ze s\u0142odycz\u0105 na pocz\u0105tku, kt\u00f3ra przeradza si\u0119 w delikatn\u0105 pikantno\u015b\u0107.<\/p>\n<p>Wersja z ozdobnym kartonikiem.<\/p>\n","protected":false},"excerpt":{"rendered":"<p>Oliwa z oliwek Royal ze wczesnych zbior\u00f3w. Te czerwone oliwki s\u0105 endemiczne dla Andaluzji. M\u00f3wi si\u0119, \u017ce odmiana ta jest wyj\u0105tkowa nawet w skali \u015bwiatowej.<\/p>\n<p>Oliwa ma zielonoz\u0142oty kolor. W zapachu intensywna, szczeg\u00f3lnie mocno zaznaczaj\u0105 si\u0119 nuty zielonych banan\u00f3w, jab\u0142ek, trawy i mi\u0119ty. W smaku czysta, ze s\u0142odycz\u0105 na pocz\u0105tku, kt\u00f3ra przeradza si\u0119 w delikatn\u0105 pikantno\u015b\u0107.<\/p>\n<p>Wersja z ozdobnym kartonikiem.<\/p>\n","protected":false},"featured_media":17117,"comment_status":"open","ping_status":"closed","template":"","meta":[],"product_cat":[173,175],"product_tag":[],"class_list":{"0":"post-17118","1":"product","2":"type-product","3":"status-publish","4":"has-post-thumbnail","6":"product_cat-artykuly-delikatesowe","7":"product_cat-oliwa-z-oliwek","9":"first","10":"instock","11":"shipping-taxable","12":"purchasable","13":"product-type-simple"},"_links":{"self":[{"href":"http:\/\/delikatesy.wineport.pl\/index.php?rest_route=\/wp\/v2\/product\/17118","targetHints":{"allow":["GET"]}}],"collection":[{"href":"http:\/\/delikatesy.wineport.pl\/index.php?rest_route=\/wp\/v2\/product"}],"about":[{"href":"http:\/\/delikatesy.wineport.pl\/index.php?rest_route=\/wp\/v2\/types\/product"}],"replies":[{"embeddable":true,"href":"http:\/\/delikatesy.wineport.pl\/index.php?rest_route=%2Fwp%2Fv2%2Fcomments&post=17118"}],"wp:featuredmedia":[{"embeddable":true,"href":"http:\/\/delikatesy.wineport.pl\/index.php?rest_route=\/wp\/v2\/media\/17117"}],"wp:attachment":[{"href":"http:\/\/delikatesy.wineport.pl\/index.php?rest_route=%2Fwp%2Fv2%2Fmedia&parent=17118"}],"wp:term":[{"taxonomy":"product_cat","embeddable":true,"href":"http:\/\/delikatesy.wineport.pl\/index.php?rest_route=%2Fwp%2Fv2%2Fproduct_cat&post=17118"},{"taxonomy":"product_tag","embeddable":true,"href":"http:\/\/delikatesy.wineport.pl\/index.php?rest_route=%2Fwp%2Fv2%2Fproduct_tag&post=17118"}],"curies":[{"name":"wp","href":"https:\/\/api.w.org\/{rel}","templated":true}]}}