{"id":17120,"date":"2024-03-14T14:24:19","date_gmt":"2024-03-14T13:24:19","guid":{"rendered":"http:\/\/delikatesy.wineport.pl\/?product=oliwa-elizondo-gourmet-picual-500-ml"},"modified":"2026-05-10T19:58:05","modified_gmt":"2026-05-10T17:58:05","slug":"oliwa-elizondo-gourmet-picual-500-ml","status":"publish","type":"product","link":"http:\/\/delikatesy.wineport.pl\/?product=oliwa-elizondo-gourmet-picual-500-ml","title":{"rendered":"Oliwa Elizondo Gourmet Picual 500 ml"},"content":{"rendered":"<p>T\u0142oczona na zimno oliwa z oliwek Picual zbieranych w pa\u017adzierniku.<\/p>\n<p>Z\u0142otozielony kolor. W zapachu wybijaj\u0105 si\u0119 zielone owoce, da si\u0119 wyczu\u0107 nuty zielonych banan\u00f3w, jab\u0142ek i li\u015bci pomidora. W smaku \u015bwie\u017ca i zbalansowana, z migda\u0142owym posmakiem.<\/p>\n","protected":false},"excerpt":{"rendered":"<p>T\u0142oczona na zimno oliwa z oliwek Picual zbieranych w pa\u017adzierniku.<\/p>\n<p>Z\u0142otozielony kolor. W zapachu wybijaj\u0105 si\u0119 zielone owoce, da si\u0119 wyczu\u0107 nuty zielonych banan\u00f3w, jab\u0142ek i li\u015bci pomidora. W smaku \u015bwie\u017ca i zbalansowana, z migda\u0142owym posmakiem.<\/p>\n","protected":false},"featured_media":17119,"comment_status":"open","ping_status":"closed","template":"","meta":[],"product_cat":[173,175],"product_tag":[],"class_list":{"0":"post-17120","1":"product","2":"type-product","3":"status-publish","4":"has-post-thumbnail","6":"product_cat-artykuly-delikatesowe","7":"product_cat-oliwa-z-oliwek","9":"first","10":"instock","11":"shipping-taxable","12":"purchasable","13":"product-type-simple"},"_links":{"self":[{"href":"http:\/\/delikatesy.wineport.pl\/index.php?rest_route=\/wp\/v2\/product\/17120","targetHints":{"allow":["GET"]}}],"collection":[{"href":"http:\/\/delikatesy.wineport.pl\/index.php?rest_route=\/wp\/v2\/product"}],"about":[{"href":"http:\/\/delikatesy.wineport.pl\/index.php?rest_route=\/wp\/v2\/types\/product"}],"replies":[{"embeddable":true,"href":"http:\/\/delikatesy.wineport.pl\/index.php?rest_route=%2Fwp%2Fv2%2Fcomments&post=17120"}],"wp:featuredmedia":[{"embeddable":true,"href":"http:\/\/delikatesy.wineport.pl\/index.php?rest_route=\/wp\/v2\/media\/17119"}],"wp:attachment":[{"href":"http:\/\/delikatesy.wineport.pl\/index.php?rest_route=%2Fwp%2Fv2%2Fmedia&parent=17120"}],"wp:term":[{"taxonomy":"product_cat","embeddable":true,"href":"http:\/\/delikatesy.wineport.pl\/index.php?rest_route=%2Fwp%2Fv2%2Fproduct_cat&post=17120"},{"taxonomy":"product_tag","embeddable":true,"href":"http:\/\/delikatesy.wineport.pl\/index.php?rest_route=%2Fwp%2Fv2%2Fproduct_tag&post=17120"}],"curies":[{"name":"wp","href":"https:\/\/api.w.org\/{rel}","templated":true}]}}