{"id":17122,"date":"2024-03-14T14:24:20","date_gmt":"2024-03-14T13:24:20","guid":{"rendered":"http:\/\/delikatesy.wineport.pl\/?product=oliwa-elizondo-luxury-z-czarnym-czosnkiem-200-ml"},"modified":"2026-05-10T19:58:06","modified_gmt":"2026-05-10T17:58:06","slug":"oliwa-elizondo-luxury-z-czarnym-czosnkiem-200-ml","status":"publish","type":"product","link":"http:\/\/delikatesy.wineport.pl\/?product=oliwa-elizondo-luxury-z-czarnym-czosnkiem-200-ml","title":{"rendered":"Oliwa Elizondo Luxury z czarnym czosnkiem 200 ml"},"content":{"rendered":"<p>Seria Elizondo Luxury to mieszanka oliw przenikni\u0119ta aromatami naturalnych dodatk\u00f3w. Przy ich u\u017cyciu w \u0142atwy spos\u00f3b mo\u017cna nada\u0107 potrawom wyszukane\u00a0akcenty.<\/p>\n<p>Oliwa z oliwek z czarnym czosnkiem, kt\u00f3ry\u00a0otrzymuje si\u0119\u00a0dzi\u0119ki japo\u0144skiej metodzie d\u0142ugotrwa\u0142ej fermentacji, jest uniwersalnym dodatkiem do potraw. Idealnie nada si\u0119 do sa\u0142atek, mi\u0119s, ryb czy makaron\u00f3w. Nadaje potrawom niespodziewanej g\u0142\u0119bi.\u00a0<\/p>\n","protected":false},"excerpt":{"rendered":"<p>Seria Elizondo Luxury to mieszanka oliw przenikni\u0119ta aromatami naturalnych dodatk\u00f3w. Przy ich u\u017cyciu w \u0142atwy spos\u00f3b mo\u017cna nada\u0107 potrawom wyszukane\u00a0akcenty.<\/p>\n<p>Oliwa z oliwek z czarnym czosnkiem, kt\u00f3ry\u00a0otrzymuje si\u0119\u00a0dzi\u0119ki japo\u0144skiej metodzie d\u0142ugotrwa\u0142ej fermentacji, jest uniwersalnym dodatkiem do potraw. Idealnie nada si\u0119 do sa\u0142atek, mi\u0119s, ryb czy makaron\u00f3w. Nadaje potrawom niespodziewanej g\u0142\u0119bi.\u00a0<\/p>\n","protected":false},"featured_media":17121,"comment_status":"open","ping_status":"closed","template":"","meta":[],"product_cat":[173,175],"product_tag":[],"class_list":{"0":"post-17122","1":"product","2":"type-product","3":"status-publish","4":"has-post-thumbnail","6":"product_cat-artykuly-delikatesowe","7":"product_cat-oliwa-z-oliwek","9":"first","10":"instock","11":"shipping-taxable","12":"purchasable","13":"product-type-simple"},"_links":{"self":[{"href":"http:\/\/delikatesy.wineport.pl\/index.php?rest_route=\/wp\/v2\/product\/17122","targetHints":{"allow":["GET"]}}],"collection":[{"href":"http:\/\/delikatesy.wineport.pl\/index.php?rest_route=\/wp\/v2\/product"}],"about":[{"href":"http:\/\/delikatesy.wineport.pl\/index.php?rest_route=\/wp\/v2\/types\/product"}],"replies":[{"embeddable":true,"href":"http:\/\/delikatesy.wineport.pl\/index.php?rest_route=%2Fwp%2Fv2%2Fcomments&post=17122"}],"wp:featuredmedia":[{"embeddable":true,"href":"http:\/\/delikatesy.wineport.pl\/index.php?rest_route=\/wp\/v2\/media\/17121"}],"wp:attachment":[{"href":"http:\/\/delikatesy.wineport.pl\/index.php?rest_route=%2Fwp%2Fv2%2Fmedia&parent=17122"}],"wp:term":[{"taxonomy":"product_cat","embeddable":true,"href":"http:\/\/delikatesy.wineport.pl\/index.php?rest_route=%2Fwp%2Fv2%2Fproduct_cat&post=17122"},{"taxonomy":"product_tag","embeddable":true,"href":"http:\/\/delikatesy.wineport.pl\/index.php?rest_route=%2Fwp%2Fv2%2Fproduct_tag&post=17122"}],"curies":[{"name":"wp","href":"https:\/\/api.w.org\/{rel}","templated":true}]}}