{"id":17126,"date":"2024-03-14T14:24:20","date_gmt":"2024-03-14T13:24:20","guid":{"rendered":"http:\/\/delikatesy.wineport.pl\/?product=oliwa-elizondo-luxury-z-ziarnem-kakaowca-200-ml"},"modified":"2026-05-10T19:58:06","modified_gmt":"2026-05-10T17:58:06","slug":"oliwa-elizondo-luxury-z-ziarnem-kakaowca-200-ml","status":"publish","type":"product","link":"http:\/\/delikatesy.wineport.pl\/?product=oliwa-elizondo-luxury-z-ziarnem-kakaowca-200-ml","title":{"rendered":"Oliwa Elizondo Luxury z ziarnem kakaowca 200 ml"},"content":{"rendered":"<p>Seria Elizondo Luxury to mieszanka oliw przenikni\u0119ta aromatami naturalnych dodatk\u00f3w. Przy ich u\u017cyciu w \u0142atwy spos\u00f3b mo\u017cna nada\u0107 potrawom wyszukane\u00a0akcenty.<\/p>\n<p>Oliwa z oliwek z\u00a0ziarnem kakaowca. Ju\u017c staro\u017cytni Majowie doceniali ten pyszny dar natury, \u017ar\u00f3d\u0142o antyoksydant\u00f3w i antydepresant\u00f3w. Do dzi\u015b jest po\u017c\u0105danym sk\u0142adnikiem, a wytwarzan\u0105 z niego czekolad\u0119 uwa\u017ca si\u0119 za jedn\u0105 z najwi\u0119kszych gastronomicznych przyjemno\u015bci w historii ludzko\u015bci. Oliw\u0119 t\u0119 polecamy \u0142\u0105czy\u0107 z mi\u0119sami oraz deserami.<\/p>\n","protected":false},"excerpt":{"rendered":"<p>Seria Elizondo Luxury to mieszanka oliw przenikni\u0119ta aromatami naturalnych dodatk\u00f3w. Przy ich u\u017cyciu w \u0142atwy spos\u00f3b mo\u017cna nada\u0107 potrawom wyszukane\u00a0akcenty.<\/p>\n<p>Oliwa z oliwek z\u00a0ziarnem kakaowca. Ju\u017c staro\u017cytni Majowie doceniali ten pyszny dar natury, \u017ar\u00f3d\u0142o antyoksydant\u00f3w i antydepresant\u00f3w. Do dzi\u015b jest po\u017c\u0105danym sk\u0142adnikiem, a wytwarzan\u0105 z niego czekolad\u0119 uwa\u017ca si\u0119 za jedn\u0105 z najwi\u0119kszych gastronomicznych przyjemno\u015bci w historii ludzko\u015bci. Oliw\u0119 t\u0119 polecamy \u0142\u0105czy\u0107 z mi\u0119sami oraz deserami.<\/p>\n","protected":false},"featured_media":17125,"comment_status":"open","ping_status":"closed","template":"","meta":[],"product_cat":[173,175],"product_tag":[],"class_list":{"0":"post-17126","1":"product","2":"type-product","3":"status-publish","4":"has-post-thumbnail","6":"product_cat-artykuly-delikatesowe","7":"product_cat-oliwa-z-oliwek","9":"first","10":"instock","11":"shipping-taxable","12":"purchasable","13":"product-type-simple"},"_links":{"self":[{"href":"http:\/\/delikatesy.wineport.pl\/index.php?rest_route=\/wp\/v2\/product\/17126","targetHints":{"allow":["GET"]}}],"collection":[{"href":"http:\/\/delikatesy.wineport.pl\/index.php?rest_route=\/wp\/v2\/product"}],"about":[{"href":"http:\/\/delikatesy.wineport.pl\/index.php?rest_route=\/wp\/v2\/types\/product"}],"replies":[{"embeddable":true,"href":"http:\/\/delikatesy.wineport.pl\/index.php?rest_route=%2Fwp%2Fv2%2Fcomments&post=17126"}],"wp:featuredmedia":[{"embeddable":true,"href":"http:\/\/delikatesy.wineport.pl\/index.php?rest_route=\/wp\/v2\/media\/17125"}],"wp:attachment":[{"href":"http:\/\/delikatesy.wineport.pl\/index.php?rest_route=%2Fwp%2Fv2%2Fmedia&parent=17126"}],"wp:term":[{"taxonomy":"product_cat","embeddable":true,"href":"http:\/\/delikatesy.wineport.pl\/index.php?rest_route=%2Fwp%2Fv2%2Fproduct_cat&post=17126"},{"taxonomy":"product_tag","embeddable":true,"href":"http:\/\/delikatesy.wineport.pl\/index.php?rest_route=%2Fwp%2Fv2%2Fproduct_tag&post=17126"}],"curies":[{"name":"wp","href":"https:\/\/api.w.org\/{rel}","templated":true}]}}