{"id":17132,"date":"2024-03-14T14:24:35","date_gmt":"2024-03-14T13:24:35","guid":{"rendered":"http:\/\/delikatesy.wineport.pl\/?product=kilkerran-16yo-whisky-46-07l"},"modified":"2026-05-17T22:07:01","modified_gmt":"2026-05-17T20:07:01","slug":"kilkerran-16yo-whisky-46-07l","status":"publish","type":"product","link":"http:\/\/delikatesy.wineport.pl\/?product=kilkerran-16yo-whisky-46-07l","title":{"rendered":"KILKERRAN 16YO whisky 46% 0,7L"},"content":{"rendered":"<p><span style=\"color: #ff0000; font-size: 16px; font-family: arial, helvetica, sans-serif;\">UWAGA!!!<\/span><\/p>\n<p><span style=\"color: #ff0000; font-size: 16px; font-family: arial, helvetica, sans-serif;\">Produkt sprzedawany na zapisy. Zainteresowanych prosimy o kontakt telefoniczny:\u00a0+48 22 2925937<\/span><\/p>\n<p><span style=\"color: #ff0000; font-size: 16px; font-family: arial, helvetica, sans-serif;\">NIE WYSY\u0141AMY ALKOHOLU W PRZYPADKU ZAM\u00d3WIE\u0143 OD OS\u00d3B PRYWATNYCH, TYLKO ODBI\u00d3R OSOBISTY NA UL. \u015aW. STANIS\u0141AWA 12 W WARSZAWIE!!! W przypadku op\u0142acenia zam\u00f3wienia alkoholu z wysy\u0142k\u0105, przy zwrocie pieni\u0119dzy zostanie potr\u0105cona prowizja\u00a0DOTPAY!<\/span><\/p>\n<p>Pojemno\u015b\u0107: 0,7l<\/p>\n<p>Zawarto\u015b\u0107 alkoholu: 46%<\/p>\n<p>Kraj: Szkocja<\/p>\n<p>Region: Campbeltown<\/p>\n<p>Rodzaj whisky: Single Malt<\/p>\n<p>16-letni single malt Kilkerran, wydany w 2020 roku, o aromacie zi\u00f3\u0142 ogrodowych, cytrus\u00f3w, kremu waniliowego, ciasta bezowego.\u00a0<span data-language-for-alternatives=\"pl\" data-language-to-translate-into=\"da\" data-phrase-index=\"1\">Na podniebieniu wyczuwalne s\u0105 nuty miodowych zb\u00f3\u017c, bogatego s\u0142odu, suchego dymu torfowego, suszonych zi\u00f3\u0142, czarnego pieprzu i any\u017cu, kt\u00f3re na finiszu utrzymuj\u0105 si\u0119 obok soli morskiej i popio\u0142u.<\/span><\/p>\n","protected":false},"excerpt":{"rendered":"<p><span style=\"color: #ff0000; font-size: 16px; font-family: arial, helvetica, sans-serif;\">UWAGA!!! NIE WYSY\u0141AMY ALKOHOLU W PRZYPADKU ZAM\u00d3WIE\u0143 OD OS\u00d3B PRYWATNYCH, TYLKO ODBI\u00d3R OSOBISTY NA UL. \u015aW. STANIS\u0141AWA 12 W WARSZAWIE!!! W przypadku op\u0142acenia zam\u00f3wienia alkoholu z wysy\u0142k\u0105, przy zwrocie pieni\u0119dzy zostanie potr\u0105cona prowizja\u00a0DOTPAY!<\/span><\/p>\n<p>Pojemno\u015b\u0107: 0,7l<\/p>\n<p>Zawarto\u015b\u0107 alkoholu: 46%<\/p>\n<p>Kraj: Szkocja<\/p>\n<p>Region: Campbeltown<\/p>\n<p>Rodzaj whisky: Single Malt<\/p>\n<p>16-letni single malt Kilkerran, wydany w 2020 roku, o aromacie zi\u00f3\u0142 ogrodowych, cytrus\u00f3w, kremu waniliowego, ciasta bezowego.\u00a0<span data-language-for-alternatives=\"pl\" data-language-to-translate-into=\"da\" data-phrase-index=\"1\">Na podniebieniu wyczuwalne s\u0105 nuty miodowych zb\u00f3\u017c, bogatego s\u0142odu, suchego dymu torfowego, suszonych zi\u00f3\u0142, czarnego pieprzu i any\u017cu, kt\u00f3re na finiszu utrzymuj\u0105 si\u0119 obok soli morskiej i popio\u0142u.<\/span><\/p>\n","protected":false},"featured_media":17131,"comment_status":"open","ping_status":"closed","template":"","meta":[],"product_cat":[142,154,143],"product_tag":[],"class_list":{"0":"post-17132","1":"product","2":"type-product","3":"status-publish","4":"has-post-thumbnail","6":"product_cat-alkohole-mocne","7":"product_cat-szkocja","8":"product_cat-whisky","10":"first","11":"instock","12":"shipping-taxable","13":"purchasable","14":"product-type-simple"},"_links":{"self":[{"href":"http:\/\/delikatesy.wineport.pl\/index.php?rest_route=\/wp\/v2\/product\/17132","targetHints":{"allow":["GET"]}}],"collection":[{"href":"http:\/\/delikatesy.wineport.pl\/index.php?rest_route=\/wp\/v2\/product"}],"about":[{"href":"http:\/\/delikatesy.wineport.pl\/index.php?rest_route=\/wp\/v2\/types\/product"}],"replies":[{"embeddable":true,"href":"http:\/\/delikatesy.wineport.pl\/index.php?rest_route=%2Fwp%2Fv2%2Fcomments&post=17132"}],"wp:featuredmedia":[{"embeddable":true,"href":"http:\/\/delikatesy.wineport.pl\/index.php?rest_route=\/wp\/v2\/media\/17131"}],"wp:attachment":[{"href":"http:\/\/delikatesy.wineport.pl\/index.php?rest_route=%2Fwp%2Fv2%2Fmedia&parent=17132"}],"wp:term":[{"taxonomy":"product_cat","embeddable":true,"href":"http:\/\/delikatesy.wineport.pl\/index.php?rest_route=%2Fwp%2Fv2%2Fproduct_cat&post=17132"},{"taxonomy":"product_tag","embeddable":true,"href":"http:\/\/delikatesy.wineport.pl\/index.php?rest_route=%2Fwp%2Fv2%2Fproduct_tag&post=17132"}],"curies":[{"name":"wp","href":"https:\/\/api.w.org\/{rel}","templated":true}]}}