{"id":17136,"date":"2024-03-14T14:24:39","date_gmt":"2024-03-14T13:24:39","guid":{"rendered":"http:\/\/delikatesy.wineport.pl\/?product=oliwa-elizondo-royal-spray-200-ml"},"modified":"2026-05-10T19:58:07","modified_gmt":"2026-05-10T17:58:07","slug":"oliwa-elizondo-royal-spray-200-ml","status":"publish","type":"product","link":"http:\/\/delikatesy.wineport.pl\/?product=oliwa-elizondo-royal-spray-200-ml","title":{"rendered":"Oliwa Elizondo Royal Spray 200 ml"},"content":{"rendered":"<p>Oliwa z oliwek Royal z wczesnego zbioru.\u00a0Ten lokalny szczep cechuje si\u0119 delikatnym smakiem wyj\u0105tkowym na skal\u0119 \u015bwiatow\u0105.\u00a0<\/p>\n<p>W zapachu idealnie dope\u0142niaj\u0105ce si\u0119\u00a0aromaty karczocha, banana i zielonej trawy. W smaku delikatna s\u0142odycz, r\u00f3\u017cnorodna dynamika smak\u00f3w, gdzie na pierwszy plan wybijaj\u0105 si\u0119 nuty migda\u0142\u00f3w, z delikatnym mu\u015bni\u0119ciem g\u0142adkiej wanilii i mi\u0119ty.<\/p>\n","protected":false},"excerpt":{"rendered":"<p>Oliwa z oliwek Royal z wczesnego zbioru.\u00a0Ten lokalny szczep cechuje si\u0119 delikatnym smakiem wyj\u0105tkowym na skal\u0119 \u015bwiatow\u0105.\u00a0<\/p>\n<p>W zapachu idealnie dope\u0142niaj\u0105ce si\u0119\u00a0aromaty karczocha, banana i zielonej trawy. W smaku delikatna s\u0142odycz, r\u00f3\u017cnorodna dynamika smak\u00f3w, gdzie na pierwszy plan wybijaj\u0105 si\u0119 nuty migda\u0142\u00f3w, z delikatnym mu\u015bni\u0119ciem g\u0142adkiej wanilii i mi\u0119ty.<\/p>\n","protected":false},"featured_media":17135,"comment_status":"open","ping_status":"closed","template":"","meta":[],"product_cat":[173,175],"product_tag":[],"class_list":{"0":"post-17136","1":"product","2":"type-product","3":"status-publish","4":"has-post-thumbnail","6":"product_cat-artykuly-delikatesowe","7":"product_cat-oliwa-z-oliwek","9":"first","10":"instock","11":"shipping-taxable","12":"purchasable","13":"product-type-simple"},"_links":{"self":[{"href":"http:\/\/delikatesy.wineport.pl\/index.php?rest_route=\/wp\/v2\/product\/17136","targetHints":{"allow":["GET"]}}],"collection":[{"href":"http:\/\/delikatesy.wineport.pl\/index.php?rest_route=\/wp\/v2\/product"}],"about":[{"href":"http:\/\/delikatesy.wineport.pl\/index.php?rest_route=\/wp\/v2\/types\/product"}],"replies":[{"embeddable":true,"href":"http:\/\/delikatesy.wineport.pl\/index.php?rest_route=%2Fwp%2Fv2%2Fcomments&post=17136"}],"wp:featuredmedia":[{"embeddable":true,"href":"http:\/\/delikatesy.wineport.pl\/index.php?rest_route=\/wp\/v2\/media\/17135"}],"wp:attachment":[{"href":"http:\/\/delikatesy.wineport.pl\/index.php?rest_route=%2Fwp%2Fv2%2Fmedia&parent=17136"}],"wp:term":[{"taxonomy":"product_cat","embeddable":true,"href":"http:\/\/delikatesy.wineport.pl\/index.php?rest_route=%2Fwp%2Fv2%2Fproduct_cat&post=17136"},{"taxonomy":"product_tag","embeddable":true,"href":"http:\/\/delikatesy.wineport.pl\/index.php?rest_route=%2Fwp%2Fv2%2Fproduct_tag&post=17136"}],"curies":[{"name":"wp","href":"https:\/\/api.w.org\/{rel}","templated":true}]}}