{"id":17164,"date":"2024-03-14T14:25:09","date_gmt":"2024-03-14T13:25:09","guid":{"rendered":"http:\/\/delikatesy.wineport.pl\/?product=chateau-piganeau-saint-emilion-grand-cru-aoc-brunot-estate-botled"},"modified":"2026-05-10T19:59:06","modified_gmt":"2026-05-10T17:59:06","slug":"chateau-piganeau-saint-emilion-grand-cru-aoc-brunot-estate-botled","status":"publish","type":"product","link":"http:\/\/delikatesy.wineport.pl\/?product=chateau-piganeau-saint-emilion-grand-cru-aoc-brunot-estate-botled","title":{"rendered":"Ch\u00e2teau Piganeau Saint-\u00c9milion Grand Cru AOC BRUNOT ESTATE BOTLED"},"content":{"rendered":"<p><span style=\"font-size: 12px; font-family: Lato;\">\u00a0<\/span><span style=\"color: #ff0000; font-size: 16px; font-family: arial, helvetica, sans-serif;\">UWAGA!!! NIE WYSY\u0141AMY ALKOHOLU KURIEREM W PRZYPADKU ZAM\u00d3WIE\u0143 OD OS\u00d3B PRYWATNYCH, TYLKO ODBI\u00d3R OSOBISTY NA UL. \u015aW. STANIS\u0141AWA 12 W WARSZAWIE!!! W przypadku op\u0142acenia zam\u00f3wienia alkoholu z wysy\u0142k\u0105, przy zwrocie pieni\u0119dzy zostanie potr\u0105cona prowizja dotpay!<\/span><\/p>\n<p>Wino pot\u0119\u017cne a zarazem aksamitne na podniebieniu z presti\u017cowej apelacji ST EMILION GRAND CRU. Wszystkie wina wyprodukowane i rozlane w butelki w winnicy . Butikowa produkcja tylko 25tys butelek rocznie.<\/p>\n<p>Wino idealnie komponuje si\u0119 do pol\u0119dwicy wo\u0142owej, kaczki, dojrzewaj\u0105cych szlachetnych w\u0119dlin i ser\u00f3w.<\/p>\n<p>Terroir: winnica po\u0142o\u017cona jest w po\u0142owie na pasach \u015bwie\u017cego \u017cwiru, a w po\u0142owie na piasku. Charakter lekkich i ciep\u0142ych gleb oraz blisko\u015b\u0107 rzeki tworz\u0105 sprzyjaj\u0105cy mikroklimat dla winoro\u015bli, a zbiory s\u0105 tam bardzo wczesne, jak w Pomerolu.<\/p>\n<p>Otrzymane wina s\u0105 og\u00f3lnie gi\u0119tkie i eleganckie i mo\u017cna je spo\u017cywa\u0107 od pierwszych lat, nawet je\u015bli s\u0105 to wina, kt\u00f3re mo\u017cna przechowywa\u0107 przez ponad 10 lat.<\/p>\n<p>Winnica: o powierzchni ok. 5,90 ha, w 90% sk\u0142ada si\u0119 z Merlot i 10% Cabernet Franc.<\/p>\n<p>Le\u017cakowanie: 18 miesi\u0119cy w nowych beczkach i 1 do 2miesiecy w beczkach u\u017cywanych.<\/p>\n<p>\u00a0<\/p>\n<p>\u00a0<\/p>\n","protected":false},"excerpt":{"rendered":"<p><span style=\"font-size: 12px; font-family: Lato;\">\u00a0<\/span><span style=\"color: #ff0000; font-size: 16px; font-family: arial, helvetica, sans-serif;\">UWAGA!!! NIE WYSY\u0141AMY ALKOHOLU KURIEREM W PRZYPADKU ZAM\u00d3WIE\u0143 OD OS\u00d3B PRYWATNYCH, TYLKO ODBI\u00d3R OSOBISTY NA UL. \u015aW. STANIS\u0141AWA 12 W WARSZAWIE!!! W przypadku op\u0142acenia zam\u00f3wienia alkoholu z wysy\u0142k\u0105, przy zwrocie pieni\u0119dzy zostanie potr\u0105cona prowizja dotpay!<\/span><\/p>\n<p>Wino pot\u0119\u017cne a zarazem aksamitne na podniebieniu z presti\u017cowej apelacji ST EMILION GRAND CRU. Wszystkie wina wyprodukowane i rozlane w butelki w winnicy . Butikowa produkcja tylko 25tys butelek rocznie.<\/p>\n<p>Wino idealnie komponuje si\u0119 do pol\u0119dwicy wo\u0142owej, kaczki, dojrzewaj\u0105cych szlachetnych w\u0119dlin i ser\u00f3w.<\/p>\n<p>Terroir: winnica po\u0142o\u017cona jest w po\u0142owie na pasach \u015bwie\u017cego \u017cwiru, a w po\u0142owie na piasku. Charakter lekkich i ciep\u0142ych gleb oraz blisko\u015b\u0107 rzeki tworz\u0105 sprzyjaj\u0105cy mikroklimat dla winoro\u015bli, a zbiory s\u0105 tam bardzo wczesne, jak w Pomerolu.<\/p>\n<p>Otrzymane wina s\u0105 og\u00f3lnie gi\u0119tkie i eleganckie i mo\u017cna je spo\u017cywa\u0107 od pierwszych lat, nawet je\u015bli s\u0105 to wina, kt\u00f3re mo\u017cna przechowywa\u0107 przez ponad 10 lat.<\/p>\n<p>Winnica: o powierzchni ok. 5,90 ha, w 90% sk\u0142ada si\u0119 z Merlot i 10% Cabernet Franc.<\/p>\n<p>Le\u017cakowanie: 18 miesi\u0119cy w nowych beczkach i 1 do 2miesiecy w beczkach u\u017cywanych.<\/p>\n","protected":false},"featured_media":17163,"comment_status":"open","ping_status":"closed","template":"","meta":[],"product_cat":[83,85,80],"product_tag":[],"class_list":{"0":"post-17164","1":"product","2":"type-product","3":"status-publish","4":"has-post-thumbnail","6":"product_cat-francja","7":"product_cat-francja-bordeaux","8":"product_cat-wina-swiata","10":"first","11":"instock","12":"shipping-taxable","13":"purchasable","14":"product-type-simple"},"_links":{"self":[{"href":"http:\/\/delikatesy.wineport.pl\/index.php?rest_route=\/wp\/v2\/product\/17164","targetHints":{"allow":["GET"]}}],"collection":[{"href":"http:\/\/delikatesy.wineport.pl\/index.php?rest_route=\/wp\/v2\/product"}],"about":[{"href":"http:\/\/delikatesy.wineport.pl\/index.php?rest_route=\/wp\/v2\/types\/product"}],"replies":[{"embeddable":true,"href":"http:\/\/delikatesy.wineport.pl\/index.php?rest_route=%2Fwp%2Fv2%2Fcomments&post=17164"}],"wp:featuredmedia":[{"embeddable":true,"href":"http:\/\/delikatesy.wineport.pl\/index.php?rest_route=\/wp\/v2\/media\/17163"}],"wp:attachment":[{"href":"http:\/\/delikatesy.wineport.pl\/index.php?rest_route=%2Fwp%2Fv2%2Fmedia&parent=17164"}],"wp:term":[{"taxonomy":"product_cat","embeddable":true,"href":"http:\/\/delikatesy.wineport.pl\/index.php?rest_route=%2Fwp%2Fv2%2Fproduct_cat&post=17164"},{"taxonomy":"product_tag","embeddable":true,"href":"http:\/\/delikatesy.wineport.pl\/index.php?rest_route=%2Fwp%2Fv2%2Fproduct_tag&post=17164"}],"curies":[{"name":"wp","href":"https:\/\/api.w.org\/{rel}","templated":true}]}}