{"id":17168,"date":"2024-03-14T14:25:16","date_gmt":"2024-03-14T13:25:16","guid":{"rendered":"http:\/\/delikatesy.wineport.pl\/?product=chateau-le-gravillot-lalande-de-pomerol-aoc-brunot-estate-botled"},"modified":"2026-05-10T19:59:06","modified_gmt":"2026-05-10T17:59:06","slug":"chateau-le-gravillot-lalande-de-pomerol-aoc-brunot-estate-botled","status":"publish","type":"product","link":"http:\/\/delikatesy.wineport.pl\/?product=chateau-le-gravillot-lalande-de-pomerol-aoc-brunot-estate-botled","title":{"rendered":"Ch\u00e2teau Le Gravillot Lalande de Pomerol AOC BRUNOT ESTATE BOTLED"},"content":{"rendered":"<p style=\"color: #111111; font-size: 12px; font-family: &quot;;\">UWAGA!!! NIE WYSY\u0141AMY ALKOHOLU KURIEREM W PRZYPADKU ZAM\u00d3WIE\u0143 OD OS\u00d3B PRYWATNYCH, TYLKO ODBI\u00d3R OSOBISTY NA UL. \u015aW. STANIS\u0141AWA 12 W WARSZAWIE!!! W przypadku op\u0142acenia zam\u00f3wienia alkoholu z wysy\u0142k\u0105, przy zwrocie pieni\u0119dzy zostanie potr\u0105cona prowizja DOTPAY!<\/p>\n<p style=\"color: #111111; font-size: 12px; font-family: &quot;;\">Wino posiada ciemny kolor, rubinowy. Bardzo wyrazisty nos, mocny i bogaty bukiet. Z czerwonymi jagodami, aromatami wanilii, tost\u00f3w, przypraw, kandyzowanych owoc\u00f3w i suszonych \u015bliwek. Po odpowiedniej dekantacji wino jest aksamitne i delikatne i bardzo przyst\u0119pne dla ka\u017cdego, pocz\u0105wszy od konesera winiarskiego sko\u0144czywszy na laiku.<\/p>\n<p style=\"color: #111111; font-size: 12px; font-family: &quot;;\">Wino idealnie komponuje si\u0119 ze szlachetn\u0105 wo\u0142owin\u0105, kaczk\u0105 i niebieskimi serami ale r\u00f3wnie\u017c z daniami z makaronem.<\/p>\n<p style=\"color: #111111; font-size: 12px; font-family: &quot;;\">Po\u0142o\u017cenie geograficzne i terroir: w pobli\u017cu zbiegu wyspy i Dordogne, i chronione od po\u0142udniowego zachodu kopcem Fronsac, Lalande de Pomerol znajduje si\u0119 pod wp\u0142ywem Oceanu Atlantyckiego po\u0142o\u017conego mniej ni\u017c 100 km na zach\u00f3d. W ten spos\u00f3b korzysta ze s\u0142onecznego klimatu z gor\u0105cymi, suchymi latami i \u0142agodnymi, bardziej wilgotnymi zimami, co bardzo sprzyja uprawie winoro\u015bli.<br \/>Winnica znajduje si\u0119 na wsch\u00f3d od Libourne, w miejscowo\u015bci N\u00e9ac, w przed\u0142u\u017ceniu presti\u017cowego Pomerol crus.<br \/>Gleba o \u017cwirowej strukturze zapewnia wczesne dojrzewanie winogron i daje pe\u0142ne wino o bardzo wyrazistych aromatach czerwonych owoc\u00f3w.<br \/>Winnica: najwi\u0119ksz\u0105 uwag\u0119 przyk\u0142ada si\u0119 do winnicy, dbaj\u0105c o usuwanie li\u015bci i &#8220;zielone zbiory&#8221; w celu uzyskania bardzo zdrowych winogron, a co za tym idzie, wspania\u0142ego wina.<\/p>\n<p style=\"color: #111111; font-size: 12px; font-family: &quot;;\">Powierzchnia: o powierzchni oko\u0142o 1,10 ha.<\/p>\n<p style=\"color: #111111; font-size: 12px; font-family: &quot;;\">Winifikacja: Panowie BRUNOT et Fils, enolodzy, przyk\u0142adaj\u0105 szczeg\u00f3ln\u0105 wag\u0119 do winifikacji, w szczeg\u00f3lno\u015bci poprzez kontrol\u0119 temperatury fermentacji.<br \/>Starzenie: oko\u0142o 15 miesi\u0119cy w nowych beczkach d\u0119bowych<\/p>\n<p style=\"color: #111111; font-size: 12px; font-family: &quot;;\">Wino produkowane jest w 100% Merlot kt\u00f3ry daje kr\u0105g\u0142o\u015b\u0107 i finezj\u0119, a zarazem szerok\u0105 palet\u0119 aromatyczn\u0105,<br \/>Produkcja tylko oko\u0142o 7000 butelek rocznie<\/p>\n","protected":false},"excerpt":{"rendered":"<p style=\"color: #111111; font-size: 12px; font-family: &quot;;\">UWAGA!!! NIE WYSY\u0141AMY ALKOHOLU KURIEREM W PRZYPADKU ZAM\u00d3WIE\u0143 OD OS\u00d3B PRYWATNYCH, TYLKO ODBI\u00d3R OSOBISTY NA UL. \u015aW. STANIS\u0141AWA 12 W WARSZAWIE!!! W przypadku op\u0142acenia zam\u00f3wienia alkoholu z wysy\u0142k\u0105, przy zwrocie pieni\u0119dzy zostanie potr\u0105cona prowizja DOTPAY!<\/p>\n<p style=\"color: #111111; font-size: 12px; font-family: &quot;;\">Wino posiada ciemny kolor, rubinowy. Bardzo wyrazisty nos, mocny i bogaty bukiet. Z czerwonymi jagodami, aromatami wanilii, tost\u00f3w, przypraw, kandyzowanych owoc\u00f3w i suszonych \u015bliwek. Po odpowiedniej dekantacji wino jest aksamitne i delikatne i bardzo przyst\u0119pne dla ka\u017cdego, pocz\u0105wszy od konesera winiarskiego sko\u0144czywszy na laiku.<\/p>\n<p style=\"color: #111111; font-size: 12px; font-family: &quot;;\">Wino idealnie komponuje si\u0119 ze szlachetn\u0105 wo\u0142owin\u0105, kaczk\u0105 i niebieskimi serami ale r\u00f3wnie\u017c z daniami z makaronem.<\/p>\n<p style=\"color: #111111; font-size: 12px; font-family: &quot;;\">Po\u0142o\u017cenie geograficzne i terroir: w pobli\u017cu zbiegu wyspy i Dordogne, i chronione od po\u0142udniowego zachodu kopcem Fronsac, Lalande de Pomerol znajduje si\u0119 pod wp\u0142ywem Oceanu Atlantyckiego po\u0142o\u017conego mniej ni\u017c 100 km na zach\u00f3d. W ten spos\u00f3b korzysta ze s\u0142onecznego klimatu z gor\u0105cymi, suchymi latami i \u0142agodnymi, bardziej wilgotnymi zimami, co bardzo sprzyja uprawie winoro\u015bli.<br \/>Winnica znajduje si\u0119 na wsch\u00f3d od Libourne, w miejscowo\u015bci N\u00e9ac, w przed\u0142u\u017ceniu presti\u017cowego Pomerol crus.<br \/>Gleba o \u017cwirowej strukturze zapewnia wczesne dojrzewanie winogron i daje pe\u0142ne wino o bardzo wyrazistych aromatach czerwonych owoc\u00f3w.<br \/>Winnica: najwi\u0119ksz\u0105 uwag\u0119 przyk\u0142ada si\u0119 do winnicy, dbaj\u0105c o usuwanie li\u015bci i &#8220;zielone zbiory&#8221; w celu uzyskania bardzo zdrowych winogron, a co za tym idzie, wspania\u0142ego wina.<\/p>\n<p style=\"color: #111111; font-size: 12px; font-family: &quot;;\">Powierzchnia: o powierzchni oko\u0142o 1,10 ha.<\/p>\n<p style=\"color: #111111; font-size: 12px; font-family: &quot;;\">Winifikacja: Panowie BRUNOT et Fils, enolodzy, przyk\u0142adaj\u0105 szczeg\u00f3ln\u0105 wag\u0119 do winifikacji, w szczeg\u00f3lno\u015bci poprzez kontrol\u0119 temperatury fermentacji.<br \/>Starzenie: oko\u0142o 15 miesi\u0119cy w nowych beczkach d\u0119bowych<\/p>\n<p style=\"color: #111111; font-size: 12px; font-family: &quot;;\">Wino produkowane jest w 100% Merlot kt\u00f3ry daje kr\u0105g\u0142o\u015b\u0107 i finezj\u0119, a zarazem szerok\u0105 palet\u0119 aromatyczn\u0105,<br \/>Produkcja tylko oko\u0142o 7000 butelek rocznie<\/p>\n","protected":false},"featured_media":17167,"comment_status":"open","ping_status":"closed","template":"","meta":[],"product_cat":[83,85,80],"product_tag":[],"class_list":{"0":"post-17168","1":"product","2":"type-product","3":"status-publish","4":"has-post-thumbnail","6":"product_cat-francja","7":"product_cat-francja-bordeaux","8":"product_cat-wina-swiata","10":"first","11":"instock","12":"shipping-taxable","13":"purchasable","14":"product-type-simple"},"_links":{"self":[{"href":"http:\/\/delikatesy.wineport.pl\/index.php?rest_route=\/wp\/v2\/product\/17168","targetHints":{"allow":["GET"]}}],"collection":[{"href":"http:\/\/delikatesy.wineport.pl\/index.php?rest_route=\/wp\/v2\/product"}],"about":[{"href":"http:\/\/delikatesy.wineport.pl\/index.php?rest_route=\/wp\/v2\/types\/product"}],"replies":[{"embeddable":true,"href":"http:\/\/delikatesy.wineport.pl\/index.php?rest_route=%2Fwp%2Fv2%2Fcomments&post=17168"}],"wp:featuredmedia":[{"embeddable":true,"href":"http:\/\/delikatesy.wineport.pl\/index.php?rest_route=\/wp\/v2\/media\/17167"}],"wp:attachment":[{"href":"http:\/\/delikatesy.wineport.pl\/index.php?rest_route=%2Fwp%2Fv2%2Fmedia&parent=17168"}],"wp:term":[{"taxonomy":"product_cat","embeddable":true,"href":"http:\/\/delikatesy.wineport.pl\/index.php?rest_route=%2Fwp%2Fv2%2Fproduct_cat&post=17168"},{"taxonomy":"product_tag","embeddable":true,"href":"http:\/\/delikatesy.wineport.pl\/index.php?rest_route=%2Fwp%2Fv2%2Fproduct_tag&post=17168"}],"curies":[{"name":"wp","href":"https:\/\/api.w.org\/{rel}","templated":true}]}}