{"id":17194,"date":"2024-03-14T14:26:35","date_gmt":"2024-03-14T13:26:35","guid":{"rendered":"http:\/\/delikatesy.wineport.pl\/?product=kawa-coffeeport-crema-speciale-90-arabica-10-robusta-250g-ziarna"},"modified":"2026-05-10T19:59:08","modified_gmt":"2026-05-10T17:59:08","slug":"kawa-coffeeport-crema-speciale-90-arabica-10-robusta-250g-ziarna","status":"publish","type":"product","link":"http:\/\/delikatesy.wineport.pl\/?product=kawa-coffeeport-crema-speciale-90-arabica-10-robusta-250g-ziarna","title":{"rendered":"KAWA COFFEEPORT Crema Speciale 90% Arabica 10% Robusta 250g Ziarna"},"content":{"rendered":"<p>Mieszanka arabik z Kolumbii, Hondurasu, Brazylii i odrobiny indyjskiej robusty. Kremowa, esencjonalna kawa o ciekawej z\u0142o\u017cono\u015bci opartej na kontra\u015bcie akcent\u00f3w owocowych i wytrawnych, \u015brednio ciemno palona. Kawa dedykowana do expres\u00f3w ci\u015bnieniowych. Wyczuwalne nuty smakowe: czere\u015bnie, rum, ciemna czekolada<\/p>\n","protected":false},"excerpt":{"rendered":"<p>Mieszanka arabik z Kolumbii, Hondurasu, Brazylii i odrobiny indyjskiej robusty. Kremowa, esencjonalna kawa o ciekawej z\u0142o\u017cono\u015bci opartej na kontra\u015bcie akcent\u00f3w owocowych i wytrawnych, \u015brednio ciemno palona. Kawa dedykowana do expres\u00f3w ci\u015bnieniowych. Wyczuwalne nuty smakowe: czere\u015bnie, rum, ciemna czekolada<\/p>\n","protected":false},"featured_media":17193,"comment_status":"open","ping_status":"closed","template":"","meta":[],"product_cat":[216],"product_tag":[],"class_list":{"0":"post-17194","1":"product","2":"type-product","3":"status-publish","4":"has-post-thumbnail","6":"product_cat-kawa-swiezo-palona","8":"first","9":"instock","10":"shipping-taxable","11":"purchasable","12":"product-type-simple"},"_links":{"self":[{"href":"http:\/\/delikatesy.wineport.pl\/index.php?rest_route=\/wp\/v2\/product\/17194","targetHints":{"allow":["GET"]}}],"collection":[{"href":"http:\/\/delikatesy.wineport.pl\/index.php?rest_route=\/wp\/v2\/product"}],"about":[{"href":"http:\/\/delikatesy.wineport.pl\/index.php?rest_route=\/wp\/v2\/types\/product"}],"replies":[{"embeddable":true,"href":"http:\/\/delikatesy.wineport.pl\/index.php?rest_route=%2Fwp%2Fv2%2Fcomments&post=17194"}],"wp:featuredmedia":[{"embeddable":true,"href":"http:\/\/delikatesy.wineport.pl\/index.php?rest_route=\/wp\/v2\/media\/17193"}],"wp:attachment":[{"href":"http:\/\/delikatesy.wineport.pl\/index.php?rest_route=%2Fwp%2Fv2%2Fmedia&parent=17194"}],"wp:term":[{"taxonomy":"product_cat","embeddable":true,"href":"http:\/\/delikatesy.wineport.pl\/index.php?rest_route=%2Fwp%2Fv2%2Fproduct_cat&post=17194"},{"taxonomy":"product_tag","embeddable":true,"href":"http:\/\/delikatesy.wineport.pl\/index.php?rest_route=%2Fwp%2Fv2%2Fproduct_tag&post=17194"}],"curies":[{"name":"wp","href":"https:\/\/api.w.org\/{rel}","templated":true}]}}